{"id":922,"date":"2022-07-08T11:39:56","date_gmt":"2022-07-08T09:39:56","guid":{"rendered":"https:\/\/pbatitude.com\/?page_id=922"},"modified":"2025-03-05T15:36:49","modified_gmt":"2025-03-05T14:36:49","slug":"plan-du-site","status":"publish","type":"page","link":"https:\/\/pbatitude.com\/index.php\/plan-du-site\/","title":{"rendered":"Plan du site"},"content":{"rendered":"\n<p>Voici le plan du site PBAtitude. Il vous permet de visualiser d&rsquo;un seul coup d&rsquo;\u0153il le contenu de ce site. Vous pouvez acc\u00e9der directement \u00e0 la page qui vous int\u00e9resse en  cliquant dessus. Bonne navigation !<\/p>\n\n\n\n<div class=\"wsp-container\"><h2 class=\"wsp-pages-title\">Pages<\/h2>\n<ul class=\"wsp-pages-list\">\n<li class=\"page_item page-item-62 page_item_has_children\"><a href=\"https:\/\/pbatitude.com\/\">ACCUEIL<\/a>\n<ul class='children'>\n\t<li class=\"page_item page-item-66 page_item_has_children\"><a href=\"https:\/\/pbatitude.com\/index.php\/accueil\/la-pba\/\">QU&rsquo;EST-CE QUE LA PBA ?<\/a>\n\t<ul class='children'>\n\t\t<li class=\"page_item page-item-847\"><a href=\"https:\/\/pbatitude.com\/index.php\/accueil\/la-pba\/definition-pba\/\">D\u00e9finition de la Psycho-Bio-Acupressure ou PBA<\/a><\/li>\n\t\t<li class=\"page_item page-item-117\"><a href=\"https:\/\/pbatitude.com\/index.php\/accueil\/la-pba\/seances-pba\/\">S\u00e9ance en Psycho-Bio-Acupressure<\/a><\/li>\n\t\t<li class=\"page_item page-item-854\"><a href=\"https:\/\/pbatitude.com\/index.php\/accueil\/la-pba\/institut-delatte-pba\/\">Institut Delatte de Psycho-Bio-Acupressure<\/a><\/li>\n\t<\/ul>\n<\/li>\n\t<li class=\"page_item page-item-787 page_item_has_children\"><a href=\"https:\/\/pbatitude.com\/index.php\/accueil\/pba-pour-qui\/\">A QUI S&rsquo;ADRESSE LA PBA ?<\/a>\n\t<ul class='children'>\n\t\t<li class=\"page_item page-item-746 page_item_has_children\"><a href=\"https:\/\/pbatitude.com\/index.php\/accueil\/pba-pour-qui\/pba-pour-adultes\/\">PBA POUR LES ADULTES<\/a>\n\t\t<ul class='children'>\n\t\t\t<li class=\"page_item page-item-724\"><a href=\"https:\/\/pbatitude.com\/index.php\/accueil\/pba-pour-qui\/pba-pour-adultes\/pba-debarrasser-blocages-emotionnels\/\">PBA pour se d\u00e9barrasser des blocages \u00e9motionnels<\/a><\/li>\n\t\t\t<li class=\"page_item page-item-728\"><a href=\"https:\/\/pbatitude.com\/index.php\/accueil\/pba-pour-qui\/pba-pour-adultes\/pba-gestion-stress\/\">PBA et gestion du stress<\/a><\/li>\n\t\t\t<li class=\"page_item page-item-731\"><a href=\"https:\/\/pbatitude.com\/index.php\/accueil\/pba-pour-qui\/pba-pour-adultes\/rester-bonnes-energies-vacances-travail\/\">Comment rester sur de bonnes \u00e9nergies en vacances, au travail ?<\/a><\/li>\n\t\t\t<li class=\"page_item page-item-737\"><a href=\"https:\/\/pbatitude.com\/index.php\/accueil\/pba-pour-qui\/pba-pour-adultes\/pba-jalousie-couple\/\">PBA et jalousie dans le couple<\/a><\/li>\n\t\t\t<li class=\"page_item page-item-740\"><a href=\"https:\/\/pbatitude.com\/index.php\/accueil\/pba-pour-qui\/pba-pour-adultes\/pba-cystites\/\">PBA et cystites<\/a><\/li>\n\t\t\t<li class=\"page_item page-item-743\"><a href=\"https:\/\/pbatitude.com\/index.php\/accueil\/pba-pour-qui\/pba-pour-adultes\/pba-menopause\/\">PBA et m\u00e9nopause<\/a><\/li>\n\t\t\t<li class=\"page_item page-item-1054\"><a href=\"https:\/\/pbatitude.com\/index.php\/accueil\/pba-pour-qui\/pba-pour-adultes\/eco-anxiete\/\">PBA et \u00e9co-anxi\u00e9t\u00e9<\/a><\/li>\n\t\t<\/ul>\n<\/li>\n\t\t<li class=\"page_item page-item-767 page_item_has_children\"><a href=\"https:\/\/pbatitude.com\/index.php\/accueil\/pba-pour-qui\/pba-adolescents\/\">PBA POUR LES ADOLESCENTS<\/a>\n\t\t<ul class='children'>\n\t\t\t<li class=\"page_item page-item-756\"><a href=\"https:\/\/pbatitude.com\/index.php\/accueil\/pba-pour-qui\/pba-adolescents\/pba-hyperemotivite\/\">PBA et Hyper\u00e9motivit\u00e9<\/a><\/li>\n\t\t\t<li class=\"page_item page-item-759\"><a href=\"https:\/\/pbatitude.com\/index.php\/accueil\/pba-pour-qui\/pba-adolescents\/pba-pression-examens\/\">PBA et pression li\u00e9e aux examens<\/a><\/li>\n\t\t\t<li class=\"page_item page-item-762\"><a href=\"https:\/\/pbatitude.com\/index.php\/accueil\/pba-pour-qui\/pba-adolescents\/pba-crise-adolescence\/\">PBA et crise d&rsquo;adolescence<\/a><\/li>\n\t\t<\/ul>\n<\/li>\n\t\t<li class=\"page_item page-item-781 page_item_has_children\"><a href=\"https:\/\/pbatitude.com\/index.php\/accueil\/pba-pour-qui\/pba-enfants\/\">PBA POUR LES ENFANTS<\/a>\n\t\t<ul class='children'>\n\t\t\t<li class=\"page_item page-item-773\"><a href=\"https:\/\/pbatitude.com\/index.php\/accueil\/pba-pour-qui\/pba-enfants\/pba-terreur-nocturne-enfant\/\">PBA et terreur nocturne chez l&rsquo;enfant<\/a><\/li>\n\t\t\t<li class=\"page_item page-item-776\"><a href=\"https:\/\/pbatitude.com\/index.php\/accueil\/pba-pour-qui\/pba-enfants\/pba-colere-enfant\/\">PBA et col\u00e8re chez l&rsquo;enfant<\/a><\/li>\n\t\t<\/ul>\n<\/li>\n\t\t<li class=\"page_item page-item-784\"><a href=\"https:\/\/pbatitude.com\/index.php\/accueil\/pba-pour-qui\/pba-bebes\/\">PBA pour les b\u00e9b\u00e9s<\/a><\/li>\n\t<\/ul>\n<\/li>\n\t<li class=\"page_item page-item-687 page_item_has_children\"><a href=\"https:\/\/pbatitude.com\/index.php\/accueil\/etudes-cas-psycho-bio-acupressure\/\">ETUDES DE CAS EN PSYCHO-BIO-ACUPRESSURE<\/a>\n\t<ul class='children'>\n\t\t<li class=\"page_item page-item-383\"><a href=\"https:\/\/pbatitude.com\/index.php\/accueil\/etudes-cas-psycho-bio-acupressure\/avis-psycho-bio-acupressure\/\">Avis sur la Psycho-Bio-Acupressure<\/a><\/li>\n\t\t<li class=\"page_item page-item-633 page_item_has_children\"><a href=\"https:\/\/pbatitude.com\/index.php\/accueil\/etudes-cas-psycho-bio-acupressure\/livres-psycho-bio-acupressure\/\">LIVRES SUR LA PSYCHO-BIO-ACUPRESSURE<\/a>\n\t\t<ul class='children'>\n\t\t\t<li class=\"page_item page-item-396\"><a href=\"https:\/\/pbatitude.com\/index.php\/accueil\/etudes-cas-psycho-bio-acupressure\/livres-psycho-bio-acupressure\/exemple-karine-problemes-enuresie\/\">L&rsquo;exemple de Karine 9 ans et demi qui a des probl\u00e8mes d&rsquo;\u00e9nur\u00e9sie<\/a><\/li>\n\t\t\t<li class=\"page_item page-item-405\"><a href=\"https:\/\/pbatitude.com\/index.php\/accueil\/etudes-cas-psycho-bio-acupressure\/livres-psycho-bio-acupressure\/cas-julie-qui-ne-dort-pas\/\">Le cas tr\u00e8s courant de Julie 8 mois qui ne dort pas<\/a><\/li>\n\t\t\t<li class=\"page_item page-item-409\"><a href=\"https:\/\/pbatitude.com\/index.php\/accueil\/etudes-cas-psycho-bio-acupressure\/livres-psycho-bio-acupressure\/cas-jona-qui-frappe-crache\/\">Le cas de Jona 8 ans qui frappe et crache<\/a><\/li>\n\t\t\t<li class=\"page_item page-item-416\"><a href=\"https:\/\/pbatitude.com\/index.php\/accueil\/etudes-cas-psycho-bio-acupressure\/livres-psycho-bio-acupressure\/exemple-adolescent-depression\/\">L&rsquo;exemple d&rsquo;un adolescent souffrant de d\u00e9pression<\/a><\/li>\n\t\t\t<li class=\"page_item page-item-607\"><a href=\"https:\/\/pbatitude.com\/index.php\/accueil\/etudes-cas-psycho-bio-acupressure\/livres-psycho-bio-acupressure\/cas-virginie-avoir-permis-conduire\/\">Le cas de Virginie qui n&rsquo;arrive pas \u00e0 avoir son permis de conduire<\/a><\/li>\n\t\t<\/ul>\n<\/li>\n\t\t<li class=\"page_item page-item-668 page_item_has_children\"><a href=\"https:\/\/pbatitude.com\/index.php\/accueil\/etudes-cas-psycho-bio-acupressure\/exemples-pba-claire-droin\/\">EXEMPLES PBA CLAIRE DROIN<\/a>\n\t\t<ul class='children'>\n\t\t\t<li class=\"page_item page-item-637\"><a href=\"https:\/\/pbatitude.com\/index.php\/accueil\/etudes-cas-psycho-bio-acupressure\/exemples-pba-claire-droin\/cas-rejane-burn-out\/\">Le cas de R\u00e9jane, en plein burn-out<\/a><\/li>\n\t\t\t<li class=\"page_item page-item-640\"><a href=\"https:\/\/pbatitude.com\/index.php\/accueil\/etudes-cas-psycho-bio-acupressure\/exemples-pba-claire-droin\/exemple-valerie-fils-colere\/\">L&rsquo;exemple de Val\u00e9rie et de son fils pleins de col\u00e8re<\/a><\/li>\n\t\t\t<li class=\"page_item page-item-646\"><a href=\"https:\/\/pbatitude.com\/index.php\/accueil\/etudes-cas-psycho-bio-acupressure\/exemples-pba-claire-droin\/cas-celine-surpoids\/\">Le cas de C\u00e9line qui se plaint de surpoids<\/a><\/li>\n\t\t\t<li class=\"page_item page-item-650\"><a href=\"https:\/\/pbatitude.com\/index.php\/accueil\/etudes-cas-psycho-bio-acupressure\/exemples-pba-claire-droin\/tristesse-noelie-vit-mal-separation-parents\/\">La tristesse de No\u00eblie qui vit mal la s\u00e9paration de ses parents<\/a><\/li>\n\t\t<\/ul>\n<\/li>\n\t\t<li class=\"page_item page-item-682 page_item_has_children\"><a href=\"https:\/\/pbatitude.com\/index.php\/accueil\/etudes-cas-psycho-bio-acupressure\/temoignages-consultants-psycho-bio-acupressure\/\">TEMOIGNAGES CONSULTANTS EN PSYCHO-BIO-ACUPRESSURE<\/a>\n\t\t<ul class='children'>\n\t\t\t<li class=\"page_item page-item-674\"><a href=\"https:\/\/pbatitude.com\/index.php\/accueil\/etudes-cas-psycho-bio-acupressure\/temoignages-consultants-psycho-bio-acupressure\/temoignages-clients-pbatitude\/\">T\u00e9moignages de clients de PBAtitude<\/a><\/li>\n\t\t\t<li class=\"page_item page-item-677\"><a href=\"https:\/\/pbatitude.com\/index.php\/accueil\/etudes-cas-psycho-bio-acupressure\/temoignages-consultants-psycho-bio-acupressure\/autres-temoignages-pba\/\">Autres t\u00e9moignages sur la PBA<\/a><\/li>\n\t\t<\/ul>\n<\/li>\n\t<\/ul>\n<\/li>\n\t<li class=\"page_item page-item-998\"><a href=\"https:\/\/pbatitude.com\/index.php\/accueil\/ateliers\/\">ATELIERS &amp; SEMINAIRES<\/a><\/li>\n\t<li class=\"page_item page-item-70 page_item_has_children\"><a href=\"https:\/\/pbatitude.com\/index.php\/accueil\/claire-droin\/\">QUI EST CLAIRE DROIN ?<\/a>\n\t<ul class='children'>\n\t\t<li class=\"page_item page-item-430\"><a href=\"https:\/\/pbatitude.com\/index.php\/accueil\/claire-droin\/autoportrait-de-claire-droin\/\">Autoportrait de Claire Droin<\/a><\/li>\n\t\t<li class=\"page_item page-item-435\"><a href=\"https:\/\/pbatitude.com\/index.php\/accueil\/claire-droin\/claire-droin-praticienne-agreee\/\">Claire Droin Praticienne agr\u00e9\u00e9e<\/a><\/li>\n\t\t<li class=\"page_item page-item-444\"><a href=\"https:\/\/pbatitude.com\/index.php\/accueil\/claire-droin\/claire-droin-accompagne-par-les-reves\/\">Claire Droin accompagne par les r\u00eaves<\/a><\/li>\n\t<\/ul>\n<\/li>\n\t<li class=\"page_item page-item-110 page_item_has_children\"><a href=\"https:\/\/pbatitude.com\/index.php\/accueil\/cabinet-pbatitude\/\">CABINET PBATITUDE<\/a>\n\t<ul class='children'>\n\t\t<li class=\"page_item page-item-497\"><a href=\"https:\/\/pbatitude.com\/index.php\/accueil\/cabinet-pbatitude\/comment-se-rendre-cabinet-pbatitude\/\">Comment se rendre au cabinet PBAtitude ?<\/a><\/li>\n\t\t<li class=\"page_item page-item-506\"><a href=\"https:\/\/pbatitude.com\/index.php\/accueil\/cabinet-pbatitude\/comment-prendre-rendez-vous-pbatitude\/\">Comment prendre rendez-vous \u00e0 PBAtitude ?<\/a><\/li>\n\t\t<li class=\"page_item page-item-509\"><a href=\"https:\/\/pbatitude.com\/index.php\/accueil\/cabinet-pbatitude\/regler-consultation-cb-cheque-especes\/\">R\u00e9gler la consultation par CB, ch\u00e8que, esp\u00e8ces ou  virement.<\/a><\/li>\n\t<\/ul>\n<\/li>\n\t<li class=\"page_item page-item-568 page_item_has_children\"><a href=\"https:\/\/pbatitude.com\/index.php\/accueil\/faq-pba-et-claire-droin\/\">QUESTIONS FREQUENTES SUR LA PBA ET CLAIRE DROIN<\/a>\n\t<ul class='children'>\n\t\t<li class=\"page_item page-item-542\"><a href=\"https:\/\/pbatitude.com\/index.php\/accueil\/faq-pba-et-claire-droin\/tarifs-seance-psycho-bio-acupressure\/\">Quels sont les tarifs pour une s\u00e9ance de Psycho-Bio-Acupressure ?<\/a><\/li>\n\t\t<li class=\"page_item page-item-545\"><a href=\"https:\/\/pbatitude.com\/index.php\/accueil\/faq-pba-et-claire-droin\/seances-pba-remboursees-securite-sociale\/\">Les s\u00e9ances de PBA sont-elles rembours\u00e9es par la S\u00e9curit\u00e9 Sociale ?<\/a><\/li>\n\t\t<li class=\"page_item page-item-548\"><a href=\"https:\/\/pbatitude.com\/index.php\/accueil\/faq-pba-et-claire-droin\/seances-pba-remboursees-mutuelles-sante\/\">Les s\u00e9ances de PBA sont-elles rembours\u00e9es par les mutuelles de sant\u00e9 ?<\/a><\/li>\n\t\t<li class=\"page_item page-item-551\"><a href=\"https:\/\/pbatitude.com\/index.php\/accueil\/faq-pba-et-claire-droin\/quels-resultats-pba\/\">A quels r\u00e9sultats peut-on s&rsquo;attendre avec la PBA ?<\/a><\/li>\n\t<\/ul>\n<\/li>\n<\/ul>\n<\/li>\n<li class=\"page_item page-item-227\"><a href=\"https:\/\/pbatitude.com\/index.php\/mentions-legales\/\">Mentions l\u00e9gales<\/a><\/li>\n<li class=\"page_item page-item-922\"><a href=\"https:\/\/pbatitude.com\/index.php\/plan-du-site\/\">Plan du site<\/a><\/li>\n<\/ul>\n<\/div>\n\n\n\n<p>Vous n&rsquo;avez pas trouv\u00e9 ce que vous cherchiez ? N&rsquo;h\u00e9sitez pas \u00e0 contacter Claire Droin. <\/p>\n","protected":false},"excerpt":{"rendered":"<p>Voici le plan du site PBAtitude. Il vous permet de visualiser d&rsquo;un seul coup d&rsquo;\u0153il le contenu de ce site. Vous pouvez acc\u00e9der directement \u00e0 la page qui vous int\u00e9resse en cliquant dessus. Bonne navigation ! Vous n&rsquo;avez pas trouv\u00e9 ce que vous cherchiez ? N&rsquo;h\u00e9sitez pas \u00e0 contacter Claire Droin.<\/p>\n","protected":false},"author":1,"featured_media":0,"parent":0,"menu_order":0,"comment_status":"closed","ping_status":"closed","template":"","meta":{"footnotes":""},"class_list":["post-922","page","type-page","status-publish","hentry","entry entry-center"],"yoast_head":"<!-- This site is optimized with the Yoast SEO plugin v27.4 - https:\/\/yoast.com\/product\/yoast-seo-wordpress\/ -->\n<title>Plan du site - PBAtitude<\/title>\n<meta name=\"robots\" content=\"index, follow, max-snippet:-1, max-image-preview:large, max-video-preview:-1\" \/>\n<link rel=\"canonical\" href=\"https:\/\/pbatitude.com\/index.php\/plan-du-site\/\" \/>\n<meta property=\"og:locale\" content=\"fr_FR\" \/>\n<meta property=\"og:type\" content=\"article\" \/>\n<meta property=\"og:title\" content=\"Plan du site - PBAtitude\" \/>\n<meta property=\"og:description\" content=\"Voici le plan du site PBAtitude. Il vous permet de visualiser d&rsquo;un seul coup d&rsquo;\u0153il le contenu de ce site. Vous pouvez acc\u00e9der directement \u00e0 la page qui vous int\u00e9resse en cliquant dessus. Bonne navigation ! Vous n&rsquo;avez pas trouv\u00e9 ce que vous cherchiez ? N&rsquo;h\u00e9sitez pas \u00e0 contacter Claire Droin.\" \/>\n<meta property=\"og:url\" content=\"https:\/\/pbatitude.com\/index.php\/plan-du-site\/\" \/>\n<meta property=\"og:site_name\" content=\"PBAtitude\" \/>\n<meta property=\"article:modified_time\" content=\"2025-03-05T14:36:49+00:00\" \/>\n<meta name=\"twitter:card\" content=\"summary_large_image\" \/>\n<meta name=\"twitter:label1\" content=\"Dur\u00e9e de lecture estim\u00e9e\" \/>\n\t<meta name=\"twitter:data1\" content=\"1 minute\" \/>\n<script type=\"application\/ld+json\" class=\"yoast-schema-graph\">{\"@context\":\"https:\\\/\\\/schema.org\",\"@graph\":[{\"@type\":[\"WebPage\",\"CollectionPage\"],\"@id\":\"https:\\\/\\\/pbatitude.com\\\/index.php\\\/plan-du-site\\\/\",\"url\":\"https:\\\/\\\/pbatitude.com\\\/index.php\\\/plan-du-site\\\/\",\"name\":\"Plan du site - PBAtitude\",\"isPartOf\":{\"@id\":\"https:\\\/\\\/pbatitude.com\\\/#website\"},\"datePublished\":\"2022-07-08T09:39:56+00:00\",\"dateModified\":\"2025-03-05T14:36:49+00:00\",\"breadcrumb\":{\"@id\":\"https:\\\/\\\/pbatitude.com\\\/index.php\\\/plan-du-site\\\/#breadcrumb\"},\"inLanguage\":\"fr-FR\"},{\"@type\":\"BreadcrumbList\",\"@id\":\"https:\\\/\\\/pbatitude.com\\\/index.php\\\/plan-du-site\\\/#breadcrumb\",\"itemListElement\":[{\"@type\":\"ListItem\",\"position\":1,\"name\":\"Accueil\",\"item\":\"https:\\\/\\\/pbatitude.com\\\/\"},{\"@type\":\"ListItem\",\"position\":2,\"name\":\"Plan du site\"}]},{\"@type\":\"WebSite\",\"@id\":\"https:\\\/\\\/pbatitude.com\\\/#website\",\"url\":\"https:\\\/\\\/pbatitude.com\\\/\",\"name\":\"PBAtitude\",\"description\":\"A la rencontre de votre nature profonde\",\"potentialAction\":[{\"@type\":\"SearchAction\",\"target\":{\"@type\":\"EntryPoint\",\"urlTemplate\":\"https:\\\/\\\/pbatitude.com\\\/?s={search_term_string}\"},\"query-input\":{\"@type\":\"PropertyValueSpecification\",\"valueRequired\":true,\"valueName\":\"search_term_string\"}}],\"inLanguage\":\"fr-FR\"}]}<\/script>\n<!-- \/ Yoast SEO plugin. -->","yoast_head_json":{"title":"Plan du site - PBAtitude","robots":{"index":"index","follow":"follow","max-snippet":"max-snippet:-1","max-image-preview":"max-image-preview:large","max-video-preview":"max-video-preview:-1"},"canonical":"https:\/\/pbatitude.com\/index.php\/plan-du-site\/","og_locale":"fr_FR","og_type":"article","og_title":"Plan du site - PBAtitude","og_description":"Voici le plan du site PBAtitude. Il vous permet de visualiser d&rsquo;un seul coup d&rsquo;\u0153il le contenu de ce site. Vous pouvez acc\u00e9der directement \u00e0 la page qui vous int\u00e9resse en cliquant dessus. Bonne navigation ! Vous n&rsquo;avez pas trouv\u00e9 ce que vous cherchiez ? N&rsquo;h\u00e9sitez pas \u00e0 contacter Claire Droin.","og_url":"https:\/\/pbatitude.com\/index.php\/plan-du-site\/","og_site_name":"PBAtitude","article_modified_time":"2025-03-05T14:36:49+00:00","twitter_card":"summary_large_image","twitter_misc":{"Dur\u00e9e de lecture estim\u00e9e":"1 minute"},"schema":{"@context":"https:\/\/schema.org","@graph":[{"@type":["WebPage","CollectionPage"],"@id":"https:\/\/pbatitude.com\/index.php\/plan-du-site\/","url":"https:\/\/pbatitude.com\/index.php\/plan-du-site\/","name":"Plan du site - PBAtitude","isPartOf":{"@id":"https:\/\/pbatitude.com\/#website"},"datePublished":"2022-07-08T09:39:56+00:00","dateModified":"2025-03-05T14:36:49+00:00","breadcrumb":{"@id":"https:\/\/pbatitude.com\/index.php\/plan-du-site\/#breadcrumb"},"inLanguage":"fr-FR"},{"@type":"BreadcrumbList","@id":"https:\/\/pbatitude.com\/index.php\/plan-du-site\/#breadcrumb","itemListElement":[{"@type":"ListItem","position":1,"name":"Accueil","item":"https:\/\/pbatitude.com\/"},{"@type":"ListItem","position":2,"name":"Plan du site"}]},{"@type":"WebSite","@id":"https:\/\/pbatitude.com\/#website","url":"https:\/\/pbatitude.com\/","name":"PBAtitude","description":"A la rencontre de votre nature profonde","potentialAction":[{"@type":"SearchAction","target":{"@type":"EntryPoint","urlTemplate":"https:\/\/pbatitude.com\/?s={search_term_string}"},"query-input":{"@type":"PropertyValueSpecification","valueRequired":true,"valueName":"search_term_string"}}],"inLanguage":"fr-FR"}]}},"_links":{"self":[{"href":"https:\/\/pbatitude.com\/index.php\/wp-json\/wp\/v2\/pages\/922","targetHints":{"allow":["GET"]}}],"collection":[{"href":"https:\/\/pbatitude.com\/index.php\/wp-json\/wp\/v2\/pages"}],"about":[{"href":"https:\/\/pbatitude.com\/index.php\/wp-json\/wp\/v2\/types\/page"}],"author":[{"embeddable":true,"href":"https:\/\/pbatitude.com\/index.php\/wp-json\/wp\/v2\/users\/1"}],"replies":[{"embeddable":true,"href":"https:\/\/pbatitude.com\/index.php\/wp-json\/wp\/v2\/comments?post=922"}],"version-history":[{"count":3,"href":"https:\/\/pbatitude.com\/index.php\/wp-json\/wp\/v2\/pages\/922\/revisions"}],"predecessor-version":[{"id":1361,"href":"https:\/\/pbatitude.com\/index.php\/wp-json\/wp\/v2\/pages\/922\/revisions\/1361"}],"wp:attachment":[{"href":"https:\/\/pbatitude.com\/index.php\/wp-json\/wp\/v2\/media?parent=922"}],"curies":[{"name":"wp","href":"https:\/\/api.w.org\/{rel}","templated":true}]}}