{"id":787,"date":"2022-04-28T15:37:54","date_gmt":"2022-04-28T13:37:54","guid":{"rendered":"https:\/\/pbatitude.com\/?page_id=787"},"modified":"2025-03-05T14:54:42","modified_gmt":"2025-03-05T13:54:42","slug":"pba-pour-qui","status":"publish","type":"page","link":"https:\/\/pbatitude.com\/index.php\/accueil\/pba-pour-qui\/","title":{"rendered":"A QUI S&rsquo;ADRESSE LA PBA ?"},"content":{"rendered":"\n<p>\u00c0 tout \u00e2ge, on peut \u00eatre sujet \u00e0 des troubles physiques, psychiques et \u00e9motionnels, sans que la m\u00e9decine traditionnelle soit \u00e0 m\u00eame de les r\u00e9soudre totalement. La PBA convient aux adultes, aux adolescents, aux enfants mais aussi aux b\u00e9b\u00e9s. Chaque \u00e2ge a ses probl\u00e9matiques que la PBA peut aider \u00e0 r\u00e9soudre. Des premiers regards sur la vie au questionnements sur sa fin, la PBA est un appui pr\u00e9cieux pour d\u00e9passer les moments difficiles.<\/p>\n\n\n\n<h2 class=\"wp-block-heading\">PBA pour les adultes<\/h2>\n\n\n\n<div class=\"wp-block-columns is-layout-flex wp-container-core-columns-is-layout-9d6595d7 wp-block-columns-is-layout-flex\">\n<div class=\"wp-block-column is-layout-flow wp-block-column-is-layout-flow\" style=\"flex-basis:33.33%\">\n<p>La femme, l&rsquo;homme, le couple sont confront\u00e9s dans leur vie d&rsquo;adulte \u00e0 des chocs \u00e9motionnels qui g\u00e9n\u00e8rent souvent de la souffrance, des peurs, des frustrations et les emp\u00eachent de sourire \u00e0 la vie. Quelques s\u00e9ances de PBA suffisent g\u00e9n\u00e9ralement pour retrouver s\u00e9r\u00e9nit\u00e9 et \u00eatre en accord avec soi-m\u00eame. <a href=\"https:\/\/pbatitude.com\/index.php\/accueil\/pba-pour-qui\/pba-pour-adultes\/\">Suite&#8230;.<\/a><\/p>\n<\/div>\n\n\n\n<div class=\"wp-block-column is-layout-flow wp-block-column-is-layout-flow\" style=\"flex-basis:66.66%\">\n<figure class=\"wp-block-image size-large\"><img loading=\"lazy\" decoding=\"async\" width=\"1024\" height=\"690\" src=\"https:\/\/pbatitude.com\/wp-content\/uploads\/2019\/11\/smile-2072908_1920-1024x690.jpg\" alt=\"PBA,  adulte, femme, couple\" class=\"wp-image-192\" srcset=\"https:\/\/pbatitude.com\/wp-content\/uploads\/2019\/11\/smile-2072908_1920-1024x690.jpg 1024w, https:\/\/pbatitude.com\/wp-content\/uploads\/2019\/11\/smile-2072908_1920-300x202.jpg 300w, https:\/\/pbatitude.com\/wp-content\/uploads\/2019\/11\/smile-2072908_1920-768x518.jpg 768w, https:\/\/pbatitude.com\/wp-content\/uploads\/2019\/11\/smile-2072908_1920-1600x1078.jpg 1600w, https:\/\/pbatitude.com\/wp-content\/uploads\/2019\/11\/smile-2072908_1920-780x526.jpg 780w, https:\/\/pbatitude.com\/wp-content\/uploads\/2019\/11\/smile-2072908_1920.jpg 1920w\" sizes=\"auto, (max-width: 1024px) 100vw, 1024px\" \/><\/figure>\n<\/div>\n<\/div>\n\n\n\n<h2 class=\"wp-block-heading\">PBA pour les adolescents<\/h2>\n\n\n\n<div class=\"wp-block-columns is-layout-flex wp-container-core-columns-is-layout-9d6595d7 wp-block-columns-is-layout-flex\">\n<div class=\"wp-block-column is-layout-flow wp-block-column-is-layout-flow\" style=\"flex-basis:66.66%\">\n<figure class=\"wp-block-image size-large\"><img loading=\"lazy\" decoding=\"async\" width=\"1024\" height=\"683\" src=\"https:\/\/pbatitude.com\/wp-content\/uploads\/2022\/04\/woman-3990680_1920-1024x683.jpg\" alt=\"PBA, adolescents\" class=\"wp-image-790\" srcset=\"https:\/\/pbatitude.com\/wp-content\/uploads\/2022\/04\/woman-3990680_1920-1024x683.jpg 1024w, https:\/\/pbatitude.com\/wp-content\/uploads\/2022\/04\/woman-3990680_1920-300x200.jpg 300w, https:\/\/pbatitude.com\/wp-content\/uploads\/2022\/04\/woman-3990680_1920-768x512.jpg 768w, https:\/\/pbatitude.com\/wp-content\/uploads\/2022\/04\/woman-3990680_1920-1536x1024.jpg 1536w, https:\/\/pbatitude.com\/wp-content\/uploads\/2022\/04\/woman-3990680_1920-1600x1067.jpg 1600w, https:\/\/pbatitude.com\/wp-content\/uploads\/2022\/04\/woman-3990680_1920-780x520.jpg 780w, https:\/\/pbatitude.com\/wp-content\/uploads\/2022\/04\/woman-3990680_1920.jpg 1920w\" sizes=\"auto, (max-width: 1024px) 100vw, 1024px\" \/><\/figure>\n<\/div>\n\n\n\n<div class=\"wp-block-column is-layout-flow wp-block-column-is-layout-flow\" style=\"flex-basis:33.33%\">\n<p>P\u00e9riode charni\u00e8re entre l&rsquo;enfance et la maturit\u00e9, l&rsquo;adolescence est une p\u00e9riode de transition souvent difficile. C&rsquo;est la p\u00e9riode o\u00f9 il affirme son identit\u00e9 et o\u00f9 il se confronte au monde ext\u00e9rieur. La PBA pla\u00eet particuli\u00e8rement aux ados, car il ne leur est pas demand\u00e9 de parler, c&rsquo;est le praticien qui d\u00e9tecte les blocages et les verbalise, alors le cerveau de l&rsquo;adolescent les entend et \u00e9vacue les \u00e9motions. <a href=\"https:\/\/pbatitude.com\/index.php\/accueil\/pba-pour-qui\/pba-adolescents\/\">Lire la suite&#8230;.<\/a><\/p>\n<\/div>\n<\/div>\n\n\n\n<h2 class=\"wp-block-heading\">PBA pour les enfants<\/h2>\n\n\n\n<div class=\"wp-block-columns is-layout-flex wp-container-core-columns-is-layout-9d6595d7 wp-block-columns-is-layout-flex\">\n<div class=\"wp-block-column is-layout-flow wp-block-column-is-layout-flow\" style=\"flex-basis:33.33%\">\n<p>A tout \u00e2ge, un enfant peut \u00eatre sujet \u00e0 des troubles physiques, psychiques et \u00e9motionnels . Des petits soucis quotidiens aux grands challenges de la vie, le praticien PBA accompagne les parents pour aider leur enfant \u00e0 grandir sereinement. <a href=\"https:\/\/pbatitude.com\/index.php\/accueil\/pba-pour-qui\/pba-enfants\/\">En savoir plus&#8230;<\/a><\/p>\n<\/div>\n\n\n\n<div class=\"wp-block-column is-layout-flow wp-block-column-is-layout-flow\" style=\"flex-basis:66.66%\">\n<figure class=\"wp-block-image size-large\"><img loading=\"lazy\" decoding=\"async\" width=\"1024\" height=\"683\" src=\"https:\/\/pbatitude.com\/wp-content\/uploads\/2019\/11\/4k-wallpaper-blur-boy-1490844-1024x683.jpg\" alt=\"PBA,  enfants\" class=\"wp-image-195\" srcset=\"https:\/\/pbatitude.com\/wp-content\/uploads\/2019\/11\/4k-wallpaper-blur-boy-1490844-1024x683.jpg 1024w, https:\/\/pbatitude.com\/wp-content\/uploads\/2019\/11\/4k-wallpaper-blur-boy-1490844-300x200.jpg 300w, https:\/\/pbatitude.com\/wp-content\/uploads\/2019\/11\/4k-wallpaper-blur-boy-1490844-768x512.jpg 768w, https:\/\/pbatitude.com\/wp-content\/uploads\/2019\/11\/4k-wallpaper-blur-boy-1490844-1600x1067.jpg 1600w, https:\/\/pbatitude.com\/wp-content\/uploads\/2019\/11\/4k-wallpaper-blur-boy-1490844-780x520.jpg 780w\" sizes=\"auto, (max-width: 1024px) 100vw, 1024px\" \/><\/figure>\n<\/div>\n<\/div>\n\n\n\n<h2 class=\"wp-block-heading\">PBA pour les b\u00e9b\u00e9s<\/h2>\n\n\n\n<div class=\"wp-block-columns is-layout-flex wp-container-core-columns-is-layout-9d6595d7 wp-block-columns-is-layout-flex\">\n<div class=\"wp-block-column is-layout-flow wp-block-column-is-layout-flow\" style=\"flex-basis:66.66%\">\n<figure class=\"wp-block-image size-large\"><img loading=\"lazy\" decoding=\"async\" width=\"1024\" height=\"682\" src=\"https:\/\/pbatitude.com\/wp-content\/uploads\/2022\/04\/child-3268264_1280-1024x682.jpg\" alt=\"PBA, b\u00e9b\u00e9s\" class=\"wp-image-785\" srcset=\"https:\/\/pbatitude.com\/wp-content\/uploads\/2022\/04\/child-3268264_1280-1024x682.jpg 1024w, https:\/\/pbatitude.com\/wp-content\/uploads\/2022\/04\/child-3268264_1280-300x200.jpg 300w, https:\/\/pbatitude.com\/wp-content\/uploads\/2022\/04\/child-3268264_1280-768x512.jpg 768w, https:\/\/pbatitude.com\/wp-content\/uploads\/2022\/04\/child-3268264_1280-780x520.jpg 780w, https:\/\/pbatitude.com\/wp-content\/uploads\/2022\/04\/child-3268264_1280.jpg 1280w\" sizes=\"auto, (max-width: 1024px) 100vw, 1024px\" \/><\/figure>\n<\/div>\n\n\n\n<div class=\"wp-block-column is-layout-flow wp-block-column-is-layout-flow\" style=\"flex-basis:33.33%\">\n<p>Un b\u00e9b\u00e9 peut d\u00e9j\u00e0 avoir des m\u00e9moires \u00e9motionnelles, li\u00e9es \u00e0 la grossesse, \u00e0 l\u2019accouchement et aux premi\u00e8res semaines de la vie. Ces m\u00e9moires risquent de g\u00e9n\u00e9rer des blocages tels que les terreurs nocturnes du b\u00e9b\u00e9, les coliques du nourrisson, la peur de l&rsquo;abandon, des col\u00e8res\u2026 <a href=\"https:\/\/pbatitude.com\/index.php\/accueil\/pba-pour-qui\/pba-bebes\/\">Lire la suite&#8230;<\/a><\/p>\n<\/div>\n<\/div>\n","protected":false},"excerpt":{"rendered":"<p>\u00c0 tout \u00e2ge, on peut \u00eatre sujet \u00e0 des troubles physiques, psychiques et \u00e9motionnels, sans que la m\u00e9decine traditionnelle soit \u00e0 m\u00eame de les r\u00e9soudre totalement. La PBA convient aux adultes, aux adolescents, aux enfants mais aussi aux b\u00e9b\u00e9s. Chaque \u00e2ge a ses probl\u00e9matiques que la PBA peut aider \u00e0 r\u00e9soudre. Des premiers regards sur &hellip;<\/p>\n","protected":false},"author":1,"featured_media":0,"parent":62,"menu_order":2,"comment_status":"closed","ping_status":"closed","template":"","meta":{"footnotes":""},"class_list":["post-787","page","type-page","status-publish","hentry","entry entry-center"],"yoast_head":"<!-- This site is optimized with the Yoast SEO plugin v27.3 - https:\/\/yoast.com\/product\/yoast-seo-wordpress\/ -->\n<title>A QUI S&#039;ADRESSE LA PBA ? - PBAtitude<\/title>\n<meta name=\"description\" content=\"PBA senior adulte enfant adolescent b\u00e9b\u00e9 \u00e2ge troubles physiques psychiques \u00e9motionnels\" \/>\n<meta name=\"robots\" content=\"index, follow, max-snippet:-1, max-image-preview:large, max-video-preview:-1\" \/>\n<link rel=\"canonical\" href=\"https:\/\/pbatitude.com\/index.php\/accueil\/pba-pour-qui\/\" \/>\n<meta property=\"og:locale\" content=\"fr_FR\" \/>\n<meta property=\"og:type\" content=\"article\" \/>\n<meta property=\"og:title\" content=\"A QUI S&#039;ADRESSE LA PBA ? - PBAtitude\" \/>\n<meta property=\"og:description\" content=\"PBA senior adulte enfant adolescent b\u00e9b\u00e9 \u00e2ge troubles physiques psychiques \u00e9motionnels\" \/>\n<meta property=\"og:url\" content=\"https:\/\/pbatitude.com\/index.php\/accueil\/pba-pour-qui\/\" \/>\n<meta property=\"og:site_name\" content=\"PBAtitude\" \/>\n<meta property=\"article:modified_time\" content=\"2025-03-05T13:54:42+00:00\" \/>\n<meta property=\"og:image\" content=\"https:\/\/pbatitude.com\/wp-content\/uploads\/2019\/11\/smile-2072908_1920-1024x690.jpg\" \/>\n<meta name=\"twitter:card\" content=\"summary_large_image\" \/>\n<meta name=\"twitter:label1\" content=\"Dur\u00e9e de lecture estim\u00e9e\" \/>\n\t<meta name=\"twitter:data1\" content=\"3 minutes\" \/>\n<script type=\"application\/ld+json\" class=\"yoast-schema-graph\">{\"@context\":\"https:\\\/\\\/schema.org\",\"@graph\":[{\"@type\":\"WebPage\",\"@id\":\"https:\\\/\\\/pbatitude.com\\\/index.php\\\/accueil\\\/pba-pour-qui\\\/\",\"url\":\"https:\\\/\\\/pbatitude.com\\\/index.php\\\/accueil\\\/pba-pour-qui\\\/\",\"name\":\"A QUI S'ADRESSE LA PBA ? - PBAtitude\",\"isPartOf\":{\"@id\":\"https:\\\/\\\/pbatitude.com\\\/#website\"},\"primaryImageOfPage\":{\"@id\":\"https:\\\/\\\/pbatitude.com\\\/index.php\\\/accueil\\\/pba-pour-qui\\\/#primaryimage\"},\"image\":{\"@id\":\"https:\\\/\\\/pbatitude.com\\\/index.php\\\/accueil\\\/pba-pour-qui\\\/#primaryimage\"},\"thumbnailUrl\":\"https:\\\/\\\/pbatitude.com\\\/wp-content\\\/uploads\\\/2019\\\/11\\\/smile-2072908_1920-1024x690.jpg\",\"datePublished\":\"2022-04-28T13:37:54+00:00\",\"dateModified\":\"2025-03-05T13:54:42+00:00\",\"description\":\"PBA senior adulte enfant adolescent b\u00e9b\u00e9 \u00e2ge troubles physiques psychiques \u00e9motionnels\",\"breadcrumb\":{\"@id\":\"https:\\\/\\\/pbatitude.com\\\/index.php\\\/accueil\\\/pba-pour-qui\\\/#breadcrumb\"},\"inLanguage\":\"fr-FR\",\"potentialAction\":[{\"@type\":\"ReadAction\",\"target\":[\"https:\\\/\\\/pbatitude.com\\\/index.php\\\/accueil\\\/pba-pour-qui\\\/\"]}]},{\"@type\":\"ImageObject\",\"inLanguage\":\"fr-FR\",\"@id\":\"https:\\\/\\\/pbatitude.com\\\/index.php\\\/accueil\\\/pba-pour-qui\\\/#primaryimage\",\"url\":\"https:\\\/\\\/pbatitude.com\\\/wp-content\\\/uploads\\\/2019\\\/11\\\/smile-2072908_1920.jpg\",\"contentUrl\":\"https:\\\/\\\/pbatitude.com\\\/wp-content\\\/uploads\\\/2019\\\/11\\\/smile-2072908_1920.jpg\",\"width\":1920,\"height\":1294},{\"@type\":\"BreadcrumbList\",\"@id\":\"https:\\\/\\\/pbatitude.com\\\/index.php\\\/accueil\\\/pba-pour-qui\\\/#breadcrumb\",\"itemListElement\":[{\"@type\":\"ListItem\",\"position\":1,\"name\":\"Accueil\",\"item\":\"https:\\\/\\\/pbatitude.com\\\/\"},{\"@type\":\"ListItem\",\"position\":2,\"name\":\"ACCUEIL\",\"item\":\"https:\\\/\\\/pbatitude.com\\\/\"},{\"@type\":\"ListItem\",\"position\":3,\"name\":\"A QUI S&rsquo;ADRESSE LA PBA ?\"}]},{\"@type\":\"WebSite\",\"@id\":\"https:\\\/\\\/pbatitude.com\\\/#website\",\"url\":\"https:\\\/\\\/pbatitude.com\\\/\",\"name\":\"PBAtitude\",\"description\":\"A la rencontre de votre nature profonde\",\"potentialAction\":[{\"@type\":\"SearchAction\",\"target\":{\"@type\":\"EntryPoint\",\"urlTemplate\":\"https:\\\/\\\/pbatitude.com\\\/?s={search_term_string}\"},\"query-input\":{\"@type\":\"PropertyValueSpecification\",\"valueRequired\":true,\"valueName\":\"search_term_string\"}}],\"inLanguage\":\"fr-FR\"}]}<\/script>\n<!-- \/ Yoast SEO plugin. -->","yoast_head_json":{"title":"A QUI S'ADRESSE LA PBA ? - PBAtitude","description":"PBA senior adulte enfant adolescent b\u00e9b\u00e9 \u00e2ge troubles physiques psychiques \u00e9motionnels","robots":{"index":"index","follow":"follow","max-snippet":"max-snippet:-1","max-image-preview":"max-image-preview:large","max-video-preview":"max-video-preview:-1"},"canonical":"https:\/\/pbatitude.com\/index.php\/accueil\/pba-pour-qui\/","og_locale":"fr_FR","og_type":"article","og_title":"A QUI S'ADRESSE LA PBA ? - PBAtitude","og_description":"PBA senior adulte enfant adolescent b\u00e9b\u00e9 \u00e2ge troubles physiques psychiques \u00e9motionnels","og_url":"https:\/\/pbatitude.com\/index.php\/accueil\/pba-pour-qui\/","og_site_name":"PBAtitude","article_modified_time":"2025-03-05T13:54:42+00:00","og_image":[{"url":"https:\/\/pbatitude.com\/wp-content\/uploads\/2019\/11\/smile-2072908_1920-1024x690.jpg","type":"","width":"","height":""}],"twitter_card":"summary_large_image","twitter_misc":{"Dur\u00e9e de lecture estim\u00e9e":"3 minutes"},"schema":{"@context":"https:\/\/schema.org","@graph":[{"@type":"WebPage","@id":"https:\/\/pbatitude.com\/index.php\/accueil\/pba-pour-qui\/","url":"https:\/\/pbatitude.com\/index.php\/accueil\/pba-pour-qui\/","name":"A QUI S'ADRESSE LA PBA ? - PBAtitude","isPartOf":{"@id":"https:\/\/pbatitude.com\/#website"},"primaryImageOfPage":{"@id":"https:\/\/pbatitude.com\/index.php\/accueil\/pba-pour-qui\/#primaryimage"},"image":{"@id":"https:\/\/pbatitude.com\/index.php\/accueil\/pba-pour-qui\/#primaryimage"},"thumbnailUrl":"https:\/\/pbatitude.com\/wp-content\/uploads\/2019\/11\/smile-2072908_1920-1024x690.jpg","datePublished":"2022-04-28T13:37:54+00:00","dateModified":"2025-03-05T13:54:42+00:00","description":"PBA senior adulte enfant adolescent b\u00e9b\u00e9 \u00e2ge troubles physiques psychiques \u00e9motionnels","breadcrumb":{"@id":"https:\/\/pbatitude.com\/index.php\/accueil\/pba-pour-qui\/#breadcrumb"},"inLanguage":"fr-FR","potentialAction":[{"@type":"ReadAction","target":["https:\/\/pbatitude.com\/index.php\/accueil\/pba-pour-qui\/"]}]},{"@type":"ImageObject","inLanguage":"fr-FR","@id":"https:\/\/pbatitude.com\/index.php\/accueil\/pba-pour-qui\/#primaryimage","url":"https:\/\/pbatitude.com\/wp-content\/uploads\/2019\/11\/smile-2072908_1920.jpg","contentUrl":"https:\/\/pbatitude.com\/wp-content\/uploads\/2019\/11\/smile-2072908_1920.jpg","width":1920,"height":1294},{"@type":"BreadcrumbList","@id":"https:\/\/pbatitude.com\/index.php\/accueil\/pba-pour-qui\/#breadcrumb","itemListElement":[{"@type":"ListItem","position":1,"name":"Accueil","item":"https:\/\/pbatitude.com\/"},{"@type":"ListItem","position":2,"name":"ACCUEIL","item":"https:\/\/pbatitude.com\/"},{"@type":"ListItem","position":3,"name":"A QUI S&rsquo;ADRESSE LA PBA ?"}]},{"@type":"WebSite","@id":"https:\/\/pbatitude.com\/#website","url":"https:\/\/pbatitude.com\/","name":"PBAtitude","description":"A la rencontre de votre nature profonde","potentialAction":[{"@type":"SearchAction","target":{"@type":"EntryPoint","urlTemplate":"https:\/\/pbatitude.com\/?s={search_term_string}"},"query-input":{"@type":"PropertyValueSpecification","valueRequired":true,"valueName":"search_term_string"}}],"inLanguage":"fr-FR"}]}},"_links":{"self":[{"href":"https:\/\/pbatitude.com\/index.php\/wp-json\/wp\/v2\/pages\/787","targetHints":{"allow":["GET"]}}],"collection":[{"href":"https:\/\/pbatitude.com\/index.php\/wp-json\/wp\/v2\/pages"}],"about":[{"href":"https:\/\/pbatitude.com\/index.php\/wp-json\/wp\/v2\/types\/page"}],"author":[{"embeddable":true,"href":"https:\/\/pbatitude.com\/index.php\/wp-json\/wp\/v2\/users\/1"}],"replies":[{"embeddable":true,"href":"https:\/\/pbatitude.com\/index.php\/wp-json\/wp\/v2\/comments?post=787"}],"version-history":[{"count":4,"href":"https:\/\/pbatitude.com\/index.php\/wp-json\/wp\/v2\/pages\/787\/revisions"}],"predecessor-version":[{"id":1233,"href":"https:\/\/pbatitude.com\/index.php\/wp-json\/wp\/v2\/pages\/787\/revisions\/1233"}],"up":[{"embeddable":true,"href":"https:\/\/pbatitude.com\/index.php\/wp-json\/wp\/v2\/pages\/62"}],"wp:attachment":[{"href":"https:\/\/pbatitude.com\/index.php\/wp-json\/wp\/v2\/media?parent=787"}],"curies":[{"name":"wp","href":"https:\/\/api.w.org\/{rel}","templated":true}]}}