{"id":776,"date":"2022-04-28T15:35:21","date_gmt":"2022-04-28T13:35:21","guid":{"rendered":"https:\/\/pbatitude.com\/?page_id=776"},"modified":"2025-03-05T15:12:19","modified_gmt":"2025-03-05T14:12:19","slug":"pba-colere-enfant","status":"publish","type":"page","link":"https:\/\/pbatitude.com\/index.php\/accueil\/pba-pour-qui\/pba-enfants\/pba-colere-enfant\/","title":{"rendered":"PBA et col\u00e8re chez l&rsquo;enfant"},"content":{"rendered":"\n<p>La col\u00e8re est une \u00e9motion qui appara\u00eet lorsqu\u2019on ne se sent pas respect\u00e9 (physiquement, affectivement, psychiquement). C\u2018est un processus de lib\u00e9ration de la souffrance ressentie. Ainsi, un enfant contrari\u00e9, d\u00e9\u00e7u ou frustr\u00e9 peut facilement basculer sur de la col\u00e8re pour que ses besoins, ses d\u00e9sirs soient pris en compte. La PBA aide \u00e0 la fois l\u2019enfant et ses parents \u00e0 g\u00e9rer les col\u00e8res.<\/p>\n\n\n\n<figure class=\"wp-block-image size-large\"><img loading=\"lazy\" decoding=\"async\" width=\"1024\" height=\"683\" src=\"https:\/\/pbatitude.com\/wp-content\/uploads\/2022\/04\/kurt-cotoaga-huXZH43-qiw-unsplash-1024x683.jpg\" alt=\"PBA,  enfants, col\u00e8re\" class=\"wp-image-777\" srcset=\"https:\/\/pbatitude.com\/wp-content\/uploads\/2022\/04\/kurt-cotoaga-huXZH43-qiw-unsplash-1024x683.jpg 1024w, https:\/\/pbatitude.com\/wp-content\/uploads\/2022\/04\/kurt-cotoaga-huXZH43-qiw-unsplash-300x200.jpg 300w, https:\/\/pbatitude.com\/wp-content\/uploads\/2022\/04\/kurt-cotoaga-huXZH43-qiw-unsplash-768x512.jpg 768w, https:\/\/pbatitude.com\/wp-content\/uploads\/2022\/04\/kurt-cotoaga-huXZH43-qiw-unsplash-1536x1024.jpg 1536w, https:\/\/pbatitude.com\/wp-content\/uploads\/2022\/04\/kurt-cotoaga-huXZH43-qiw-unsplash-2048x1365.jpg 2048w, https:\/\/pbatitude.com\/wp-content\/uploads\/2022\/04\/kurt-cotoaga-huXZH43-qiw-unsplash-1600x1067.jpg 1600w, https:\/\/pbatitude.com\/wp-content\/uploads\/2022\/04\/kurt-cotoaga-huXZH43-qiw-unsplash-780x520.jpg 780w\" sizes=\"auto, (max-width: 1024px) 100vw, 1024px\" \/><\/figure>\n\n\n\n<h2 class=\"wp-block-heading\">Les causes des col\u00e8res<\/h2>\n\n\n\n<p>D\u00e8s la naissance, un enfant peut ressentir de la col\u00e8re par exemple lorsque l\u2019accouchement est provoqu\u00e9 (il ne se sent pas respect\u00e9 dans son rapport au temps) ou de la col\u00e8re contre les forces ext\u00e9rieures en cas d\u2019accouchement difficile. Plus tard, un enfant peut ressentir une frustration ou une col\u00e8re de ne pas \u00eatre compris , ou encore par rapport au sevrage trop rapide par exemple.&nbsp;<\/p>\n\n\n\n<p>En&nbsp; grandissant c\u2019est souvent dans le rapport aux autres que les col\u00e8res s\u2019expriment pour d\u00e9fendre un \u00ab territoire \u00bb, affirmer son identit\u00e9, ou \u00eatre entendu. Le praticien en PBA&nbsp; ira donc chercher les col\u00e8res ressenties contre les parents, la fratrie ou autre, autour des besoins de s\u00e9curit\u00e9, de respect (sentiment d\u2019injustice ou de trahison), d\u2019affirmation de soi, de communication etc. afin de permettre \u00e0 l\u2019enfant de ne pas les accumuler.<\/p>\n\n\n\n<h2 class=\"wp-block-heading\">Les diff\u00e9rentes manifestations de la col\u00e8re<\/h2>\n\n\n\n<p>La premi\u00e8re forme est la contrari\u00e9t\u00e9, c\u2019est une col\u00e8re rentr\u00e9e qui peut durer dans le temps, que l\u2019on r\u00e9prime, nourrissant rancune et ressentiment. Elle&nbsp; se traduit par des bouderies, des crispations. Dans sa forme plus forte, elle peut s\u2019exprimer en explosant (cris\/pleurs) , ou avec agressivit\u00e9 (physiquement contre quelqu\u2019un ou des objets) . Elle peut enfin se transformer en rage si elle n\u2019est pas prise en compte.<\/p>\n\n\n\n<h2 class=\"wp-block-heading\">G\u00e9rer la col\u00e8re<\/h2>\n\n\n\n<p>Jusqu\u2019\u00e0 l\u2019\u00e2ge de 5-6 ans , le cerveau de l\u2019enfant est physiologiquement incapable de calmer la col\u00e8re. Il faut qu\u2019il la vive, qu\u2019il la ressente. C\u2019est aux parents de supporter\/g\u00e9rer\/ comprendre l\u2019\u00e9motion de l\u2019enfant. Et en tant qu\u2019adulte, si on estime qu\u2019un enfant d\u00e9passe les bornes, c\u2019est que nous avons atteint nos propres limites de compr\u00e9hension. La PBA peut donc aussi aider les parents \u00e0 g\u00e9rer leurs propres \u00e9motions.<\/p>\n\n\n\n<p>La col\u00e8re est inversement proportionnelle \u00e0 la raison, vouloir raisonner ou rassurer l\u2019enfant a parfois l\u2019effet inverse de celui attendu. Lorsque l\u2019enfant s\u2019emporte, il faut s\u2019assurer qu\u2019il ne se fasse pas mal, et ne fasse mal \u00e0 personne. Une col\u00e8re non aliment\u00e9e ne dure g\u00e9n\u00e9ralement pas longtemps. Maintenir l\u2019enfant serr\u00e9 contre soi peut avoir un effet b\u00e9n\u00e9fique, car sa souffrance est entendue, accueillie, respect\u00e9e. C\u2019est seulement une fois la col\u00e8re calm\u00e9e que l\u2019on peut en parler \u00e0 l\u2019enfant que l\u2019on se positionne par rapport \u00e0 ce qui l\u2019a occasionn\u00e9e. La PBA est donc b\u00e9n\u00e9fique dans les cas de col\u00e8res chez l\u2019enfant, pour celui-ci mais aussi pour ses parents.<\/p>\n\n\n\n<h2 class=\"wp-block-heading\">Voir aussi :<\/h2>\n\n\n\n<ul class=\"wp-block-list\">\n<li><a href=\"https:\/\/pbatitude.com\/index.php\/accueil\/pba-pour-qui\/pba-enfants\/pba-terreur-nocturne-enfant\/\">PBA et terreur nocturne chez l&rsquo;enfant<\/a><\/li>\n\n\n\n<li><a href=\"https:\/\/pbatitude.com\/index.php\/accueil\/etudes-cas-psycho-bio-acupressure\/exemples-pba-claire-droin\/exemple-valerie-fils-colere\/\" target=\"_blank\" rel=\"noreferrer noopener\">L&rsquo;exemple de Val\u00e9rie et de son fils pleins de col\u00e8re<\/a><\/li>\n<\/ul>\n\n\n\n<p>Retour vers <a href=\"https:\/\/pbatitude.com\/index.php\/accueil\/pba-pour-qui\/pba-enfants\/\">PBA pour les enfants<\/a><\/p>\n","protected":false},"excerpt":{"rendered":"<p>La col\u00e8re est une \u00e9motion qui appara\u00eet lorsqu\u2019on ne se sent pas respect\u00e9 (physiquement, affectivement, psychiquement). C\u2018est un processus de lib\u00e9ration de la souffrance ressentie. Ainsi, un enfant contrari\u00e9, d\u00e9\u00e7u ou frustr\u00e9 peut facilement basculer sur de la col\u00e8re pour que ses besoins, ses d\u00e9sirs soient pris en compte. La PBA aide \u00e0 la fois &hellip;<\/p>\n","protected":false},"author":1,"featured_media":0,"parent":781,"menu_order":2,"comment_status":"closed","ping_status":"closed","template":"","meta":{"footnotes":""},"class_list":["post-776","page","type-page","status-publish","hentry","entry entry-center"],"yoast_head":"<!-- This site is optimized with the Yoast SEO plugin v27.5 - https:\/\/yoast.com\/product\/yoast-seo-wordpress\/ -->\n<title>PBA et col\u00e8re chez l&#039;enfant - PBAtitude<\/title>\n<meta name=\"description\" content=\"PBA enfants col\u00e8re frustration g\u00e9rer crises caprices\" \/>\n<meta name=\"robots\" content=\"index, follow, max-snippet:-1, max-image-preview:large, max-video-preview:-1\" \/>\n<link rel=\"canonical\" href=\"https:\/\/pbatitude.com\/index.php\/accueil\/pba-pour-qui\/pba-enfants\/pba-colere-enfant\/\" \/>\n<meta property=\"og:locale\" content=\"fr_FR\" \/>\n<meta property=\"og:type\" content=\"article\" \/>\n<meta property=\"og:title\" content=\"PBA et col\u00e8re chez l&#039;enfant - PBAtitude\" \/>\n<meta property=\"og:description\" content=\"PBA enfants col\u00e8re frustration g\u00e9rer crises caprices\" \/>\n<meta property=\"og:url\" content=\"https:\/\/pbatitude.com\/index.php\/accueil\/pba-pour-qui\/pba-enfants\/pba-colere-enfant\/\" \/>\n<meta property=\"og:site_name\" content=\"PBAtitude\" \/>\n<meta property=\"article:modified_time\" content=\"2025-03-05T14:12:19+00:00\" \/>\n<meta property=\"og:image\" content=\"https:\/\/pbatitude.com\/wp-content\/uploads\/2022\/04\/kurt-cotoaga-huXZH43-qiw-unsplash-1024x683.jpg\" \/>\n<meta name=\"twitter:card\" content=\"summary_large_image\" \/>\n<meta name=\"twitter:label1\" content=\"Dur\u00e9e de lecture estim\u00e9e\" \/>\n\t<meta name=\"twitter:data1\" content=\"3 minutes\" \/>\n<script type=\"application\/ld+json\" class=\"yoast-schema-graph\">{\"@context\":\"https:\\\/\\\/schema.org\",\"@graph\":[{\"@type\":\"WebPage\",\"@id\":\"https:\\\/\\\/pbatitude.com\\\/index.php\\\/accueil\\\/pba-pour-qui\\\/pba-enfants\\\/pba-colere-enfant\\\/\",\"url\":\"https:\\\/\\\/pbatitude.com\\\/index.php\\\/accueil\\\/pba-pour-qui\\\/pba-enfants\\\/pba-colere-enfant\\\/\",\"name\":\"PBA et col\u00e8re chez l'enfant - PBAtitude\",\"isPartOf\":{\"@id\":\"https:\\\/\\\/pbatitude.com\\\/#website\"},\"primaryImageOfPage\":{\"@id\":\"https:\\\/\\\/pbatitude.com\\\/index.php\\\/accueil\\\/pba-pour-qui\\\/pba-enfants\\\/pba-colere-enfant\\\/#primaryimage\"},\"image\":{\"@id\":\"https:\\\/\\\/pbatitude.com\\\/index.php\\\/accueil\\\/pba-pour-qui\\\/pba-enfants\\\/pba-colere-enfant\\\/#primaryimage\"},\"thumbnailUrl\":\"https:\\\/\\\/pbatitude.com\\\/wp-content\\\/uploads\\\/2022\\\/04\\\/kurt-cotoaga-huXZH43-qiw-unsplash-1024x683.jpg\",\"datePublished\":\"2022-04-28T13:35:21+00:00\",\"dateModified\":\"2025-03-05T14:12:19+00:00\",\"description\":\"PBA enfants col\u00e8re frustration g\u00e9rer crises caprices\",\"breadcrumb\":{\"@id\":\"https:\\\/\\\/pbatitude.com\\\/index.php\\\/accueil\\\/pba-pour-qui\\\/pba-enfants\\\/pba-colere-enfant\\\/#breadcrumb\"},\"inLanguage\":\"fr-FR\",\"potentialAction\":[{\"@type\":\"ReadAction\",\"target\":[\"https:\\\/\\\/pbatitude.com\\\/index.php\\\/accueil\\\/pba-pour-qui\\\/pba-enfants\\\/pba-colere-enfant\\\/\"]}]},{\"@type\":\"ImageObject\",\"inLanguage\":\"fr-FR\",\"@id\":\"https:\\\/\\\/pbatitude.com\\\/index.php\\\/accueil\\\/pba-pour-qui\\\/pba-enfants\\\/pba-colere-enfant\\\/#primaryimage\",\"url\":\"https:\\\/\\\/pbatitude.com\\\/wp-content\\\/uploads\\\/2022\\\/04\\\/kurt-cotoaga-huXZH43-qiw-unsplash-1024x683.jpg\",\"contentUrl\":\"https:\\\/\\\/pbatitude.com\\\/wp-content\\\/uploads\\\/2022\\\/04\\\/kurt-cotoaga-huXZH43-qiw-unsplash-1024x683.jpg\"},{\"@type\":\"BreadcrumbList\",\"@id\":\"https:\\\/\\\/pbatitude.com\\\/index.php\\\/accueil\\\/pba-pour-qui\\\/pba-enfants\\\/pba-colere-enfant\\\/#breadcrumb\",\"itemListElement\":[{\"@type\":\"ListItem\",\"position\":1,\"name\":\"Accueil\",\"item\":\"https:\\\/\\\/pbatitude.com\\\/\"},{\"@type\":\"ListItem\",\"position\":2,\"name\":\"ACCUEIL\",\"item\":\"https:\\\/\\\/pbatitude.com\\\/\"},{\"@type\":\"ListItem\",\"position\":3,\"name\":\"A QUI S&rsquo;ADRESSE LA PBA ?\",\"item\":\"https:\\\/\\\/pbatitude.com\\\/index.php\\\/accueil\\\/pba-pour-qui\\\/\"},{\"@type\":\"ListItem\",\"position\":4,\"name\":\"PBA POUR LES ENFANTS\",\"item\":\"https:\\\/\\\/pbatitude.com\\\/index.php\\\/accueil\\\/pba-pour-qui\\\/pba-enfants\\\/\"},{\"@type\":\"ListItem\",\"position\":5,\"name\":\"PBA et col\u00e8re chez l&rsquo;enfant\"}]},{\"@type\":\"WebSite\",\"@id\":\"https:\\\/\\\/pbatitude.com\\\/#website\",\"url\":\"https:\\\/\\\/pbatitude.com\\\/\",\"name\":\"PBAtitude\",\"description\":\"A la rencontre de votre nature profonde\",\"potentialAction\":[{\"@type\":\"SearchAction\",\"target\":{\"@type\":\"EntryPoint\",\"urlTemplate\":\"https:\\\/\\\/pbatitude.com\\\/?s={search_term_string}\"},\"query-input\":{\"@type\":\"PropertyValueSpecification\",\"valueRequired\":true,\"valueName\":\"search_term_string\"}}],\"inLanguage\":\"fr-FR\"}]}<\/script>\n<!-- \/ Yoast SEO plugin. -->","yoast_head_json":{"title":"PBA et col\u00e8re chez l'enfant - PBAtitude","description":"PBA enfants col\u00e8re frustration g\u00e9rer crises caprices","robots":{"index":"index","follow":"follow","max-snippet":"max-snippet:-1","max-image-preview":"max-image-preview:large","max-video-preview":"max-video-preview:-1"},"canonical":"https:\/\/pbatitude.com\/index.php\/accueil\/pba-pour-qui\/pba-enfants\/pba-colere-enfant\/","og_locale":"fr_FR","og_type":"article","og_title":"PBA et col\u00e8re chez l'enfant - PBAtitude","og_description":"PBA enfants col\u00e8re frustration g\u00e9rer crises caprices","og_url":"https:\/\/pbatitude.com\/index.php\/accueil\/pba-pour-qui\/pba-enfants\/pba-colere-enfant\/","og_site_name":"PBAtitude","article_modified_time":"2025-03-05T14:12:19+00:00","og_image":[{"url":"https:\/\/pbatitude.com\/wp-content\/uploads\/2022\/04\/kurt-cotoaga-huXZH43-qiw-unsplash-1024x683.jpg","type":"","width":"","height":""}],"twitter_card":"summary_large_image","twitter_misc":{"Dur\u00e9e de lecture estim\u00e9e":"3 minutes"},"schema":{"@context":"https:\/\/schema.org","@graph":[{"@type":"WebPage","@id":"https:\/\/pbatitude.com\/index.php\/accueil\/pba-pour-qui\/pba-enfants\/pba-colere-enfant\/","url":"https:\/\/pbatitude.com\/index.php\/accueil\/pba-pour-qui\/pba-enfants\/pba-colere-enfant\/","name":"PBA et col\u00e8re chez l'enfant - PBAtitude","isPartOf":{"@id":"https:\/\/pbatitude.com\/#website"},"primaryImageOfPage":{"@id":"https:\/\/pbatitude.com\/index.php\/accueil\/pba-pour-qui\/pba-enfants\/pba-colere-enfant\/#primaryimage"},"image":{"@id":"https:\/\/pbatitude.com\/index.php\/accueil\/pba-pour-qui\/pba-enfants\/pba-colere-enfant\/#primaryimage"},"thumbnailUrl":"https:\/\/pbatitude.com\/wp-content\/uploads\/2022\/04\/kurt-cotoaga-huXZH43-qiw-unsplash-1024x683.jpg","datePublished":"2022-04-28T13:35:21+00:00","dateModified":"2025-03-05T14:12:19+00:00","description":"PBA enfants col\u00e8re frustration g\u00e9rer crises caprices","breadcrumb":{"@id":"https:\/\/pbatitude.com\/index.php\/accueil\/pba-pour-qui\/pba-enfants\/pba-colere-enfant\/#breadcrumb"},"inLanguage":"fr-FR","potentialAction":[{"@type":"ReadAction","target":["https:\/\/pbatitude.com\/index.php\/accueil\/pba-pour-qui\/pba-enfants\/pba-colere-enfant\/"]}]},{"@type":"ImageObject","inLanguage":"fr-FR","@id":"https:\/\/pbatitude.com\/index.php\/accueil\/pba-pour-qui\/pba-enfants\/pba-colere-enfant\/#primaryimage","url":"https:\/\/pbatitude.com\/wp-content\/uploads\/2022\/04\/kurt-cotoaga-huXZH43-qiw-unsplash-1024x683.jpg","contentUrl":"https:\/\/pbatitude.com\/wp-content\/uploads\/2022\/04\/kurt-cotoaga-huXZH43-qiw-unsplash-1024x683.jpg"},{"@type":"BreadcrumbList","@id":"https:\/\/pbatitude.com\/index.php\/accueil\/pba-pour-qui\/pba-enfants\/pba-colere-enfant\/#breadcrumb","itemListElement":[{"@type":"ListItem","position":1,"name":"Accueil","item":"https:\/\/pbatitude.com\/"},{"@type":"ListItem","position":2,"name":"ACCUEIL","item":"https:\/\/pbatitude.com\/"},{"@type":"ListItem","position":3,"name":"A QUI S&rsquo;ADRESSE LA PBA ?","item":"https:\/\/pbatitude.com\/index.php\/accueil\/pba-pour-qui\/"},{"@type":"ListItem","position":4,"name":"PBA POUR LES ENFANTS","item":"https:\/\/pbatitude.com\/index.php\/accueil\/pba-pour-qui\/pba-enfants\/"},{"@type":"ListItem","position":5,"name":"PBA et col\u00e8re chez l&rsquo;enfant"}]},{"@type":"WebSite","@id":"https:\/\/pbatitude.com\/#website","url":"https:\/\/pbatitude.com\/","name":"PBAtitude","description":"A la rencontre de votre nature profonde","potentialAction":[{"@type":"SearchAction","target":{"@type":"EntryPoint","urlTemplate":"https:\/\/pbatitude.com\/?s={search_term_string}"},"query-input":{"@type":"PropertyValueSpecification","valueRequired":true,"valueName":"search_term_string"}}],"inLanguage":"fr-FR"}]}},"_links":{"self":[{"href":"https:\/\/pbatitude.com\/index.php\/wp-json\/wp\/v2\/pages\/776","targetHints":{"allow":["GET"]}}],"collection":[{"href":"https:\/\/pbatitude.com\/index.php\/wp-json\/wp\/v2\/pages"}],"about":[{"href":"https:\/\/pbatitude.com\/index.php\/wp-json\/wp\/v2\/types\/page"}],"author":[{"embeddable":true,"href":"https:\/\/pbatitude.com\/index.php\/wp-json\/wp\/v2\/users\/1"}],"replies":[{"embeddable":true,"href":"https:\/\/pbatitude.com\/index.php\/wp-json\/wp\/v2\/comments?post=776"}],"version-history":[{"count":5,"href":"https:\/\/pbatitude.com\/index.php\/wp-json\/wp\/v2\/pages\/776\/revisions"}],"predecessor-version":[{"id":1299,"href":"https:\/\/pbatitude.com\/index.php\/wp-json\/wp\/v2\/pages\/776\/revisions\/1299"}],"up":[{"embeddable":true,"href":"https:\/\/pbatitude.com\/index.php\/wp-json\/wp\/v2\/pages\/781"}],"wp:attachment":[{"href":"https:\/\/pbatitude.com\/index.php\/wp-json\/wp\/v2\/media?parent=776"}],"curies":[{"name":"wp","href":"https:\/\/api.w.org\/{rel}","templated":true}]}}