{"id":762,"date":"2022-04-28T15:32:27","date_gmt":"2022-04-28T13:32:27","guid":{"rendered":"https:\/\/pbatitude.com\/?page_id=762"},"modified":"2025-03-05T15:11:36","modified_gmt":"2025-03-05T14:11:36","slug":"pba-crise-adolescence","status":"publish","type":"page","link":"https:\/\/pbatitude.com\/index.php\/accueil\/pba-pour-qui\/pba-adolescents\/pba-crise-adolescence\/","title":{"rendered":"PBA et crise d&rsquo;adolescence"},"content":{"rendered":"\n<p>Entre enfance et maturit\u00e9, l\u2019adolescence est une p\u00e9riode de transition et un challenge pour le jeune. L\u2019adolescent a besoin d\u2019un soutien solide pour s\u2019enraciner et devenir adulte. La PBA peut venir l\u2019\u00e9pauler.<\/p>\n\n\n\n<figure class=\"wp-block-image size-large\"><img loading=\"lazy\" decoding=\"async\" width=\"1024\" height=\"683\" src=\"https:\/\/pbatitude.com\/wp-content\/uploads\/2022\/04\/charles-chen-kyKyVEYUBPE-unsplash-1024x683.jpg\" alt=\"PBA, adolescents, crise, adolescence\" class=\"wp-image-765\" srcset=\"https:\/\/pbatitude.com\/wp-content\/uploads\/2022\/04\/charles-chen-kyKyVEYUBPE-unsplash-1024x683.jpg 1024w, https:\/\/pbatitude.com\/wp-content\/uploads\/2022\/04\/charles-chen-kyKyVEYUBPE-unsplash-300x200.jpg 300w, https:\/\/pbatitude.com\/wp-content\/uploads\/2022\/04\/charles-chen-kyKyVEYUBPE-unsplash-768x512.jpg 768w, https:\/\/pbatitude.com\/wp-content\/uploads\/2022\/04\/charles-chen-kyKyVEYUBPE-unsplash-1536x1024.jpg 1536w, https:\/\/pbatitude.com\/wp-content\/uploads\/2022\/04\/charles-chen-kyKyVEYUBPE-unsplash-2048x1365.jpg 2048w, https:\/\/pbatitude.com\/wp-content\/uploads\/2022\/04\/charles-chen-kyKyVEYUBPE-unsplash-1600x1067.jpg 1600w, https:\/\/pbatitude.com\/wp-content\/uploads\/2022\/04\/charles-chen-kyKyVEYUBPE-unsplash-780x520.jpg 780w\" sizes=\"auto, (max-width: 1024px) 100vw, 1024px\" \/><\/figure>\n\n\n\n<h2 class=\"wp-block-heading\">Le sens du mot \u201ccrise\u201d<\/h2>\n\n\n\n<p>Pour les parents, la p\u00e9riode de l\u2019adolescence&nbsp; est parfois assimilable \u00e0 une crise dans le sens o\u00f9 c\u2019est&nbsp; un moment tr\u00e8s difficile de la vie marqu\u00e9 par un trouble profond. C\u2019est en effet, pour l\u2019adolescent, une phase de bouleversements et de grande fragilit\u00e9 personnelle. Etymologiquement, le mot crise vient du grec krisis qui signifie \u201caction de distinguer, choisir, d\u00e9cider, s\u00e9parer\u201d&nbsp; En effet, l\u2019adolescent est dans une phase de construction identitaire et de prise d\u2019autonomie.&nbsp;<\/p>\n\n\n\n<h2 class=\"wp-block-heading\">Recherche d\u2019identit\u00e9 de l\u2019adolescent<\/h2>\n\n\n\n<p>L\u2019adolescent vit une deuxi\u00e8me naissance, il recherche son identit\u00e9, visant \u00e0 s\u2019affirmer en tant qu\u2019\u00eatre unique, ceci apportant son lot de doute, d\u2019opposition, d\u2019affirmation, de remise en question. A la recherche de son image, l\u2019adolescent va parfois rejeter violemment celle qui ne lui correspond pas pour marquer son individualit\u00e9, mais aussi imiter des comportements marquant son appartenance.<\/p>\n\n\n\n<h2 class=\"wp-block-heading\">Recherche d\u2019ind\u00e9pendance de l\u2019adolescent<\/h2>\n\n\n\n<p>Dans sa qu\u00eate d\u2019autonomie, l\u2019adolescent s\u2019avance vers l\u2019ext\u00e9rieur mais cherche \u00e0 garder une solution de repli pour sa s\u00e9curit\u00e9 (physique, mat\u00e9rielle, affective, sexuelle, psychologique\u2026) Durant cette crise, il se d\u00e9tache du cocon familial, d\u2019o\u00f9 son attrait pour les r\u00e9seaux sociaux, les sorties, parfois les transgressions et les consommations. Les attentes de l\u2019adolescent et la vision qu\u2019en ont ses parents sont souvent sources de conflits et de crise au sein de la famille.&nbsp;<\/p>\n\n\n\n<h2 class=\"wp-block-heading\">Comment la PBA peut-elle aider pendant la crise d\u2019adolescence ?<\/h2>\n\n\n\n<p>La PBA peut aider l\u2019adolescent d\u2019une part \u00e0 \u00e9vacuer les blocages \u00e9motionnels l\u2019emp\u00eachant de s\u2019affirmer, ou d\u2019avoir une image juste de lui-m\u00eame, ceux l\u2019emp\u00eachant de faire des choix en accord avec son identit\u00e9 profonde et de passer \u00e0 l\u2019action de mani\u00e8re appropri\u00e9e par exemple.<\/p>\n\n\n\n<p>D\u2019autre part, la PBA peut aider les parents pour qu\u2019ils trouvent leurs propres ressources durant cette \u201ccrise\u201d afin d\u2019accompagner leur ado avec rigueur et bienveillance, d\u2019apaiser leurs craintes et de retrouver confiance en lui.<\/p>\n\n\n\n<h2 class=\"wp-block-heading\">Voir aussi :<\/h2>\n\n\n\n<ul class=\"wp-block-list\">\n<li><a href=\"https:\/\/pbatitude.com\/index.php\/accueil\/pba-pour-qui\/pba-adolescents\/pba-hyperemotivite\/\">PBA et hyper\u00e9motivit\u00e9<\/a><\/li>\n\n\n\n<li><a href=\"https:\/\/pbatitude.com\/index.php\/accueil\/pba-pour-qui\/pba-adolescents\/pba-pression-examens\/\">PBA et pression li\u00e9e aux examens<\/a><\/li>\n<\/ul>\n\n\n\n<p>Retour vers <a href=\"https:\/\/pbatitude.com\/index.php\/accueil\/pba-pour-qui\/pba-adolescents\/\">PBA pour les adolescents<\/a><\/p>\n","protected":false},"excerpt":{"rendered":"<p>Entre enfance et maturit\u00e9, l\u2019adolescence est une p\u00e9riode de transition et un challenge pour le jeune. L\u2019adolescent a besoin d\u2019un soutien solide pour s\u2019enraciner et devenir adulte. La PBA peut venir l\u2019\u00e9pauler. Le sens du mot \u201ccrise\u201d Pour les parents, la p\u00e9riode de l\u2019adolescence&nbsp; est parfois assimilable \u00e0 une crise dans le sens o\u00f9 c\u2019est&nbsp; &hellip;<\/p>\n","protected":false},"author":1,"featured_media":0,"parent":767,"menu_order":3,"comment_status":"closed","ping_status":"closed","template":"","meta":{"footnotes":""},"class_list":["post-762","page","type-page","status-publish","hentry","entry entry-center"],"yoast_head":"<!-- This site is optimized with the Yoast SEO plugin v27.3 - https:\/\/yoast.com\/product\/yoast-seo-wordpress\/ -->\n<title>PBA et crise d&#039;adolescence - PBAtitude<\/title>\n<meta name=\"description\" content=\"PBA adolescents crise adolescence jeune\" \/>\n<meta name=\"robots\" content=\"index, follow, max-snippet:-1, max-image-preview:large, max-video-preview:-1\" \/>\n<link rel=\"canonical\" href=\"https:\/\/pbatitude.com\/index.php\/accueil\/pba-pour-qui\/pba-adolescents\/pba-crise-adolescence\/\" \/>\n<meta property=\"og:locale\" content=\"fr_FR\" \/>\n<meta property=\"og:type\" content=\"article\" \/>\n<meta property=\"og:title\" content=\"PBA et crise d&#039;adolescence - PBAtitude\" \/>\n<meta property=\"og:description\" content=\"PBA adolescents crise adolescence jeune\" \/>\n<meta property=\"og:url\" content=\"https:\/\/pbatitude.com\/index.php\/accueil\/pba-pour-qui\/pba-adolescents\/pba-crise-adolescence\/\" \/>\n<meta property=\"og:site_name\" content=\"PBAtitude\" \/>\n<meta property=\"article:modified_time\" content=\"2025-03-05T14:11:36+00:00\" \/>\n<meta property=\"og:image\" content=\"https:\/\/pbatitude.com\/wp-content\/uploads\/2022\/04\/charles-chen-kyKyVEYUBPE-unsplash-1024x683.jpg\" \/>\n<meta name=\"twitter:card\" content=\"summary_large_image\" \/>\n<meta name=\"twitter:label1\" content=\"Dur\u00e9e de lecture estim\u00e9e\" \/>\n\t<meta name=\"twitter:data1\" content=\"3 minutes\" \/>\n<script type=\"application\/ld+json\" class=\"yoast-schema-graph\">{\"@context\":\"https:\\\/\\\/schema.org\",\"@graph\":[{\"@type\":\"WebPage\",\"@id\":\"https:\\\/\\\/pbatitude.com\\\/index.php\\\/accueil\\\/pba-pour-qui\\\/pba-adolescents\\\/pba-crise-adolescence\\\/\",\"url\":\"https:\\\/\\\/pbatitude.com\\\/index.php\\\/accueil\\\/pba-pour-qui\\\/pba-adolescents\\\/pba-crise-adolescence\\\/\",\"name\":\"PBA et crise d'adolescence - PBAtitude\",\"isPartOf\":{\"@id\":\"https:\\\/\\\/pbatitude.com\\\/#website\"},\"primaryImageOfPage\":{\"@id\":\"https:\\\/\\\/pbatitude.com\\\/index.php\\\/accueil\\\/pba-pour-qui\\\/pba-adolescents\\\/pba-crise-adolescence\\\/#primaryimage\"},\"image\":{\"@id\":\"https:\\\/\\\/pbatitude.com\\\/index.php\\\/accueil\\\/pba-pour-qui\\\/pba-adolescents\\\/pba-crise-adolescence\\\/#primaryimage\"},\"thumbnailUrl\":\"https:\\\/\\\/pbatitude.com\\\/wp-content\\\/uploads\\\/2022\\\/04\\\/charles-chen-kyKyVEYUBPE-unsplash-1024x683.jpg\",\"datePublished\":\"2022-04-28T13:32:27+00:00\",\"dateModified\":\"2025-03-05T14:11:36+00:00\",\"description\":\"PBA adolescents crise adolescence jeune\",\"breadcrumb\":{\"@id\":\"https:\\\/\\\/pbatitude.com\\\/index.php\\\/accueil\\\/pba-pour-qui\\\/pba-adolescents\\\/pba-crise-adolescence\\\/#breadcrumb\"},\"inLanguage\":\"fr-FR\",\"potentialAction\":[{\"@type\":\"ReadAction\",\"target\":[\"https:\\\/\\\/pbatitude.com\\\/index.php\\\/accueil\\\/pba-pour-qui\\\/pba-adolescents\\\/pba-crise-adolescence\\\/\"]}]},{\"@type\":\"ImageObject\",\"inLanguage\":\"fr-FR\",\"@id\":\"https:\\\/\\\/pbatitude.com\\\/index.php\\\/accueil\\\/pba-pour-qui\\\/pba-adolescents\\\/pba-crise-adolescence\\\/#primaryimage\",\"url\":\"https:\\\/\\\/pbatitude.com\\\/wp-content\\\/uploads\\\/2022\\\/04\\\/charles-chen-kyKyVEYUBPE-unsplash-1024x683.jpg\",\"contentUrl\":\"https:\\\/\\\/pbatitude.com\\\/wp-content\\\/uploads\\\/2022\\\/04\\\/charles-chen-kyKyVEYUBPE-unsplash-1024x683.jpg\"},{\"@type\":\"BreadcrumbList\",\"@id\":\"https:\\\/\\\/pbatitude.com\\\/index.php\\\/accueil\\\/pba-pour-qui\\\/pba-adolescents\\\/pba-crise-adolescence\\\/#breadcrumb\",\"itemListElement\":[{\"@type\":\"ListItem\",\"position\":1,\"name\":\"Accueil\",\"item\":\"https:\\\/\\\/pbatitude.com\\\/\"},{\"@type\":\"ListItem\",\"position\":2,\"name\":\"ACCUEIL\",\"item\":\"https:\\\/\\\/pbatitude.com\\\/\"},{\"@type\":\"ListItem\",\"position\":3,\"name\":\"A QUI S&rsquo;ADRESSE LA PBA ?\",\"item\":\"https:\\\/\\\/pbatitude.com\\\/index.php\\\/accueil\\\/pba-pour-qui\\\/\"},{\"@type\":\"ListItem\",\"position\":4,\"name\":\"PBA POUR LES ADOLESCENTS\",\"item\":\"https:\\\/\\\/pbatitude.com\\\/index.php\\\/accueil\\\/pba-pour-qui\\\/pba-adolescents\\\/\"},{\"@type\":\"ListItem\",\"position\":5,\"name\":\"PBA et crise d&rsquo;adolescence\"}]},{\"@type\":\"WebSite\",\"@id\":\"https:\\\/\\\/pbatitude.com\\\/#website\",\"url\":\"https:\\\/\\\/pbatitude.com\\\/\",\"name\":\"PBAtitude\",\"description\":\"A la rencontre de votre nature profonde\",\"potentialAction\":[{\"@type\":\"SearchAction\",\"target\":{\"@type\":\"EntryPoint\",\"urlTemplate\":\"https:\\\/\\\/pbatitude.com\\\/?s={search_term_string}\"},\"query-input\":{\"@type\":\"PropertyValueSpecification\",\"valueRequired\":true,\"valueName\":\"search_term_string\"}}],\"inLanguage\":\"fr-FR\"}]}<\/script>\n<!-- \/ Yoast SEO plugin. -->","yoast_head_json":{"title":"PBA et crise d'adolescence - PBAtitude","description":"PBA adolescents crise adolescence jeune","robots":{"index":"index","follow":"follow","max-snippet":"max-snippet:-1","max-image-preview":"max-image-preview:large","max-video-preview":"max-video-preview:-1"},"canonical":"https:\/\/pbatitude.com\/index.php\/accueil\/pba-pour-qui\/pba-adolescents\/pba-crise-adolescence\/","og_locale":"fr_FR","og_type":"article","og_title":"PBA et crise d'adolescence - PBAtitude","og_description":"PBA adolescents crise adolescence jeune","og_url":"https:\/\/pbatitude.com\/index.php\/accueil\/pba-pour-qui\/pba-adolescents\/pba-crise-adolescence\/","og_site_name":"PBAtitude","article_modified_time":"2025-03-05T14:11:36+00:00","og_image":[{"url":"https:\/\/pbatitude.com\/wp-content\/uploads\/2022\/04\/charles-chen-kyKyVEYUBPE-unsplash-1024x683.jpg","type":"","width":"","height":""}],"twitter_card":"summary_large_image","twitter_misc":{"Dur\u00e9e de lecture estim\u00e9e":"3 minutes"},"schema":{"@context":"https:\/\/schema.org","@graph":[{"@type":"WebPage","@id":"https:\/\/pbatitude.com\/index.php\/accueil\/pba-pour-qui\/pba-adolescents\/pba-crise-adolescence\/","url":"https:\/\/pbatitude.com\/index.php\/accueil\/pba-pour-qui\/pba-adolescents\/pba-crise-adolescence\/","name":"PBA et crise d'adolescence - PBAtitude","isPartOf":{"@id":"https:\/\/pbatitude.com\/#website"},"primaryImageOfPage":{"@id":"https:\/\/pbatitude.com\/index.php\/accueil\/pba-pour-qui\/pba-adolescents\/pba-crise-adolescence\/#primaryimage"},"image":{"@id":"https:\/\/pbatitude.com\/index.php\/accueil\/pba-pour-qui\/pba-adolescents\/pba-crise-adolescence\/#primaryimage"},"thumbnailUrl":"https:\/\/pbatitude.com\/wp-content\/uploads\/2022\/04\/charles-chen-kyKyVEYUBPE-unsplash-1024x683.jpg","datePublished":"2022-04-28T13:32:27+00:00","dateModified":"2025-03-05T14:11:36+00:00","description":"PBA adolescents crise adolescence jeune","breadcrumb":{"@id":"https:\/\/pbatitude.com\/index.php\/accueil\/pba-pour-qui\/pba-adolescents\/pba-crise-adolescence\/#breadcrumb"},"inLanguage":"fr-FR","potentialAction":[{"@type":"ReadAction","target":["https:\/\/pbatitude.com\/index.php\/accueil\/pba-pour-qui\/pba-adolescents\/pba-crise-adolescence\/"]}]},{"@type":"ImageObject","inLanguage":"fr-FR","@id":"https:\/\/pbatitude.com\/index.php\/accueil\/pba-pour-qui\/pba-adolescents\/pba-crise-adolescence\/#primaryimage","url":"https:\/\/pbatitude.com\/wp-content\/uploads\/2022\/04\/charles-chen-kyKyVEYUBPE-unsplash-1024x683.jpg","contentUrl":"https:\/\/pbatitude.com\/wp-content\/uploads\/2022\/04\/charles-chen-kyKyVEYUBPE-unsplash-1024x683.jpg"},{"@type":"BreadcrumbList","@id":"https:\/\/pbatitude.com\/index.php\/accueil\/pba-pour-qui\/pba-adolescents\/pba-crise-adolescence\/#breadcrumb","itemListElement":[{"@type":"ListItem","position":1,"name":"Accueil","item":"https:\/\/pbatitude.com\/"},{"@type":"ListItem","position":2,"name":"ACCUEIL","item":"https:\/\/pbatitude.com\/"},{"@type":"ListItem","position":3,"name":"A QUI S&rsquo;ADRESSE LA PBA ?","item":"https:\/\/pbatitude.com\/index.php\/accueil\/pba-pour-qui\/"},{"@type":"ListItem","position":4,"name":"PBA POUR LES ADOLESCENTS","item":"https:\/\/pbatitude.com\/index.php\/accueil\/pba-pour-qui\/pba-adolescents\/"},{"@type":"ListItem","position":5,"name":"PBA et crise d&rsquo;adolescence"}]},{"@type":"WebSite","@id":"https:\/\/pbatitude.com\/#website","url":"https:\/\/pbatitude.com\/","name":"PBAtitude","description":"A la rencontre de votre nature profonde","potentialAction":[{"@type":"SearchAction","target":{"@type":"EntryPoint","urlTemplate":"https:\/\/pbatitude.com\/?s={search_term_string}"},"query-input":{"@type":"PropertyValueSpecification","valueRequired":true,"valueName":"search_term_string"}}],"inLanguage":"fr-FR"}]}},"_links":{"self":[{"href":"https:\/\/pbatitude.com\/index.php\/wp-json\/wp\/v2\/pages\/762","targetHints":{"allow":["GET"]}}],"collection":[{"href":"https:\/\/pbatitude.com\/index.php\/wp-json\/wp\/v2\/pages"}],"about":[{"href":"https:\/\/pbatitude.com\/index.php\/wp-json\/wp\/v2\/types\/page"}],"author":[{"embeddable":true,"href":"https:\/\/pbatitude.com\/index.php\/wp-json\/wp\/v2\/users\/1"}],"replies":[{"embeddable":true,"href":"https:\/\/pbatitude.com\/index.php\/wp-json\/wp\/v2\/comments?post=762"}],"version-history":[{"count":5,"href":"https:\/\/pbatitude.com\/index.php\/wp-json\/wp\/v2\/pages\/762\/revisions"}],"predecessor-version":[{"id":1295,"href":"https:\/\/pbatitude.com\/index.php\/wp-json\/wp\/v2\/pages\/762\/revisions\/1295"}],"up":[{"embeddable":true,"href":"https:\/\/pbatitude.com\/index.php\/wp-json\/wp\/v2\/pages\/767"}],"wp:attachment":[{"href":"https:\/\/pbatitude.com\/index.php\/wp-json\/wp\/v2\/media?parent=762"}],"curies":[{"name":"wp","href":"https:\/\/api.w.org\/{rel}","templated":true}]}}