{"id":740,"date":"2022-04-28T15:01:01","date_gmt":"2022-04-28T13:01:01","guid":{"rendered":"https:\/\/pbatitude.com\/?page_id=740"},"modified":"2025-03-05T15:08:29","modified_gmt":"2025-03-05T14:08:29","slug":"pba-cystites","status":"publish","type":"page","link":"https:\/\/pbatitude.com\/index.php\/accueil\/pba-pour-qui\/pba-pour-adultes\/pba-cystites\/","title":{"rendered":"PBA et cystites"},"content":{"rendered":"\n<p>La cystite est une affection fr\u00e9quente chez la femme. Rares sont les femmes adultes qui n\u2019ont pas connu un \u00e9pisode d&rsquo;infection urinaire. Elle peut arriver tout au long de la vie avec des pics observ\u00e9s au d\u00e9but de l\u2019activit\u00e9 sexuelle et apr\u00e8s l\u2019arr\u00eat des r\u00e8gles.<\/p>\n\n\n\n<figure class=\"wp-block-image size-large\"><img loading=\"lazy\" decoding=\"async\" width=\"1024\" height=\"681\" src=\"https:\/\/pbatitude.com\/wp-content\/uploads\/2022\/04\/eduardo-goody-d6aGivW2ZL0-unsplash-1-1024x681.jpg\" alt=\"PBA,  adulte, femme, cystite, urinaire\" class=\"wp-image-741\" srcset=\"https:\/\/pbatitude.com\/wp-content\/uploads\/2022\/04\/eduardo-goody-d6aGivW2ZL0-unsplash-1-1024x681.jpg 1024w, https:\/\/pbatitude.com\/wp-content\/uploads\/2022\/04\/eduardo-goody-d6aGivW2ZL0-unsplash-1-300x199.jpg 300w, https:\/\/pbatitude.com\/wp-content\/uploads\/2022\/04\/eduardo-goody-d6aGivW2ZL0-unsplash-1-768x511.jpg 768w, https:\/\/pbatitude.com\/wp-content\/uploads\/2022\/04\/eduardo-goody-d6aGivW2ZL0-unsplash-1-1536x1021.jpg 1536w, https:\/\/pbatitude.com\/wp-content\/uploads\/2022\/04\/eduardo-goody-d6aGivW2ZL0-unsplash-1-2048x1362.jpg 2048w, https:\/\/pbatitude.com\/wp-content\/uploads\/2022\/04\/eduardo-goody-d6aGivW2ZL0-unsplash-1-1600x1064.jpg 1600w, https:\/\/pbatitude.com\/wp-content\/uploads\/2022\/04\/eduardo-goody-d6aGivW2ZL0-unsplash-1-780x519.jpg 780w\" sizes=\"auto, (max-width: 1024px) 100vw, 1024px\" \/><\/figure>\n\n\n\n<h2 class=\"wp-block-heading\">Qu\u2019est ce qu\u2019une cystite et quels sont les sympt\u00f4mes?<\/h2>\n\n\n\n<p>Une cystite est une infection de la vessie qui se caract\u00e9rise le plus souvent par des sensations de br\u00fblure en urinant et un besoin fr\u00e9quent d&rsquo;aller uriner. Les urines peuvent parfois \u00eatre troubles ou pr\u00e9senter des traces de sang. Si des douleurs dans le dos ou de la fi\u00e8vre apparaissent, il est urgent pour l\u2019adulte de consulter un m\u00e9decin.<\/p>\n\n\n\n<h2 class=\"wp-block-heading\">Quelles sont les causes d\u2019une cystite ?<\/h2>\n\n\n\n<p>Sexualit\u00e9, hygi\u00e8ne, alimentation, fluctuations hormonales peuvent \u00eatre des causes physiologiques. Mais en cas d&rsquo;infections urinaires \u00e0 r\u00e9p\u00e9tition (au-del\u00e0 de 4 par an) ou d\u2019origine nerveuse, il peut \u00eatre int\u00e9ressant pour la femme concern\u00e9e, de consulter un praticien en PBA afin rechercher des causes \u00e9motionnelles.<\/p>\n\n\n\n<h2 class=\"wp-block-heading\">La PBA pour g\u00e9rer les cystites \u00e0 r\u00e9p\u00e9tition<\/h2>\n\n\n\n<p>Les infections \u00e0 r\u00e9p\u00e9tition signent une perte des d\u00e9fenses immunitaires. La naturopathie a fait ses preuves pour booster son immunit\u00e9, mais le d\u00e9ficit immunitaire chez l\u2019adulte est souvent li\u00e9 \u00e0 un mauvais fonctionnement psychique. L&rsquo;organe atteint sera la plupart du temps en relation avec une probl\u00e9matique non r\u00e9gl\u00e9e. Par exemple, la vessie, dans le cas d\u2019infections urinaires \u00e0 r\u00e9p\u00e9titions, est souvent en relation avec les peurs et la culpabilit\u00e9 selon la MTC (M\u00e9decine Traditionnelle Chinoise).<\/p>\n\n\n\n<p>La PBA agit de diff\u00e9rentes mani\u00e8res sur les cystites :<\/p>\n\n\n\n<p>1\/Par l\u2019application de points d\u2019acupressure, la PBA aide \u00e0 diminuer l\u2019anxi\u00e9t\u00e9, \u00e0 r\u00e9gulariser les \u00e9nergies de la vessie et \u00e0 r\u00e9tablir son autod\u00e9fense. A noter que chacun peut les appliquer soi-m\u00eame en se r\u00e9f\u00e9rant aux livres du Docteur Pierre-No\u00ebl Delatte.<\/p>\n\n\n\n<p>2\/ La PBA nous apprend aussi \u00e0 faire la diff\u00e9rence entre l\u2019erreur et la faute et donc \u00e0 moins culpabiliser, ce qui aurait&nbsp; un impact b\u00e9n\u00e9fique sur la vessie.<\/p>\n\n\n\n<p>3\/ Enfin, le praticien PBA recherche quels blocages \u00e9motionnels peuvent \u00eatre en lien avec les peurs et les culpabilit\u00e9s, mais peut \u00e9galement \u00e9largir son champ d\u2019exploration en allant v\u00e9rifier des m\u00e9moires \u00e9motionnelles en lien, par exemple, avec le besoin de faire respecter son territoire (son espace, son intimit\u00e9\u2026) ou la sexualit\u00e9 de la femme. En \u00e9vacuant ces blocages \u00e9motionnels, le probl\u00e8me des cystites \u00e0 r\u00e9p\u00e9tition chez l\u2019adulte a de grandes chances de dispara\u00eetre.<\/p>\n\n\n\n<h2 class=\"wp-block-heading\">Voir aussi :<\/h2>\n\n\n\n<ul class=\"wp-block-list\">\n<li><a href=\"https:\/\/pbatitude.com\/index.php\/accueil\/pba-pour-qui\/pba-pour-adultes\/pba-debarrasser-blocages-emotionnels\/\">PBA pour se d\u00e9barrasser des blocages \u00e9motionnels<\/a><\/li>\n\n\n\n<li><a href=\"https:\/\/pbatitude.com\/index.php\/accueil\/pba-pour-qui\/pba-pour-adultes\/pba-gestion-stress\/\">PBA et gestion du stress<\/a><\/li>\n\n\n\n<li><a href=\"https:\/\/pbatitude.com\/index.php\/accueil\/pba-pour-qui\/pba-pour-adultes\/rester-bonnes-energies-vacances-travail\/\">Comment rester sur de bonnes \u00e9nergies en vacances, au travail ?<\/a><\/li>\n\n\n\n<li><a href=\"https:\/\/pbatitude.com\/index.php\/accueil\/pba-pour-qui\/pba-pour-adultes\/pba-jalousie-couple\/\">PBA et jalousie dans le couple<\/a><\/li>\n\n\n\n<li><a href=\"https:\/\/pbatitude.com\/index.php\/accueil\/pba-pour-qui\/pba-pour-adultes\/pba-menopause\/\">PBA et m\u00e9nopause<\/a><\/li>\n\n\n\n<li><a href=\"https:\/\/pbatitude.com\/index.php\/accueil\/pba-pour-qui\/pba-pour-adultes\/eco-anxiete\/\">PBA et \u00e9co-anxi\u00e9t\u00e9<\/a><\/li>\n<\/ul>\n\n\n\n<p>Retour vers <a href=\"https:\/\/pbatitude.com\/index.php\/accueil\/pba-pour-qui\/pba-pour-adultes\/\">PBA pour les adultes<\/a><\/p>\n","protected":false},"excerpt":{"rendered":"<p>La cystite est une affection fr\u00e9quente chez la femme. Rares sont les femmes adultes qui n\u2019ont pas connu un \u00e9pisode d&rsquo;infection urinaire. Elle peut arriver tout au long de la vie avec des pics observ\u00e9s au d\u00e9but de l\u2019activit\u00e9 sexuelle et apr\u00e8s l\u2019arr\u00eat des r\u00e8gles. Qu\u2019est ce qu\u2019une cystite et quels sont les sympt\u00f4mes? Une &hellip;<\/p>\n","protected":false},"author":1,"featured_media":0,"parent":746,"menu_order":5,"comment_status":"closed","ping_status":"closed","template":"","meta":{"footnotes":""},"class_list":["post-740","page","type-page","status-publish","hentry","entry entry-center"],"yoast_head":"<!-- This site is optimized with the Yoast SEO plugin v27.5 - https:\/\/yoast.com\/product\/yoast-seo-wordpress\/ -->\n<title>PBA et cystites - PBAtitude<\/title>\n<meta name=\"description\" content=\"PBA adulte femme cystite urinaire infection vessie\" \/>\n<meta name=\"robots\" content=\"index, follow, max-snippet:-1, max-image-preview:large, max-video-preview:-1\" \/>\n<link rel=\"canonical\" href=\"https:\/\/pbatitude.com\/index.php\/accueil\/pba-pour-qui\/pba-pour-adultes\/pba-cystites\/\" \/>\n<meta property=\"og:locale\" content=\"fr_FR\" \/>\n<meta property=\"og:type\" content=\"article\" \/>\n<meta property=\"og:title\" content=\"PBA et cystites - PBAtitude\" \/>\n<meta property=\"og:description\" content=\"PBA adulte femme cystite urinaire infection vessie\" \/>\n<meta property=\"og:url\" content=\"https:\/\/pbatitude.com\/index.php\/accueil\/pba-pour-qui\/pba-pour-adultes\/pba-cystites\/\" \/>\n<meta property=\"og:site_name\" content=\"PBAtitude\" \/>\n<meta property=\"article:modified_time\" content=\"2025-03-05T14:08:29+00:00\" \/>\n<meta property=\"og:image\" content=\"https:\/\/pbatitude.com\/wp-content\/uploads\/2022\/04\/eduardo-goody-d6aGivW2ZL0-unsplash-1-1024x681.jpg\" \/>\n<meta name=\"twitter:card\" content=\"summary_large_image\" \/>\n<meta name=\"twitter:label1\" content=\"Dur\u00e9e de lecture estim\u00e9e\" \/>\n\t<meta name=\"twitter:data1\" content=\"3 minutes\" \/>\n<script type=\"application\/ld+json\" class=\"yoast-schema-graph\">{\"@context\":\"https:\\\/\\\/schema.org\",\"@graph\":[{\"@type\":\"WebPage\",\"@id\":\"https:\\\/\\\/pbatitude.com\\\/index.php\\\/accueil\\\/pba-pour-qui\\\/pba-pour-adultes\\\/pba-cystites\\\/\",\"url\":\"https:\\\/\\\/pbatitude.com\\\/index.php\\\/accueil\\\/pba-pour-qui\\\/pba-pour-adultes\\\/pba-cystites\\\/\",\"name\":\"PBA et cystites - PBAtitude\",\"isPartOf\":{\"@id\":\"https:\\\/\\\/pbatitude.com\\\/#website\"},\"primaryImageOfPage\":{\"@id\":\"https:\\\/\\\/pbatitude.com\\\/index.php\\\/accueil\\\/pba-pour-qui\\\/pba-pour-adultes\\\/pba-cystites\\\/#primaryimage\"},\"image\":{\"@id\":\"https:\\\/\\\/pbatitude.com\\\/index.php\\\/accueil\\\/pba-pour-qui\\\/pba-pour-adultes\\\/pba-cystites\\\/#primaryimage\"},\"thumbnailUrl\":\"https:\\\/\\\/pbatitude.com\\\/wp-content\\\/uploads\\\/2022\\\/04\\\/eduardo-goody-d6aGivW2ZL0-unsplash-1-1024x681.jpg\",\"datePublished\":\"2022-04-28T13:01:01+00:00\",\"dateModified\":\"2025-03-05T14:08:29+00:00\",\"description\":\"PBA adulte femme cystite urinaire infection vessie\",\"breadcrumb\":{\"@id\":\"https:\\\/\\\/pbatitude.com\\\/index.php\\\/accueil\\\/pba-pour-qui\\\/pba-pour-adultes\\\/pba-cystites\\\/#breadcrumb\"},\"inLanguage\":\"fr-FR\",\"potentialAction\":[{\"@type\":\"ReadAction\",\"target\":[\"https:\\\/\\\/pbatitude.com\\\/index.php\\\/accueil\\\/pba-pour-qui\\\/pba-pour-adultes\\\/pba-cystites\\\/\"]}]},{\"@type\":\"ImageObject\",\"inLanguage\":\"fr-FR\",\"@id\":\"https:\\\/\\\/pbatitude.com\\\/index.php\\\/accueil\\\/pba-pour-qui\\\/pba-pour-adultes\\\/pba-cystites\\\/#primaryimage\",\"url\":\"https:\\\/\\\/pbatitude.com\\\/wp-content\\\/uploads\\\/2022\\\/04\\\/eduardo-goody-d6aGivW2ZL0-unsplash-1-1024x681.jpg\",\"contentUrl\":\"https:\\\/\\\/pbatitude.com\\\/wp-content\\\/uploads\\\/2022\\\/04\\\/eduardo-goody-d6aGivW2ZL0-unsplash-1-1024x681.jpg\"},{\"@type\":\"BreadcrumbList\",\"@id\":\"https:\\\/\\\/pbatitude.com\\\/index.php\\\/accueil\\\/pba-pour-qui\\\/pba-pour-adultes\\\/pba-cystites\\\/#breadcrumb\",\"itemListElement\":[{\"@type\":\"ListItem\",\"position\":1,\"name\":\"Accueil\",\"item\":\"https:\\\/\\\/pbatitude.com\\\/\"},{\"@type\":\"ListItem\",\"position\":2,\"name\":\"ACCUEIL\",\"item\":\"https:\\\/\\\/pbatitude.com\\\/\"},{\"@type\":\"ListItem\",\"position\":3,\"name\":\"A QUI S&rsquo;ADRESSE LA PBA ?\",\"item\":\"https:\\\/\\\/pbatitude.com\\\/index.php\\\/accueil\\\/pba-pour-qui\\\/\"},{\"@type\":\"ListItem\",\"position\":4,\"name\":\"PBA POUR LES ADULTES\",\"item\":\"https:\\\/\\\/pbatitude.com\\\/index.php\\\/accueil\\\/pba-pour-qui\\\/pba-pour-adultes\\\/\"},{\"@type\":\"ListItem\",\"position\":5,\"name\":\"PBA et cystites\"}]},{\"@type\":\"WebSite\",\"@id\":\"https:\\\/\\\/pbatitude.com\\\/#website\",\"url\":\"https:\\\/\\\/pbatitude.com\\\/\",\"name\":\"PBAtitude\",\"description\":\"A la rencontre de votre nature profonde\",\"potentialAction\":[{\"@type\":\"SearchAction\",\"target\":{\"@type\":\"EntryPoint\",\"urlTemplate\":\"https:\\\/\\\/pbatitude.com\\\/?s={search_term_string}\"},\"query-input\":{\"@type\":\"PropertyValueSpecification\",\"valueRequired\":true,\"valueName\":\"search_term_string\"}}],\"inLanguage\":\"fr-FR\"}]}<\/script>\n<!-- \/ Yoast SEO plugin. -->","yoast_head_json":{"title":"PBA et cystites - PBAtitude","description":"PBA adulte femme cystite urinaire infection vessie","robots":{"index":"index","follow":"follow","max-snippet":"max-snippet:-1","max-image-preview":"max-image-preview:large","max-video-preview":"max-video-preview:-1"},"canonical":"https:\/\/pbatitude.com\/index.php\/accueil\/pba-pour-qui\/pba-pour-adultes\/pba-cystites\/","og_locale":"fr_FR","og_type":"article","og_title":"PBA et cystites - PBAtitude","og_description":"PBA adulte femme cystite urinaire infection vessie","og_url":"https:\/\/pbatitude.com\/index.php\/accueil\/pba-pour-qui\/pba-pour-adultes\/pba-cystites\/","og_site_name":"PBAtitude","article_modified_time":"2025-03-05T14:08:29+00:00","og_image":[{"url":"https:\/\/pbatitude.com\/wp-content\/uploads\/2022\/04\/eduardo-goody-d6aGivW2ZL0-unsplash-1-1024x681.jpg","type":"","width":"","height":""}],"twitter_card":"summary_large_image","twitter_misc":{"Dur\u00e9e de lecture estim\u00e9e":"3 minutes"},"schema":{"@context":"https:\/\/schema.org","@graph":[{"@type":"WebPage","@id":"https:\/\/pbatitude.com\/index.php\/accueil\/pba-pour-qui\/pba-pour-adultes\/pba-cystites\/","url":"https:\/\/pbatitude.com\/index.php\/accueil\/pba-pour-qui\/pba-pour-adultes\/pba-cystites\/","name":"PBA et cystites - PBAtitude","isPartOf":{"@id":"https:\/\/pbatitude.com\/#website"},"primaryImageOfPage":{"@id":"https:\/\/pbatitude.com\/index.php\/accueil\/pba-pour-qui\/pba-pour-adultes\/pba-cystites\/#primaryimage"},"image":{"@id":"https:\/\/pbatitude.com\/index.php\/accueil\/pba-pour-qui\/pba-pour-adultes\/pba-cystites\/#primaryimage"},"thumbnailUrl":"https:\/\/pbatitude.com\/wp-content\/uploads\/2022\/04\/eduardo-goody-d6aGivW2ZL0-unsplash-1-1024x681.jpg","datePublished":"2022-04-28T13:01:01+00:00","dateModified":"2025-03-05T14:08:29+00:00","description":"PBA adulte femme cystite urinaire infection vessie","breadcrumb":{"@id":"https:\/\/pbatitude.com\/index.php\/accueil\/pba-pour-qui\/pba-pour-adultes\/pba-cystites\/#breadcrumb"},"inLanguage":"fr-FR","potentialAction":[{"@type":"ReadAction","target":["https:\/\/pbatitude.com\/index.php\/accueil\/pba-pour-qui\/pba-pour-adultes\/pba-cystites\/"]}]},{"@type":"ImageObject","inLanguage":"fr-FR","@id":"https:\/\/pbatitude.com\/index.php\/accueil\/pba-pour-qui\/pba-pour-adultes\/pba-cystites\/#primaryimage","url":"https:\/\/pbatitude.com\/wp-content\/uploads\/2022\/04\/eduardo-goody-d6aGivW2ZL0-unsplash-1-1024x681.jpg","contentUrl":"https:\/\/pbatitude.com\/wp-content\/uploads\/2022\/04\/eduardo-goody-d6aGivW2ZL0-unsplash-1-1024x681.jpg"},{"@type":"BreadcrumbList","@id":"https:\/\/pbatitude.com\/index.php\/accueil\/pba-pour-qui\/pba-pour-adultes\/pba-cystites\/#breadcrumb","itemListElement":[{"@type":"ListItem","position":1,"name":"Accueil","item":"https:\/\/pbatitude.com\/"},{"@type":"ListItem","position":2,"name":"ACCUEIL","item":"https:\/\/pbatitude.com\/"},{"@type":"ListItem","position":3,"name":"A QUI S&rsquo;ADRESSE LA PBA ?","item":"https:\/\/pbatitude.com\/index.php\/accueil\/pba-pour-qui\/"},{"@type":"ListItem","position":4,"name":"PBA POUR LES ADULTES","item":"https:\/\/pbatitude.com\/index.php\/accueil\/pba-pour-qui\/pba-pour-adultes\/"},{"@type":"ListItem","position":5,"name":"PBA et cystites"}]},{"@type":"WebSite","@id":"https:\/\/pbatitude.com\/#website","url":"https:\/\/pbatitude.com\/","name":"PBAtitude","description":"A la rencontre de votre nature profonde","potentialAction":[{"@type":"SearchAction","target":{"@type":"EntryPoint","urlTemplate":"https:\/\/pbatitude.com\/?s={search_term_string}"},"query-input":{"@type":"PropertyValueSpecification","valueRequired":true,"valueName":"search_term_string"}}],"inLanguage":"fr-FR"}]}},"_links":{"self":[{"href":"https:\/\/pbatitude.com\/index.php\/wp-json\/wp\/v2\/pages\/740","targetHints":{"allow":["GET"]}}],"collection":[{"href":"https:\/\/pbatitude.com\/index.php\/wp-json\/wp\/v2\/pages"}],"about":[{"href":"https:\/\/pbatitude.com\/index.php\/wp-json\/wp\/v2\/types\/page"}],"author":[{"embeddable":true,"href":"https:\/\/pbatitude.com\/index.php\/wp-json\/wp\/v2\/users\/1"}],"replies":[{"embeddable":true,"href":"https:\/\/pbatitude.com\/index.php\/wp-json\/wp\/v2\/comments?post=740"}],"version-history":[{"count":5,"href":"https:\/\/pbatitude.com\/index.php\/wp-json\/wp\/v2\/pages\/740\/revisions"}],"predecessor-version":[{"id":1286,"href":"https:\/\/pbatitude.com\/index.php\/wp-json\/wp\/v2\/pages\/740\/revisions\/1286"}],"up":[{"embeddable":true,"href":"https:\/\/pbatitude.com\/index.php\/wp-json\/wp\/v2\/pages\/746"}],"wp:attachment":[{"href":"https:\/\/pbatitude.com\/index.php\/wp-json\/wp\/v2\/media?parent=740"}],"curies":[{"name":"wp","href":"https:\/\/api.w.org\/{rel}","templated":true}]}}