{"id":737,"date":"2022-04-28T15:06:01","date_gmt":"2022-04-28T13:06:01","guid":{"rendered":"https:\/\/pbatitude.com\/?page_id=737"},"modified":"2025-03-05T15:07:54","modified_gmt":"2025-03-05T14:07:54","slug":"pba-jalousie-couple","status":"publish","type":"page","link":"https:\/\/pbatitude.com\/index.php\/accueil\/pba-pour-qui\/pba-pour-adultes\/pba-jalousie-couple\/","title":{"rendered":"PBA et jalousie dans le couple"},"content":{"rendered":"\n<p>La jalousie chez l\u2019adulte repr\u00e9sente des pens\u00e9es et sentiments d&rsquo;ins\u00e9curit\u00e9, de peur et d&rsquo;anxi\u00e9t\u00e9 concernant la perte d&rsquo;un statut, d&rsquo;un objet ou d&rsquo;un lien affectif ayant une importante valeur personnelle. Elle ne doit pas \u00eatre confondue avec l\u2019envie qui, elle, est li\u00e9e \u00e0 la peur de ne jamais avoir ce qu\u2019on n\u2019a pas. La PBA aide \u00e0 se lib\u00e9rer de blocages cruciaux pour retrouver une vie de couple harmonieuse.<\/p>\n\n\n\n<figure class=\"wp-block-image size-large\"><img loading=\"lazy\" decoding=\"async\" width=\"1024\" height=\"683\" src=\"https:\/\/pbatitude.com\/wp-content\/uploads\/2022\/04\/alex-motoc-JxhDRoadT_Q-unsplash-1024x683.jpg\" alt=\"PBA, adulte, jalousie, couple\" class=\"wp-image-738\" srcset=\"https:\/\/pbatitude.com\/wp-content\/uploads\/2022\/04\/alex-motoc-JxhDRoadT_Q-unsplash-1024x683.jpg 1024w, https:\/\/pbatitude.com\/wp-content\/uploads\/2022\/04\/alex-motoc-JxhDRoadT_Q-unsplash-300x200.jpg 300w, https:\/\/pbatitude.com\/wp-content\/uploads\/2022\/04\/alex-motoc-JxhDRoadT_Q-unsplash-768x512.jpg 768w, https:\/\/pbatitude.com\/wp-content\/uploads\/2022\/04\/alex-motoc-JxhDRoadT_Q-unsplash-1536x1024.jpg 1536w, https:\/\/pbatitude.com\/wp-content\/uploads\/2022\/04\/alex-motoc-JxhDRoadT_Q-unsplash-2048x1365.jpg 2048w, https:\/\/pbatitude.com\/wp-content\/uploads\/2022\/04\/alex-motoc-JxhDRoadT_Q-unsplash-1600x1067.jpg 1600w, https:\/\/pbatitude.com\/wp-content\/uploads\/2022\/04\/alex-motoc-JxhDRoadT_Q-unsplash-780x520.jpg 780w\" sizes=\"auto, (max-width: 1024px) 100vw, 1024px\" \/><\/figure>\n\n\n\n<h2 class=\"wp-block-heading\">Les manifestations de la jalousie \u00e0 l\u2019\u00e2ge adulte<\/h2>\n\n\n\n<p>La jalousie est un m\u00e9lange d&rsquo;\u00e9motions comme la col\u00e8re, la tristesse, la frustration et le d\u00e9go\u00fbt. Dans les relations de couple, elle porte sur le lien qu\u2019on aimerait avoir, sans risque de le perdre avec le\/la partenaire.&nbsp; Or, sachant qu\u2019on ne peut pas tout avoir, tout poss\u00e9der, cela g\u00e9n\u00e8re une insatisfaction, une difficult\u00e9 \u00e0 \u00eatre heureux et une tendance \u00e0 vouloir encore plus\u2026 C\u2019est un cercle vicieux pour soi mais aussi une mise en danger de la relation du couple: on veut poss\u00e9der l\u2019autre, au risque de l\u2019\u00e9touffer. Et plus il aura l\u2019impression d\u2019\u00e9touffer, plus il aura envie de trouver de l\u2019air et d\u2019aller voir ailleurs.<\/p>\n\n\n\n<h2 class=\"wp-block-heading\">Jalousie et \u00e9go<\/h2>\n\n\n\n<p>La jalousie \u00e0 l\u2019\u00e2ge adulte n\u2019est pas une preuve d\u2019amour, non, c\u2019est une prise de pouvoir sur le\/la partenaire. Comme le disait Ivan Bounine, \u00e9crivain russe, \u00ab La jalousie, c\u2019est un manque d\u2019estime pour la personne qu\u2019on aime. \u00bb. En effet, si on veut la poss\u00e9der, c\u2019est que l\u2019on consid\u00e8re qu\u2019elle nous est inf\u00e9rieure. La jalousie nous met face \u00e0 notre incompl\u00e9tude dans le couple et au fait qu\u2019on ne peut pas satisfaire tous les besoins de l\u2019autre.<\/p>\n\n\n\n<h2 class=\"wp-block-heading\">Une solution possible avec la PBA<\/h2>\n\n\n\n<p>La PBA aide les adultes qui ressentent de la jalousie dans leur couple et qui le vivent mal. Cette m\u00e9thode psycho corporelle les aide \u00e0 \u00e9vacuer les blocages tels que le besoin de poss\u00e9der, l\u2019insatisfaction chronique, le manque d\u2019estime de l\u2019autre, la jalousie, et ainsi de casser les sch\u00e9mas r\u00e9p\u00e9titifs. Ainsi la PBA permet de s\u2019accueillir avec toutes nos facettes, les bonnes comme les mauvaises et de retrouver confiance et s\u00e9curit\u00e9 int\u00e9rieure.<\/p>\n\n\n\n<h2 class=\"wp-block-heading\">Voir aussi :<\/h2>\n\n\n\n<ul class=\"wp-block-list\">\n<li><a href=\"https:\/\/pbatitude.com\/index.php\/accueil\/pba-pour-qui\/pba-pour-adultes\/pba-debarrasser-blocages-emotionnels\/\">PBA pour se d\u00e9barrasser des blocages \u00e9motionnels<\/a><\/li>\n\n\n\n<li><a href=\"https:\/\/pbatitude.com\/index.php\/accueil\/pba-pour-qui\/pba-pour-adultes\/pba-gestion-stress\/\">PBA et gestion du stress<\/a><\/li>\n\n\n\n<li><a href=\"https:\/\/pbatitude.com\/index.php\/accueil\/pba-pour-qui\/pba-pour-adultes\/rester-bonnes-energies-vacances-travail\/\">Comment rester sur de bonnes \u00e9nergies en vacances, au travail ?<\/a><\/li>\n\n\n\n<li><a href=\"https:\/\/pbatitude.com\/index.php\/accueil\/pba-pour-qui\/pba-pour-adultes\/pba-cystites\/\">PBA et cystites<\/a><\/li>\n\n\n\n<li><a href=\"https:\/\/pbatitude.com\/index.php\/accueil\/pba-pour-qui\/pba-pour-adultes\/pba-menopause\/\">PBA et m\u00e9nopause<\/a><\/li>\n\n\n\n<li><a href=\"https:\/\/pbatitude.com\/index.php\/accueil\/pba-pour-qui\/pba-pour-adultes\/eco-anxiete\/\">PBA et \u00e9co-anxi\u00e9t\u00e9<\/a><\/li>\n<\/ul>\n\n\n\n<p>Retour vers <a href=\"https:\/\/pbatitude.com\/index.php\/accueil\/pba-pour-qui\/pba-pour-adultes\/\">PBA pour les adultes<\/a><\/p>\n","protected":false},"excerpt":{"rendered":"<p>La jalousie chez l\u2019adulte repr\u00e9sente des pens\u00e9es et sentiments d&rsquo;ins\u00e9curit\u00e9, de peur et d&rsquo;anxi\u00e9t\u00e9 concernant la perte d&rsquo;un statut, d&rsquo;un objet ou d&rsquo;un lien affectif ayant une importante valeur personnelle. Elle ne doit pas \u00eatre confondue avec l\u2019envie qui, elle, est li\u00e9e \u00e0 la peur de ne jamais avoir ce qu\u2019on n\u2019a pas. La PBA &hellip;<\/p>\n","protected":false},"author":1,"featured_media":0,"parent":746,"menu_order":4,"comment_status":"closed","ping_status":"closed","template":"","meta":{"footnotes":""},"class_list":["post-737","page","type-page","status-publish","hentry","entry entry-center"],"yoast_head":"<!-- This site is optimized with the Yoast SEO plugin v27.4 - https:\/\/yoast.com\/product\/yoast-seo-wordpress\/ -->\n<title>PBA et jalousie dans le couple - PBAtitude<\/title>\n<meta name=\"description\" content=\"PBA adulte jalousie couple envie confiance estime vie harmonieuse\" \/>\n<meta name=\"robots\" content=\"index, follow, max-snippet:-1, max-image-preview:large, max-video-preview:-1\" \/>\n<link rel=\"canonical\" href=\"https:\/\/pbatitude.com\/index.php\/accueil\/pba-pour-qui\/pba-pour-adultes\/pba-jalousie-couple\/\" \/>\n<meta property=\"og:locale\" content=\"fr_FR\" \/>\n<meta property=\"og:type\" content=\"article\" \/>\n<meta property=\"og:title\" content=\"PBA et jalousie dans le couple - PBAtitude\" \/>\n<meta property=\"og:description\" content=\"PBA adulte jalousie couple envie confiance estime vie harmonieuse\" \/>\n<meta property=\"og:url\" content=\"https:\/\/pbatitude.com\/index.php\/accueil\/pba-pour-qui\/pba-pour-adultes\/pba-jalousie-couple\/\" \/>\n<meta property=\"og:site_name\" content=\"PBAtitude\" \/>\n<meta property=\"article:modified_time\" content=\"2025-03-05T14:07:54+00:00\" \/>\n<meta property=\"og:image\" content=\"https:\/\/pbatitude.com\/wp-content\/uploads\/2022\/04\/alex-motoc-JxhDRoadT_Q-unsplash-1024x683.jpg\" \/>\n<meta name=\"twitter:card\" content=\"summary_large_image\" \/>\n<meta name=\"twitter:label1\" content=\"Dur\u00e9e de lecture estim\u00e9e\" \/>\n\t<meta name=\"twitter:data1\" content=\"3 minutes\" \/>\n<script type=\"application\/ld+json\" class=\"yoast-schema-graph\">{\"@context\":\"https:\\\/\\\/schema.org\",\"@graph\":[{\"@type\":\"WebPage\",\"@id\":\"https:\\\/\\\/pbatitude.com\\\/index.php\\\/accueil\\\/pba-pour-qui\\\/pba-pour-adultes\\\/pba-jalousie-couple\\\/\",\"url\":\"https:\\\/\\\/pbatitude.com\\\/index.php\\\/accueil\\\/pba-pour-qui\\\/pba-pour-adultes\\\/pba-jalousie-couple\\\/\",\"name\":\"PBA et jalousie dans le couple - PBAtitude\",\"isPartOf\":{\"@id\":\"https:\\\/\\\/pbatitude.com\\\/#website\"},\"primaryImageOfPage\":{\"@id\":\"https:\\\/\\\/pbatitude.com\\\/index.php\\\/accueil\\\/pba-pour-qui\\\/pba-pour-adultes\\\/pba-jalousie-couple\\\/#primaryimage\"},\"image\":{\"@id\":\"https:\\\/\\\/pbatitude.com\\\/index.php\\\/accueil\\\/pba-pour-qui\\\/pba-pour-adultes\\\/pba-jalousie-couple\\\/#primaryimage\"},\"thumbnailUrl\":\"https:\\\/\\\/pbatitude.com\\\/wp-content\\\/uploads\\\/2022\\\/04\\\/alex-motoc-JxhDRoadT_Q-unsplash-1024x683.jpg\",\"datePublished\":\"2022-04-28T13:06:01+00:00\",\"dateModified\":\"2025-03-05T14:07:54+00:00\",\"description\":\"PBA adulte jalousie couple envie confiance estime vie harmonieuse\",\"breadcrumb\":{\"@id\":\"https:\\\/\\\/pbatitude.com\\\/index.php\\\/accueil\\\/pba-pour-qui\\\/pba-pour-adultes\\\/pba-jalousie-couple\\\/#breadcrumb\"},\"inLanguage\":\"fr-FR\",\"potentialAction\":[{\"@type\":\"ReadAction\",\"target\":[\"https:\\\/\\\/pbatitude.com\\\/index.php\\\/accueil\\\/pba-pour-qui\\\/pba-pour-adultes\\\/pba-jalousie-couple\\\/\"]}]},{\"@type\":\"ImageObject\",\"inLanguage\":\"fr-FR\",\"@id\":\"https:\\\/\\\/pbatitude.com\\\/index.php\\\/accueil\\\/pba-pour-qui\\\/pba-pour-adultes\\\/pba-jalousie-couple\\\/#primaryimage\",\"url\":\"https:\\\/\\\/pbatitude.com\\\/wp-content\\\/uploads\\\/2022\\\/04\\\/alex-motoc-JxhDRoadT_Q-unsplash-1024x683.jpg\",\"contentUrl\":\"https:\\\/\\\/pbatitude.com\\\/wp-content\\\/uploads\\\/2022\\\/04\\\/alex-motoc-JxhDRoadT_Q-unsplash-1024x683.jpg\"},{\"@type\":\"BreadcrumbList\",\"@id\":\"https:\\\/\\\/pbatitude.com\\\/index.php\\\/accueil\\\/pba-pour-qui\\\/pba-pour-adultes\\\/pba-jalousie-couple\\\/#breadcrumb\",\"itemListElement\":[{\"@type\":\"ListItem\",\"position\":1,\"name\":\"Accueil\",\"item\":\"https:\\\/\\\/pbatitude.com\\\/\"},{\"@type\":\"ListItem\",\"position\":2,\"name\":\"ACCUEIL\",\"item\":\"https:\\\/\\\/pbatitude.com\\\/\"},{\"@type\":\"ListItem\",\"position\":3,\"name\":\"A QUI S&rsquo;ADRESSE LA PBA ?\",\"item\":\"https:\\\/\\\/pbatitude.com\\\/index.php\\\/accueil\\\/pba-pour-qui\\\/\"},{\"@type\":\"ListItem\",\"position\":4,\"name\":\"PBA POUR LES ADULTES\",\"item\":\"https:\\\/\\\/pbatitude.com\\\/index.php\\\/accueil\\\/pba-pour-qui\\\/pba-pour-adultes\\\/\"},{\"@type\":\"ListItem\",\"position\":5,\"name\":\"PBA et jalousie dans le couple\"}]},{\"@type\":\"WebSite\",\"@id\":\"https:\\\/\\\/pbatitude.com\\\/#website\",\"url\":\"https:\\\/\\\/pbatitude.com\\\/\",\"name\":\"PBAtitude\",\"description\":\"A la rencontre de votre nature profonde\",\"potentialAction\":[{\"@type\":\"SearchAction\",\"target\":{\"@type\":\"EntryPoint\",\"urlTemplate\":\"https:\\\/\\\/pbatitude.com\\\/?s={search_term_string}\"},\"query-input\":{\"@type\":\"PropertyValueSpecification\",\"valueRequired\":true,\"valueName\":\"search_term_string\"}}],\"inLanguage\":\"fr-FR\"}]}<\/script>\n<!-- \/ Yoast SEO plugin. -->","yoast_head_json":{"title":"PBA et jalousie dans le couple - PBAtitude","description":"PBA adulte jalousie couple envie confiance estime vie harmonieuse","robots":{"index":"index","follow":"follow","max-snippet":"max-snippet:-1","max-image-preview":"max-image-preview:large","max-video-preview":"max-video-preview:-1"},"canonical":"https:\/\/pbatitude.com\/index.php\/accueil\/pba-pour-qui\/pba-pour-adultes\/pba-jalousie-couple\/","og_locale":"fr_FR","og_type":"article","og_title":"PBA et jalousie dans le couple - PBAtitude","og_description":"PBA adulte jalousie couple envie confiance estime vie harmonieuse","og_url":"https:\/\/pbatitude.com\/index.php\/accueil\/pba-pour-qui\/pba-pour-adultes\/pba-jalousie-couple\/","og_site_name":"PBAtitude","article_modified_time":"2025-03-05T14:07:54+00:00","og_image":[{"url":"https:\/\/pbatitude.com\/wp-content\/uploads\/2022\/04\/alex-motoc-JxhDRoadT_Q-unsplash-1024x683.jpg","type":"","width":"","height":""}],"twitter_card":"summary_large_image","twitter_misc":{"Dur\u00e9e de lecture estim\u00e9e":"3 minutes"},"schema":{"@context":"https:\/\/schema.org","@graph":[{"@type":"WebPage","@id":"https:\/\/pbatitude.com\/index.php\/accueil\/pba-pour-qui\/pba-pour-adultes\/pba-jalousie-couple\/","url":"https:\/\/pbatitude.com\/index.php\/accueil\/pba-pour-qui\/pba-pour-adultes\/pba-jalousie-couple\/","name":"PBA et jalousie dans le couple - PBAtitude","isPartOf":{"@id":"https:\/\/pbatitude.com\/#website"},"primaryImageOfPage":{"@id":"https:\/\/pbatitude.com\/index.php\/accueil\/pba-pour-qui\/pba-pour-adultes\/pba-jalousie-couple\/#primaryimage"},"image":{"@id":"https:\/\/pbatitude.com\/index.php\/accueil\/pba-pour-qui\/pba-pour-adultes\/pba-jalousie-couple\/#primaryimage"},"thumbnailUrl":"https:\/\/pbatitude.com\/wp-content\/uploads\/2022\/04\/alex-motoc-JxhDRoadT_Q-unsplash-1024x683.jpg","datePublished":"2022-04-28T13:06:01+00:00","dateModified":"2025-03-05T14:07:54+00:00","description":"PBA adulte jalousie couple envie confiance estime vie harmonieuse","breadcrumb":{"@id":"https:\/\/pbatitude.com\/index.php\/accueil\/pba-pour-qui\/pba-pour-adultes\/pba-jalousie-couple\/#breadcrumb"},"inLanguage":"fr-FR","potentialAction":[{"@type":"ReadAction","target":["https:\/\/pbatitude.com\/index.php\/accueil\/pba-pour-qui\/pba-pour-adultes\/pba-jalousie-couple\/"]}]},{"@type":"ImageObject","inLanguage":"fr-FR","@id":"https:\/\/pbatitude.com\/index.php\/accueil\/pba-pour-qui\/pba-pour-adultes\/pba-jalousie-couple\/#primaryimage","url":"https:\/\/pbatitude.com\/wp-content\/uploads\/2022\/04\/alex-motoc-JxhDRoadT_Q-unsplash-1024x683.jpg","contentUrl":"https:\/\/pbatitude.com\/wp-content\/uploads\/2022\/04\/alex-motoc-JxhDRoadT_Q-unsplash-1024x683.jpg"},{"@type":"BreadcrumbList","@id":"https:\/\/pbatitude.com\/index.php\/accueil\/pba-pour-qui\/pba-pour-adultes\/pba-jalousie-couple\/#breadcrumb","itemListElement":[{"@type":"ListItem","position":1,"name":"Accueil","item":"https:\/\/pbatitude.com\/"},{"@type":"ListItem","position":2,"name":"ACCUEIL","item":"https:\/\/pbatitude.com\/"},{"@type":"ListItem","position":3,"name":"A QUI S&rsquo;ADRESSE LA PBA ?","item":"https:\/\/pbatitude.com\/index.php\/accueil\/pba-pour-qui\/"},{"@type":"ListItem","position":4,"name":"PBA POUR LES ADULTES","item":"https:\/\/pbatitude.com\/index.php\/accueil\/pba-pour-qui\/pba-pour-adultes\/"},{"@type":"ListItem","position":5,"name":"PBA et jalousie dans le couple"}]},{"@type":"WebSite","@id":"https:\/\/pbatitude.com\/#website","url":"https:\/\/pbatitude.com\/","name":"PBAtitude","description":"A la rencontre de votre nature profonde","potentialAction":[{"@type":"SearchAction","target":{"@type":"EntryPoint","urlTemplate":"https:\/\/pbatitude.com\/?s={search_term_string}"},"query-input":{"@type":"PropertyValueSpecification","valueRequired":true,"valueName":"search_term_string"}}],"inLanguage":"fr-FR"}]}},"_links":{"self":[{"href":"https:\/\/pbatitude.com\/index.php\/wp-json\/wp\/v2\/pages\/737","targetHints":{"allow":["GET"]}}],"collection":[{"href":"https:\/\/pbatitude.com\/index.php\/wp-json\/wp\/v2\/pages"}],"about":[{"href":"https:\/\/pbatitude.com\/index.php\/wp-json\/wp\/v2\/types\/page"}],"author":[{"embeddable":true,"href":"https:\/\/pbatitude.com\/index.php\/wp-json\/wp\/v2\/users\/1"}],"replies":[{"embeddable":true,"href":"https:\/\/pbatitude.com\/index.php\/wp-json\/wp\/v2\/comments?post=737"}],"version-history":[{"count":7,"href":"https:\/\/pbatitude.com\/index.php\/wp-json\/wp\/v2\/pages\/737\/revisions"}],"predecessor-version":[{"id":1284,"href":"https:\/\/pbatitude.com\/index.php\/wp-json\/wp\/v2\/pages\/737\/revisions\/1284"}],"up":[{"embeddable":true,"href":"https:\/\/pbatitude.com\/index.php\/wp-json\/wp\/v2\/pages\/746"}],"wp:attachment":[{"href":"https:\/\/pbatitude.com\/index.php\/wp-json\/wp\/v2\/media?parent=737"}],"curies":[{"name":"wp","href":"https:\/\/api.w.org\/{rel}","templated":true}]}}