{"id":633,"date":"2022-04-25T17:45:48","date_gmt":"2022-04-25T15:45:48","guid":{"rendered":"https:\/\/pbatitude.com\/?page_id=633"},"modified":"2025-03-05T15:14:24","modified_gmt":"2025-03-05T14:14:24","slug":"livres-psycho-bio-acupressure","status":"publish","type":"page","link":"https:\/\/pbatitude.com\/index.php\/accueil\/etudes-cas-psycho-bio-acupressure\/livres-psycho-bio-acupressure\/","title":{"rendered":"LIVRES SUR LA PSYCHO-BIO-ACUPRESSURE"},"content":{"rendered":"\n<p>Les quatre livres du Dr Pierre-No\u00ebl Delatte sont des ouvrages de r\u00e9f\u00e9rence. Ils relatent de nombreux exemples de situations rencontr\u00e9es par le docteur. Le contexte de la consultation, son d\u00e9roulement et ses effets y sont d\u00e9crits. De nombreux cas de personnes de tout \u00e2ge sont relat\u00e9s dans ces livres. Vous en trouverez quelques exemples ci-dessous.<\/p>\n\n\n\n<h2 class=\"wp-block-heading\">L&rsquo;exemple de Karine 9 ans et demi qui a des probl\u00e8mes d&rsquo;\u00e9nur\u00e9sie<\/h2>\n\n\n\n<div class=\"wp-block-columns is-layout-flex wp-container-core-columns-is-layout-9d6595d7 wp-block-columns-is-layout-flex\">\n<div class=\"wp-block-column is-layout-flow wp-block-column-is-layout-flow\" style=\"flex-basis:33.33%\">\n<p>L\u2019\u00e9nur\u00e9sie est le terme m\u00e9dical qui d\u00e9signe l&rsquo;incontinence se produisant pendant le sommeil. Il s&rsquo;agit d&rsquo;une miction inconsciente et involontaire qui fait que l\u2019enfant mouille son lit. On parle d\u2019\u00e9nur\u00e9sie \u00e0 partir de l\u2019\u00e2ge de 5 ans. Elle peut avoir diverses origines, comme l\u2019h\u00e9r\u00e9dit\u00e9, ou une petite faiblesse de la vessie, ou encore de l\u2019anxi\u00e9t\u00e9 \u2026 En voici un exemple relat\u00e9 par le Dr Delatte dans un de ses livres. <a href=\"https:\/\/pbatitude.com\/index.php\/accueil\/etudes-cas-psycho-bio-acupressure\/livres-psycho-bio-acupressure\/exemple-karine-problemes-enuresie\/\">Lire&#8230;<\/a><\/p>\n<\/div>\n\n\n\n<div class=\"wp-block-column is-layout-flow wp-block-column-is-layout-flow\" style=\"flex-basis:66.66%\">\n<figure class=\"wp-block-image size-large\"><img loading=\"lazy\" decoding=\"async\" width=\"1024\" height=\"691\" src=\"https:\/\/pbatitude.com\/wp-content\/uploads\/2022\/01\/kate-stone-matheson-uy5t-CJuIK4-unsplash-1024x691.jpg\" alt=\"livre, cas, exemples, contexte, consultation, effet, \u00e9nur\u00e9sie\" class=\"wp-image-398\" srcset=\"https:\/\/pbatitude.com\/wp-content\/uploads\/2022\/01\/kate-stone-matheson-uy5t-CJuIK4-unsplash-1024x691.jpg 1024w, https:\/\/pbatitude.com\/wp-content\/uploads\/2022\/01\/kate-stone-matheson-uy5t-CJuIK4-unsplash-300x202.jpg 300w, https:\/\/pbatitude.com\/wp-content\/uploads\/2022\/01\/kate-stone-matheson-uy5t-CJuIK4-unsplash-768x518.jpg 768w, https:\/\/pbatitude.com\/wp-content\/uploads\/2022\/01\/kate-stone-matheson-uy5t-CJuIK4-unsplash-1536x1036.jpg 1536w, https:\/\/pbatitude.com\/wp-content\/uploads\/2022\/01\/kate-stone-matheson-uy5t-CJuIK4-unsplash-2048x1382.jpg 2048w, https:\/\/pbatitude.com\/wp-content\/uploads\/2022\/01\/kate-stone-matheson-uy5t-CJuIK4-unsplash-1600x1079.jpg 1600w, https:\/\/pbatitude.com\/wp-content\/uploads\/2022\/01\/kate-stone-matheson-uy5t-CJuIK4-unsplash-780x526.jpg 780w\" sizes=\"auto, (max-width: 1024px) 100vw, 1024px\" \/><\/figure>\n<\/div>\n<\/div>\n\n\n\n<h2 class=\"wp-block-heading\">Le cas tr\u00e8s courant de Julie 8 mois qui ne dort pas<\/h2>\n\n\n\n<div class=\"wp-block-columns is-layout-flex wp-container-core-columns-is-layout-9d6595d7 wp-block-columns-is-layout-flex\">\n<div class=\"wp-block-column is-layout-flow wp-block-column-is-layout-flow\" style=\"flex-basis:66.66%\">\n<figure class=\"wp-block-image size-large\"><img loading=\"lazy\" decoding=\"async\" width=\"1024\" height=\"683\" src=\"https:\/\/pbatitude.com\/wp-content\/uploads\/2022\/01\/hollie-santos-aUtvHsu8Uzk-unsplash-1024x683.jpg\" alt=\"livre, cas, exemples, contexte, consultation, effet, insomnies\" class=\"wp-image-407\" srcset=\"https:\/\/pbatitude.com\/wp-content\/uploads\/2022\/01\/hollie-santos-aUtvHsu8Uzk-unsplash-1024x683.jpg 1024w, https:\/\/pbatitude.com\/wp-content\/uploads\/2022\/01\/hollie-santos-aUtvHsu8Uzk-unsplash-300x200.jpg 300w, https:\/\/pbatitude.com\/wp-content\/uploads\/2022\/01\/hollie-santos-aUtvHsu8Uzk-unsplash-768x512.jpg 768w, https:\/\/pbatitude.com\/wp-content\/uploads\/2022\/01\/hollie-santos-aUtvHsu8Uzk-unsplash-1536x1024.jpg 1536w, https:\/\/pbatitude.com\/wp-content\/uploads\/2022\/01\/hollie-santos-aUtvHsu8Uzk-unsplash-2048x1365.jpg 2048w, https:\/\/pbatitude.com\/wp-content\/uploads\/2022\/01\/hollie-santos-aUtvHsu8Uzk-unsplash-1600x1067.jpg 1600w, https:\/\/pbatitude.com\/wp-content\/uploads\/2022\/01\/hollie-santos-aUtvHsu8Uzk-unsplash-780x520.jpg 780w\" sizes=\"auto, (max-width: 1024px) 100vw, 1024px\" \/><\/figure>\n<\/div>\n\n\n\n<div class=\"wp-block-column is-layout-flow wp-block-column-is-layout-flow\" style=\"flex-basis:33.33%\">\n<p>L\u2019insomnie chez le nourrisson est fr\u00e9quente, et souvent observ\u00e9e en cas de coliques, reflux gastriques, otites\u2026 mais certains facteurs psychologiques ressentis pendant la grossesse, lors de l\u2019accouchement, ou dans l\u2019entourage familial peuvent aussi perturber le sommeil de b\u00e9b\u00e9. Le Dr Delatte en livre un exemple dans l\u2019un de ses ouvrages. <a href=\"https:\/\/pbatitude.com\/index.php\/accueil\/etudes-cas-psycho-bio-acupressure\/livres-psycho-bio-acupressure\/cas-julie-qui-ne-dort-pas\/\">Lire&#8230;.<\/a><\/p>\n<\/div>\n<\/div>\n\n\n\n<h2 class=\"wp-block-heading\">Le cas de Jona 8 ans qui frappe et crache<\/h2>\n\n\n\n<div class=\"wp-block-columns is-layout-flex wp-container-core-columns-is-layout-9d6595d7 wp-block-columns-is-layout-flex\">\n<div class=\"wp-block-column is-layout-flow wp-block-column-is-layout-flow\" style=\"flex-basis:33.33%\">\n<p>Face \u00e0 l&rsquo;agressivit\u00e9, la violence, les col\u00e8res d\u2019un enfant, les parents se sentent souvent d\u00e9munis car ils n\u2019ont pas conscience de la souffrance ressentie par leur enfant. Dans ce cas, il est important d\u2019aider celui-ci \u00e0 \u00e9vacuer ses \u00e9motions pour \u00e9viter que ces comportements agressifs ne s\u2019installent, alors une consultation s\u2019impose. Le docteur Delatte en donne un exemple dans un de ses livres. <a href=\"https:\/\/pbatitude.com\/index.php\/accueil\/etudes-cas-psycho-bio-acupressure\/livres-psycho-bio-acupressure\/cas-jona-qui-frappe-crache\/\">Lire&#8230;<\/a><\/p>\n<\/div>\n\n\n\n<div class=\"wp-block-column is-layout-flow wp-block-column-is-layout-flow\" style=\"flex-basis:66.66%\">\n<figure class=\"wp-block-image size-large is-resized\"><img loading=\"lazy\" decoding=\"async\" width=\"1024\" height=\"683\" src=\"https:\/\/pbatitude.com\/wp-content\/uploads\/2022\/01\/boxing-gloves-ge68bb85ba_1920-1024x683.jpg\" alt=\"livre, cas, exemples, contexte, consultation, effet, agressivit\u00e9\" class=\"wp-image-411\" style=\"width:536px;height:357px\" srcset=\"https:\/\/pbatitude.com\/wp-content\/uploads\/2022\/01\/boxing-gloves-ge68bb85ba_1920-1024x683.jpg 1024w, https:\/\/pbatitude.com\/wp-content\/uploads\/2022\/01\/boxing-gloves-ge68bb85ba_1920-300x200.jpg 300w, https:\/\/pbatitude.com\/wp-content\/uploads\/2022\/01\/boxing-gloves-ge68bb85ba_1920-768x512.jpg 768w, https:\/\/pbatitude.com\/wp-content\/uploads\/2022\/01\/boxing-gloves-ge68bb85ba_1920-1536x1024.jpg 1536w, https:\/\/pbatitude.com\/wp-content\/uploads\/2022\/01\/boxing-gloves-ge68bb85ba_1920-1600x1067.jpg 1600w, https:\/\/pbatitude.com\/wp-content\/uploads\/2022\/01\/boxing-gloves-ge68bb85ba_1920-780x520.jpg 780w, https:\/\/pbatitude.com\/wp-content\/uploads\/2022\/01\/boxing-gloves-ge68bb85ba_1920.jpg 1920w\" sizes=\"auto, (max-width: 1024px) 100vw, 1024px\" \/><\/figure>\n<\/div>\n<\/div>\n\n\n\n<h2 class=\"wp-block-heading\">L&rsquo;exemple d&rsquo;un adolescent souffrant de d\u00e9pression<\/h2>\n\n\n\n<div class=\"wp-block-columns is-layout-flex wp-container-core-columns-is-layout-9d6595d7 wp-block-columns-is-layout-flex\">\n<div class=\"wp-block-column is-layout-flow wp-block-column-is-layout-flow\" style=\"flex-basis:66.66%\">\n<figure class=\"wp-block-image size-large\"><img loading=\"lazy\" decoding=\"async\" width=\"1024\" height=\"681\" src=\"https:\/\/pbatitude.com\/wp-content\/uploads\/2022\/01\/photoholgic-x-Tl99Bdqg8-unsplash-1024x681.jpg\" alt=\"livre, cas, exemples, contexte, consultation, effet, d\u00e9pression\" class=\"wp-image-424\" srcset=\"https:\/\/pbatitude.com\/wp-content\/uploads\/2022\/01\/photoholgic-x-Tl99Bdqg8-unsplash-1024x681.jpg 1024w, https:\/\/pbatitude.com\/wp-content\/uploads\/2022\/01\/photoholgic-x-Tl99Bdqg8-unsplash-300x200.jpg 300w, https:\/\/pbatitude.com\/wp-content\/uploads\/2022\/01\/photoholgic-x-Tl99Bdqg8-unsplash-768x511.jpg 768w, https:\/\/pbatitude.com\/wp-content\/uploads\/2022\/01\/photoholgic-x-Tl99Bdqg8-unsplash-1536x1022.jpg 1536w, https:\/\/pbatitude.com\/wp-content\/uploads\/2022\/01\/photoholgic-x-Tl99Bdqg8-unsplash-2048x1363.jpg 2048w, https:\/\/pbatitude.com\/wp-content\/uploads\/2022\/01\/photoholgic-x-Tl99Bdqg8-unsplash-1600x1064.jpg 1600w, https:\/\/pbatitude.com\/wp-content\/uploads\/2022\/01\/photoholgic-x-Tl99Bdqg8-unsplash-780x519.jpg 780w\" sizes=\"auto, (max-width: 1024px) 100vw, 1024px\" \/><\/figure>\n<\/div>\n\n\n\n<div class=\"wp-block-column is-layout-flow wp-block-column-is-layout-flow\" style=\"flex-basis:33.33%\">\n<p>L\u2019adolescence, p\u00e9riode charni\u00e8re vers l\u2019ind\u00e9pendance est un chemin parfois sem\u00e9 d\u2019emb\u00fbches et d\u2019interrogations. En effet, le jeune, appel\u00e9 \u00e0 affirmer son identit\u00e9, peut avoir un v\u00e9cu \u00e9motionnel rendant les premi\u00e8res exp\u00e9riences douloureuses et pouvant conduire \u00e0 la d\u00e9pression. Pour ne pas rester dans un contexte d\u2019\u00e9chec ou m\u00eame \u00e9viter des emb\u00fbches dans certains cas, la PBA aide \u00e0 \u00e9vacuer ces m\u00e9moires comme le montre cet exemple tir\u00e9 d\u2019un livre du docteur Delatte. <a href=\"https:\/\/pbatitude.com\/index.php\/accueil\/etudes-cas-psycho-bio-acupressure\/livres-psycho-bio-acupressure\/exemple-adolescent-depression\/\">Lire&#8230;<\/a><\/p>\n<\/div>\n<\/div>\n\n\n\n<h2 class=\"wp-block-heading\">Le cas de Virginie qui n\u2019arrive pas \u00e0 avoir son permis de conduire<\/h2>\n\n\n\n<div class=\"wp-block-columns is-layout-flex wp-container-core-columns-is-layout-9d6595d7 wp-block-columns-is-layout-flex\">\n<div class=\"wp-block-column is-layout-flow wp-block-column-is-layout-flow\" style=\"flex-basis:66.66%\">\n<figure class=\"wp-block-image size-large\"><img loading=\"lazy\" decoding=\"async\" width=\"1024\" height=\"683\" src=\"https:\/\/pbatitude.com\/wp-content\/uploads\/2022\/04\/jan-baborak-4STq2B24S1k-unsplash-1024x683.jpg\" alt=\" livre, cas, exemples, contexte, consultation, effet, trac, anxi\u00e9t\u00e9\" class=\"wp-image-608\" srcset=\"https:\/\/pbatitude.com\/wp-content\/uploads\/2022\/04\/jan-baborak-4STq2B24S1k-unsplash-1024x683.jpg 1024w, https:\/\/pbatitude.com\/wp-content\/uploads\/2022\/04\/jan-baborak-4STq2B24S1k-unsplash-300x200.jpg 300w, https:\/\/pbatitude.com\/wp-content\/uploads\/2022\/04\/jan-baborak-4STq2B24S1k-unsplash-768x512.jpg 768w, https:\/\/pbatitude.com\/wp-content\/uploads\/2022\/04\/jan-baborak-4STq2B24S1k-unsplash-1536x1024.jpg 1536w, https:\/\/pbatitude.com\/wp-content\/uploads\/2022\/04\/jan-baborak-4STq2B24S1k-unsplash-2048x1365.jpg 2048w, https:\/\/pbatitude.com\/wp-content\/uploads\/2022\/04\/jan-baborak-4STq2B24S1k-unsplash-1600x1067.jpg 1600w, https:\/\/pbatitude.com\/wp-content\/uploads\/2022\/04\/jan-baborak-4STq2B24S1k-unsplash-780x520.jpg 780w\" sizes=\"auto, (max-width: 1024px) 100vw, 1024px\" \/><\/figure>\n<\/div>\n\n\n\n<div class=\"wp-block-column is-layout-flow wp-block-column-is-layout-flow\" style=\"flex-basis:33.33%\">\n<p>Transpiration, c\u0153ur qui s\u2019emballe, vue qui se trouble, mal \u00e0 l\u2019estomac\u2026 Les sympt\u00f4mes de l\u2019anxi\u00e9t\u00e9 et du trac sont multiples, et risquent de faire rater une \u00e9preuve. Le Dr Delatte nous livre ici comment arriver \u00e0 les ma\u00eetriser. <a href=\"https:\/\/pbatitude.com\/index.php\/accueil\/etudes-cas-psycho-bio-acupressure\/livres-psycho-bio-acupressure\/cas-virginie-avoir-permis-conduire\/\">Lire&#8230;<\/a><\/p>\n<\/div>\n<\/div>\n\n\n\n<p><\/p>\n","protected":false},"excerpt":{"rendered":"<p>Les quatre livres du Dr Pierre-No\u00ebl Delatte sont des ouvrages de r\u00e9f\u00e9rence. Ils relatent de nombreux exemples de situations rencontr\u00e9es par le docteur. Le contexte de la consultation, son d\u00e9roulement et ses effets y sont d\u00e9crits. De nombreux cas de personnes de tout \u00e2ge sont relat\u00e9s dans ces livres. Vous en trouverez quelques exemples ci-dessous. &hellip;<\/p>\n","protected":false},"author":1,"featured_media":0,"parent":687,"menu_order":2,"comment_status":"closed","ping_status":"closed","template":"","meta":{"footnotes":""},"class_list":["post-633","page","type-page","status-publish","hentry","entry entry-center"],"yoast_head":"<!-- This site is optimized with the Yoast SEO plugin v27.3 - https:\/\/yoast.com\/product\/yoast-seo-wordpress\/ -->\n<title>LIVRES SUR LA PSYCHO-BIO-ACUPRESSURE - PBAtitude<\/title>\n<meta name=\"description\" content=\"livre cas exemples contexte consultation effet\" \/>\n<meta name=\"robots\" content=\"index, follow, max-snippet:-1, max-image-preview:large, max-video-preview:-1\" \/>\n<link rel=\"canonical\" href=\"https:\/\/pbatitude.com\/index.php\/accueil\/etudes-cas-psycho-bio-acupressure\/livres-psycho-bio-acupressure\/\" \/>\n<meta property=\"og:locale\" content=\"fr_FR\" \/>\n<meta property=\"og:type\" content=\"article\" \/>\n<meta property=\"og:title\" content=\"LIVRES SUR LA PSYCHO-BIO-ACUPRESSURE - PBAtitude\" \/>\n<meta property=\"og:description\" content=\"livre cas exemples contexte consultation effet\" \/>\n<meta property=\"og:url\" content=\"https:\/\/pbatitude.com\/index.php\/accueil\/etudes-cas-psycho-bio-acupressure\/livres-psycho-bio-acupressure\/\" \/>\n<meta property=\"og:site_name\" content=\"PBAtitude\" \/>\n<meta property=\"article:modified_time\" content=\"2025-03-05T14:14:24+00:00\" \/>\n<meta property=\"og:image\" content=\"https:\/\/pbatitude.com\/wp-content\/uploads\/2022\/01\/kate-stone-matheson-uy5t-CJuIK4-unsplash-1024x691.jpg\" \/>\n<meta name=\"twitter:card\" content=\"summary_large_image\" \/>\n<meta name=\"twitter:label1\" content=\"Dur\u00e9e de lecture estim\u00e9e\" \/>\n\t<meta name=\"twitter:data1\" content=\"4 minutes\" \/>\n<script type=\"application\/ld+json\" class=\"yoast-schema-graph\">{\"@context\":\"https:\\\/\\\/schema.org\",\"@graph\":[{\"@type\":\"WebPage\",\"@id\":\"https:\\\/\\\/pbatitude.com\\\/index.php\\\/accueil\\\/etudes-cas-psycho-bio-acupressure\\\/livres-psycho-bio-acupressure\\\/\",\"url\":\"https:\\\/\\\/pbatitude.com\\\/index.php\\\/accueil\\\/etudes-cas-psycho-bio-acupressure\\\/livres-psycho-bio-acupressure\\\/\",\"name\":\"LIVRES SUR LA PSYCHO-BIO-ACUPRESSURE - PBAtitude\",\"isPartOf\":{\"@id\":\"https:\\\/\\\/pbatitude.com\\\/#website\"},\"primaryImageOfPage\":{\"@id\":\"https:\\\/\\\/pbatitude.com\\\/index.php\\\/accueil\\\/etudes-cas-psycho-bio-acupressure\\\/livres-psycho-bio-acupressure\\\/#primaryimage\"},\"image\":{\"@id\":\"https:\\\/\\\/pbatitude.com\\\/index.php\\\/accueil\\\/etudes-cas-psycho-bio-acupressure\\\/livres-psycho-bio-acupressure\\\/#primaryimage\"},\"thumbnailUrl\":\"https:\\\/\\\/pbatitude.com\\\/wp-content\\\/uploads\\\/2022\\\/01\\\/kate-stone-matheson-uy5t-CJuIK4-unsplash-1024x691.jpg\",\"datePublished\":\"2022-04-25T15:45:48+00:00\",\"dateModified\":\"2025-03-05T14:14:24+00:00\",\"description\":\"livre cas exemples contexte consultation effet\",\"breadcrumb\":{\"@id\":\"https:\\\/\\\/pbatitude.com\\\/index.php\\\/accueil\\\/etudes-cas-psycho-bio-acupressure\\\/livres-psycho-bio-acupressure\\\/#breadcrumb\"},\"inLanguage\":\"fr-FR\",\"potentialAction\":[{\"@type\":\"ReadAction\",\"target\":[\"https:\\\/\\\/pbatitude.com\\\/index.php\\\/accueil\\\/etudes-cas-psycho-bio-acupressure\\\/livres-psycho-bio-acupressure\\\/\"]}]},{\"@type\":\"ImageObject\",\"inLanguage\":\"fr-FR\",\"@id\":\"https:\\\/\\\/pbatitude.com\\\/index.php\\\/accueil\\\/etudes-cas-psycho-bio-acupressure\\\/livres-psycho-bio-acupressure\\\/#primaryimage\",\"url\":\"https:\\\/\\\/pbatitude.com\\\/wp-content\\\/uploads\\\/2022\\\/01\\\/kate-stone-matheson-uy5t-CJuIK4-unsplash-1024x691.jpg\",\"contentUrl\":\"https:\\\/\\\/pbatitude.com\\\/wp-content\\\/uploads\\\/2022\\\/01\\\/kate-stone-matheson-uy5t-CJuIK4-unsplash-1024x691.jpg\"},{\"@type\":\"BreadcrumbList\",\"@id\":\"https:\\\/\\\/pbatitude.com\\\/index.php\\\/accueil\\\/etudes-cas-psycho-bio-acupressure\\\/livres-psycho-bio-acupressure\\\/#breadcrumb\",\"itemListElement\":[{\"@type\":\"ListItem\",\"position\":1,\"name\":\"Accueil\",\"item\":\"https:\\\/\\\/pbatitude.com\\\/\"},{\"@type\":\"ListItem\",\"position\":2,\"name\":\"ACCUEIL\",\"item\":\"https:\\\/\\\/pbatitude.com\\\/\"},{\"@type\":\"ListItem\",\"position\":3,\"name\":\"ETUDES DE CAS EN PSYCHO-BIO-ACUPRESSURE\",\"item\":\"https:\\\/\\\/pbatitude.com\\\/index.php\\\/accueil\\\/etudes-cas-psycho-bio-acupressure\\\/\"},{\"@type\":\"ListItem\",\"position\":4,\"name\":\"LIVRES SUR LA PSYCHO-BIO-ACUPRESSURE\"}]},{\"@type\":\"WebSite\",\"@id\":\"https:\\\/\\\/pbatitude.com\\\/#website\",\"url\":\"https:\\\/\\\/pbatitude.com\\\/\",\"name\":\"PBAtitude\",\"description\":\"A la rencontre de votre nature profonde\",\"potentialAction\":[{\"@type\":\"SearchAction\",\"target\":{\"@type\":\"EntryPoint\",\"urlTemplate\":\"https:\\\/\\\/pbatitude.com\\\/?s={search_term_string}\"},\"query-input\":{\"@type\":\"PropertyValueSpecification\",\"valueRequired\":true,\"valueName\":\"search_term_string\"}}],\"inLanguage\":\"fr-FR\"}]}<\/script>\n<!-- \/ Yoast SEO plugin. -->","yoast_head_json":{"title":"LIVRES SUR LA PSYCHO-BIO-ACUPRESSURE - PBAtitude","description":"livre cas exemples contexte consultation effet","robots":{"index":"index","follow":"follow","max-snippet":"max-snippet:-1","max-image-preview":"max-image-preview:large","max-video-preview":"max-video-preview:-1"},"canonical":"https:\/\/pbatitude.com\/index.php\/accueil\/etudes-cas-psycho-bio-acupressure\/livres-psycho-bio-acupressure\/","og_locale":"fr_FR","og_type":"article","og_title":"LIVRES SUR LA PSYCHO-BIO-ACUPRESSURE - PBAtitude","og_description":"livre cas exemples contexte consultation effet","og_url":"https:\/\/pbatitude.com\/index.php\/accueil\/etudes-cas-psycho-bio-acupressure\/livres-psycho-bio-acupressure\/","og_site_name":"PBAtitude","article_modified_time":"2025-03-05T14:14:24+00:00","og_image":[{"url":"https:\/\/pbatitude.com\/wp-content\/uploads\/2022\/01\/kate-stone-matheson-uy5t-CJuIK4-unsplash-1024x691.jpg","type":"","width":"","height":""}],"twitter_card":"summary_large_image","twitter_misc":{"Dur\u00e9e de lecture estim\u00e9e":"4 minutes"},"schema":{"@context":"https:\/\/schema.org","@graph":[{"@type":"WebPage","@id":"https:\/\/pbatitude.com\/index.php\/accueil\/etudes-cas-psycho-bio-acupressure\/livres-psycho-bio-acupressure\/","url":"https:\/\/pbatitude.com\/index.php\/accueil\/etudes-cas-psycho-bio-acupressure\/livres-psycho-bio-acupressure\/","name":"LIVRES SUR LA PSYCHO-BIO-ACUPRESSURE - PBAtitude","isPartOf":{"@id":"https:\/\/pbatitude.com\/#website"},"primaryImageOfPage":{"@id":"https:\/\/pbatitude.com\/index.php\/accueil\/etudes-cas-psycho-bio-acupressure\/livres-psycho-bio-acupressure\/#primaryimage"},"image":{"@id":"https:\/\/pbatitude.com\/index.php\/accueil\/etudes-cas-psycho-bio-acupressure\/livres-psycho-bio-acupressure\/#primaryimage"},"thumbnailUrl":"https:\/\/pbatitude.com\/wp-content\/uploads\/2022\/01\/kate-stone-matheson-uy5t-CJuIK4-unsplash-1024x691.jpg","datePublished":"2022-04-25T15:45:48+00:00","dateModified":"2025-03-05T14:14:24+00:00","description":"livre cas exemples contexte consultation effet","breadcrumb":{"@id":"https:\/\/pbatitude.com\/index.php\/accueil\/etudes-cas-psycho-bio-acupressure\/livres-psycho-bio-acupressure\/#breadcrumb"},"inLanguage":"fr-FR","potentialAction":[{"@type":"ReadAction","target":["https:\/\/pbatitude.com\/index.php\/accueil\/etudes-cas-psycho-bio-acupressure\/livres-psycho-bio-acupressure\/"]}]},{"@type":"ImageObject","inLanguage":"fr-FR","@id":"https:\/\/pbatitude.com\/index.php\/accueil\/etudes-cas-psycho-bio-acupressure\/livres-psycho-bio-acupressure\/#primaryimage","url":"https:\/\/pbatitude.com\/wp-content\/uploads\/2022\/01\/kate-stone-matheson-uy5t-CJuIK4-unsplash-1024x691.jpg","contentUrl":"https:\/\/pbatitude.com\/wp-content\/uploads\/2022\/01\/kate-stone-matheson-uy5t-CJuIK4-unsplash-1024x691.jpg"},{"@type":"BreadcrumbList","@id":"https:\/\/pbatitude.com\/index.php\/accueil\/etudes-cas-psycho-bio-acupressure\/livres-psycho-bio-acupressure\/#breadcrumb","itemListElement":[{"@type":"ListItem","position":1,"name":"Accueil","item":"https:\/\/pbatitude.com\/"},{"@type":"ListItem","position":2,"name":"ACCUEIL","item":"https:\/\/pbatitude.com\/"},{"@type":"ListItem","position":3,"name":"ETUDES DE CAS EN PSYCHO-BIO-ACUPRESSURE","item":"https:\/\/pbatitude.com\/index.php\/accueil\/etudes-cas-psycho-bio-acupressure\/"},{"@type":"ListItem","position":4,"name":"LIVRES SUR LA PSYCHO-BIO-ACUPRESSURE"}]},{"@type":"WebSite","@id":"https:\/\/pbatitude.com\/#website","url":"https:\/\/pbatitude.com\/","name":"PBAtitude","description":"A la rencontre de votre nature profonde","potentialAction":[{"@type":"SearchAction","target":{"@type":"EntryPoint","urlTemplate":"https:\/\/pbatitude.com\/?s={search_term_string}"},"query-input":{"@type":"PropertyValueSpecification","valueRequired":true,"valueName":"search_term_string"}}],"inLanguage":"fr-FR"}]}},"_links":{"self":[{"href":"https:\/\/pbatitude.com\/index.php\/wp-json\/wp\/v2\/pages\/633","targetHints":{"allow":["GET"]}}],"collection":[{"href":"https:\/\/pbatitude.com\/index.php\/wp-json\/wp\/v2\/pages"}],"about":[{"href":"https:\/\/pbatitude.com\/index.php\/wp-json\/wp\/v2\/types\/page"}],"author":[{"embeddable":true,"href":"https:\/\/pbatitude.com\/index.php\/wp-json\/wp\/v2\/users\/1"}],"replies":[{"embeddable":true,"href":"https:\/\/pbatitude.com\/index.php\/wp-json\/wp\/v2\/comments?post=633"}],"version-history":[{"count":6,"href":"https:\/\/pbatitude.com\/index.php\/wp-json\/wp\/v2\/pages\/633\/revisions"}],"predecessor-version":[{"id":1251,"href":"https:\/\/pbatitude.com\/index.php\/wp-json\/wp\/v2\/pages\/633\/revisions\/1251"}],"up":[{"embeddable":true,"href":"https:\/\/pbatitude.com\/index.php\/wp-json\/wp\/v2\/pages\/687"}],"wp:attachment":[{"href":"https:\/\/pbatitude.com\/index.php\/wp-json\/wp\/v2\/media?parent=633"}],"curies":[{"name":"wp","href":"https:\/\/api.w.org\/{rel}","templated":true}]}}