{"id":62,"date":"2019-10-23T15:16:47","date_gmt":"2019-10-23T13:16:47","guid":{"rendered":"http:\/\/pbatitude.com\/?page_id=62"},"modified":"2025-05-15T17:43:24","modified_gmt":"2025-05-15T15:43:24","slug":"accueil","status":"publish","type":"page","link":"https:\/\/pbatitude.com\/","title":{"rendered":"ACCUEIL"},"content":{"rendered":"\n<figure class=\"wp-block-gallery has-nested-images columns-default is-cropped wp-block-gallery-1 is-layout-flex wp-block-gallery-is-layout-flex\">\n<figure class=\"wp-block-image size-large\"><img loading=\"lazy\" decoding=\"async\" width=\"1024\" height=\"682\" data-id=\"142\" src=\"https:\/\/pbatitude.com\/wp-content\/uploads\/2019\/10\/maple-2135514_1280-1024x682.jpg\" alt=\"\" class=\"wp-image-142\" srcset=\"https:\/\/pbatitude.com\/wp-content\/uploads\/2019\/10\/maple-2135514_1280-1024x682.jpg 1024w, https:\/\/pbatitude.com\/wp-content\/uploads\/2019\/10\/maple-2135514_1280-300x200.jpg 300w, https:\/\/pbatitude.com\/wp-content\/uploads\/2019\/10\/maple-2135514_1280-768x512.jpg 768w, https:\/\/pbatitude.com\/wp-content\/uploads\/2019\/10\/maple-2135514_1280-780x520.jpg 780w, https:\/\/pbatitude.com\/wp-content\/uploads\/2019\/10\/maple-2135514_1280.jpg 1280w\" sizes=\"auto, (max-width: 1024px) 100vw, 1024px\" \/><\/figure>\n\n\n\n<figure class=\"wp-block-image size-large\"><img loading=\"lazy\" decoding=\"async\" width=\"1024\" height=\"994\" data-id=\"309\" src=\"https:\/\/pbatitude.com\/wp-content\/uploads\/2020\/01\/maman-png-sans-fond-1-1024x994.png\" alt=\"\" class=\"wp-image-309\" srcset=\"https:\/\/pbatitude.com\/wp-content\/uploads\/2020\/01\/maman-png-sans-fond-1-1024x994.png 1024w, https:\/\/pbatitude.com\/wp-content\/uploads\/2020\/01\/maman-png-sans-fond-1-300x291.png 300w, https:\/\/pbatitude.com\/wp-content\/uploads\/2020\/01\/maman-png-sans-fond-1-768x746.png 768w, https:\/\/pbatitude.com\/wp-content\/uploads\/2020\/01\/maman-png-sans-fond-1-1536x1491.png 1536w, https:\/\/pbatitude.com\/wp-content\/uploads\/2020\/01\/maman-png-sans-fond-1-1600x1553.png 1600w, https:\/\/pbatitude.com\/wp-content\/uploads\/2020\/01\/maman-png-sans-fond-1-780x757.png 780w, https:\/\/pbatitude.com\/wp-content\/uploads\/2020\/01\/maman-png-sans-fond-1.png 1923w\" sizes=\"auto, (max-width: 1024px) 100vw, 1024px\" \/><\/figure>\n\n\n\n<figure class=\"wp-block-image size-large is-style-default\"><img loading=\"lazy\" decoding=\"async\" width=\"1024\" height=\"683\" data-id=\"1336\" src=\"https:\/\/pbatitude.com\/wp-content\/uploads\/2025\/01\/StockSnap_D5VWI2IL21-1-1024x683.jpg\" alt=\"\" class=\"wp-image-1336\" srcset=\"https:\/\/pbatitude.com\/wp-content\/uploads\/2025\/01\/StockSnap_D5VWI2IL21-1-1024x683.jpg 1024w, https:\/\/pbatitude.com\/wp-content\/uploads\/2025\/01\/StockSnap_D5VWI2IL21-1-300x200.jpg 300w, https:\/\/pbatitude.com\/wp-content\/uploads\/2025\/01\/StockSnap_D5VWI2IL21-1-768x512.jpg 768w, https:\/\/pbatitude.com\/wp-content\/uploads\/2025\/01\/StockSnap_D5VWI2IL21-1-1536x1024.jpg 1536w, https:\/\/pbatitude.com\/wp-content\/uploads\/2025\/01\/StockSnap_D5VWI2IL21-1-2048x1365.jpg 2048w, https:\/\/pbatitude.com\/wp-content\/uploads\/2025\/01\/StockSnap_D5VWI2IL21-1-1600x1067.jpg 1600w, https:\/\/pbatitude.com\/wp-content\/uploads\/2025\/01\/StockSnap_D5VWI2IL21-1-780x520.jpg 780w\" sizes=\"auto, (max-width: 1024px) 100vw, 1024px\" \/><\/figure>\n<\/figure>\n\n\n\n<ul class=\"wp-block-list\">\n<li>Pourquoi sommes-nous prisonniers de nos doutes et de nos peurs ?<\/li>\n\n\n\n<li>Comment expliquer que nous agissions de mani\u00e8re inappropri\u00e9e dans certaines situations ?<\/li>\n\n\n\n<li>Pour quelles raisons nous laissons-nous submerger par nos \u00e9motions ?<\/li>\n<\/ul>\n\n\n\n<p>La PBA aide \u00e0 mieux vous conna\u00eetre, r\u00e9v\u00e9lant des blocages enfouis en vous. En les \u00e9vacuant, elle vous permet de vous affranchir de comportements acquis par le pass\u00e9 et d\u2019adopter une nouvelle fa\u00e7on de vivre, avec s\u00e9r\u00e9nit\u00e9 et pl\u00e9nitude. Gr\u00e2ce \u00e0 la pratique de <a href=\"https:\/\/pbatitude.com\/index.php\/la-pba\/\">la PBA<\/a>, Claire Droin vous permet d&rsquo;aller \u00e0 la rencontre de votre vraie nature.<\/p>\n\n\n\n<p>Pour aller encore plus loin dans la rencontre avec vous-m\u00eame, Claire Droin accompagne par les r\u00eaves. Elle consid\u00e8re le r\u00eave comme une ouverture \u00e0 soi et au monde. Que ce soit en <a href=\"https:\/\/pbatitude.com\/index.php\/accueil\/claire-droin\/claire-droin-accompagne-par-les-reves\/\">accompagnement individuel<\/a>, ou en <a href=\"https:\/\/pbatitude.com\/index.php\/accueil\/ateliers\/\">ateliers et s\u00e9minaires<\/a>, Claire Droin vous propose de partager vos r\u00eaves et de leur donner du sens. Comprendre ce que vos r\u00eaves vous disent, c&rsquo;est choisir de suivre votre guide int\u00e9rieur.<\/p>\n\n\n\n<h2 class=\"wp-block-heading\">Qu\u2019est-ce que la Psycho-Bio-Acupressure ?<\/h2>\n\n\n\n<div class=\"wp-block-columns is-layout-flex wp-container-core-columns-is-layout-9d6595d7 wp-block-columns-is-layout-flex\">\n<div class=\"wp-block-column is-layout-flow wp-block-column-is-layout-flow\" style=\"flex-basis:33.33%\">\n<p>La Psycho-Bio-Acupressure\u00ae (P.B.A.) est une m\u00e9thode douce d\u00e9velopp\u00e9e dans les ann\u00e9es 1990 par le M\u00e9decin fran\u00e7ais Pierre-No\u00ebl Delatte. C\u2019est une pratique qui vise \u00e0 g\u00e9rer les \u00e9tats \u00e9motionnels perturbants en appliquant des points de pressions sur le corps. Elle lib\u00e8re ensuite le consultant de ses blocages \u00e9motionnels. <a href=\"https:\/\/pbatitude.com\/index.php\/la-pba\/\">En savoir plus&#8230;<\/a><\/p>\n<\/div>\n\n\n\n<div class=\"wp-block-column is-layout-flow wp-block-column-is-layout-flow\" style=\"flex-basis:66.66%\">\n<figure class=\"wp-block-image size-large\"><img loading=\"lazy\" decoding=\"async\" width=\"1024\" height=\"682\" src=\"https:\/\/pbatitude.com\/wp-content\/uploads\/2019\/10\/fern-828933_1280-1024x682.jpg\" alt=\"\" class=\"wp-image-141\" srcset=\"https:\/\/pbatitude.com\/wp-content\/uploads\/2019\/10\/fern-828933_1280-1024x682.jpg 1024w, https:\/\/pbatitude.com\/wp-content\/uploads\/2019\/10\/fern-828933_1280-300x200.jpg 300w, https:\/\/pbatitude.com\/wp-content\/uploads\/2019\/10\/fern-828933_1280-768x512.jpg 768w, https:\/\/pbatitude.com\/wp-content\/uploads\/2019\/10\/fern-828933_1280-780x520.jpg 780w, https:\/\/pbatitude.com\/wp-content\/uploads\/2019\/10\/fern-828933_1280.jpg 1280w\" sizes=\"auto, (max-width: 1024px) 100vw, 1024px\" \/><\/figure>\n<\/div>\n<\/div>\n\n\n\n<h2 class=\"wp-block-heading\">A qui s&rsquo;adresse la PBA ?<\/h2>\n\n\n\n<div class=\"wp-block-columns is-layout-flex wp-container-core-columns-is-layout-9d6595d7 wp-block-columns-is-layout-flex\">\n<div class=\"wp-block-column is-layout-flow wp-block-column-is-layout-flow\" style=\"flex-basis:66.66%\">\n<figure class=\"wp-block-image size-large\"><img loading=\"lazy\" decoding=\"async\" width=\"1024\" height=\"683\" src=\"https:\/\/pbatitude.com\/wp-content\/uploads\/2019\/11\/woman-4318229_1920-1024x683.jpg\" alt=\"\" class=\"wp-image-194\" srcset=\"https:\/\/pbatitude.com\/wp-content\/uploads\/2019\/11\/woman-4318229_1920-1024x683.jpg 1024w, https:\/\/pbatitude.com\/wp-content\/uploads\/2019\/11\/woman-4318229_1920-300x200.jpg 300w, https:\/\/pbatitude.com\/wp-content\/uploads\/2019\/11\/woman-4318229_1920-768x512.jpg 768w, https:\/\/pbatitude.com\/wp-content\/uploads\/2019\/11\/woman-4318229_1920-1600x1067.jpg 1600w, https:\/\/pbatitude.com\/wp-content\/uploads\/2019\/11\/woman-4318229_1920-780x520.jpg 780w, https:\/\/pbatitude.com\/wp-content\/uploads\/2019\/11\/woman-4318229_1920.jpg 1920w\" sizes=\"auto, (max-width: 1024px) 100vw, 1024px\" \/><\/figure>\n<\/div>\n\n\n\n<div class=\"wp-block-column is-layout-flow wp-block-column-is-layout-flow\" style=\"flex-basis:33.33%\">\n<p>\u00c0 tout \u00e2ge, on peut \u00eatre sujet \u00e0 des troubles physiques, psychiques et \u00e9motionnels, sans que la m\u00e9decine traditionnelle soit \u00e0 m\u00eame de les r\u00e9soudre totalement. La PBA s\u2019adresse&nbsp; aux seniors, adultes, aux adolescents, aux enfants et aux b\u00e9b\u00e9s. Chaque \u00e2ge a ses probl\u00e9matiques que la PBA peut aider \u00e0 r\u00e9soudre. <a href=\"https:\/\/pbatitude.com\/?page_id=787\">En d\u00e9couvrir plus\u2026<\/a><\/p>\n<\/div>\n<\/div>\n\n\n\n<h2 class=\"wp-block-heading\">Etudes de cas en Psycho-Bio-Acupressure<\/h2>\n\n\n\n<div class=\"wp-block-columns is-layout-flex wp-container-core-columns-is-layout-9d6595d7 wp-block-columns-is-layout-flex\">\n<div class=\"wp-block-column is-layout-flow wp-block-column-is-layout-flow\" style=\"flex-basis:33.33%\">\n<p>Les t\u00e9moignages et publications sur la PBA sont nombreux. Vous aurez ici un aper\u00e7u des avis des clients et leurs commentaires. Vous trouverez aussi des probl\u00e9matiques trait\u00e9es et leurs r\u00e9sultats au travers de nombreux exemples et \u00e9tudes de cas. <a href=\"https:\/\/pbatitude.com\/index.php\/accueil\/etudes-cas-psycho-bio-acupressure\/\">Lire plus\u2026<\/a><\/p>\n<\/div>\n\n\n\n<div class=\"wp-block-column is-layout-flow wp-block-column-is-layout-flow\" style=\"flex-basis:66.66%\">\n<figure class=\"wp-block-image size-large\"><img loading=\"lazy\" decoding=\"async\" width=\"1024\" height=\"683\" src=\"https:\/\/pbatitude.com\/wp-content\/uploads\/2022\/04\/sharon-mccutcheon-fkFNBCQ6kQA-unsplash-1-1024x683.jpg\" alt=\"Avis, livres, cas, exemples, t\u00e9moignages,\" class=\"wp-image-876\" srcset=\"https:\/\/pbatitude.com\/wp-content\/uploads\/2022\/04\/sharon-mccutcheon-fkFNBCQ6kQA-unsplash-1-1024x683.jpg 1024w, https:\/\/pbatitude.com\/wp-content\/uploads\/2022\/04\/sharon-mccutcheon-fkFNBCQ6kQA-unsplash-1-300x200.jpg 300w, https:\/\/pbatitude.com\/wp-content\/uploads\/2022\/04\/sharon-mccutcheon-fkFNBCQ6kQA-unsplash-1-768x512.jpg 768w, https:\/\/pbatitude.com\/wp-content\/uploads\/2022\/04\/sharon-mccutcheon-fkFNBCQ6kQA-unsplash-1-1536x1024.jpg 1536w, https:\/\/pbatitude.com\/wp-content\/uploads\/2022\/04\/sharon-mccutcheon-fkFNBCQ6kQA-unsplash-1-2048x1365.jpg 2048w, https:\/\/pbatitude.com\/wp-content\/uploads\/2022\/04\/sharon-mccutcheon-fkFNBCQ6kQA-unsplash-1-1600x1067.jpg 1600w, https:\/\/pbatitude.com\/wp-content\/uploads\/2022\/04\/sharon-mccutcheon-fkFNBCQ6kQA-unsplash-1-780x520.jpg 780w\" sizes=\"auto, (max-width: 1024px) 100vw, 1024px\" \/><\/figure>\n<\/div>\n<\/div>\n\n\n\n<h2 class=\"wp-block-heading\">Qui est Claire Droin ?<\/h2>\n\n\n\n<div class=\"wp-block-columns is-layout-flex wp-container-core-columns-is-layout-9d6595d7 wp-block-columns-is-layout-flex\">\n<div class=\"wp-block-column is-layout-flow wp-block-column-is-layout-flow\" style=\"flex-basis:66.66%\">\n<figure class=\"wp-block-image size-full\"><img loading=\"lazy\" decoding=\"async\" width=\"2520\" height=\"2560\" src=\"https:\/\/pbatitude.com\/wp-content\/uploads\/2024\/10\/CLDR005carre-1-scaled.jpg\" alt=\"\" class=\"wp-image-1207\" srcset=\"https:\/\/pbatitude.com\/wp-content\/uploads\/2024\/10\/CLDR005carre-1-scaled.jpg 2520w, https:\/\/pbatitude.com\/wp-content\/uploads\/2024\/10\/CLDR005carre-1-295x300.jpg 295w, https:\/\/pbatitude.com\/wp-content\/uploads\/2024\/10\/CLDR005carre-1-1008x1024.jpg 1008w, https:\/\/pbatitude.com\/wp-content\/uploads\/2024\/10\/CLDR005carre-1-768x780.jpg 768w, https:\/\/pbatitude.com\/wp-content\/uploads\/2024\/10\/CLDR005carre-1-1512x1536.jpg 1512w, https:\/\/pbatitude.com\/wp-content\/uploads\/2024\/10\/CLDR005carre-1-2016x2048.jpg 2016w, https:\/\/pbatitude.com\/wp-content\/uploads\/2024\/10\/CLDR005carre-1-1600x1625.jpg 1600w, https:\/\/pbatitude.com\/wp-content\/uploads\/2024\/10\/CLDR005carre-1-780x792.jpg 780w\" sizes=\"auto, (max-width: 2520px) 100vw, 2520px\" \/><\/figure>\n<\/div>\n\n\n\n<div class=\"wp-block-column is-layout-flow wp-block-column-is-layout-flow\" style=\"flex-basis:33.33%\">\n<p>Claire Droin est une praticienne agr\u00e9\u00e9e par l\u2019institut Delatte de Psycho-Bio-Acupressure. Forte d&rsquo;un parcours riche en exp\u00e9riences, elle est reconnue et appr\u00e9ci\u00e9e des professionnels de la sant\u00e9 et du bien-\u00eatre. Elle coanime des ateliers \u00e0 th\u00e8mes avec une art-th\u00e9rapeute et sait aussi vous accompagner gr\u00e2ce \u00e0 vos r\u00eaves\u2026<a href=\"https:\/\/pbatitude.com\/index.php\/claire-droin\/\">Mieux la conna\u00eetre\u2026.<\/a><\/p>\n<\/div>\n<\/div>\n\n\n\n<h2 class=\"wp-block-heading\">Cabinet PBAtitude<\/h2>\n\n\n\n<div class=\"wp-block-columns is-layout-flex wp-container-core-columns-is-layout-9d6595d7 wp-block-columns-is-layout-flex\">\n<div class=\"wp-block-column is-layout-flow wp-block-column-is-layout-flow\" style=\"flex-basis:33.33%\">\n<p>Claire Droin exerce dans un cabinet \u00e0 Villefranche-sur-Sa\u00f4ne. Vous trouverez ici tous les d\u00e9tails pour vous y rendre, pour prendre rendez-vous et conna\u00eetre les modes de r\u00e8glement.<a href=\"https:\/\/pbatitude.com\/index.php\/accueil\/cabinet-pbatitude\/\"> Plus d\u2019infos\u2026<\/a><\/p>\n<\/div>\n\n\n\n<div class=\"wp-block-column is-layout-flow wp-block-column-is-layout-flow\" style=\"flex-basis:66.66%\">\n<figure class=\"wp-block-image size-large\"><img loading=\"lazy\" decoding=\"async\" width=\"1024\" height=\"778\" src=\"https:\/\/pbatitude.com\/wp-content\/uploads\/2022\/05\/Bureaux-1024x778.jpg\" alt=\"PBAtitude, Cabinet\" class=\"wp-image-887\" srcset=\"https:\/\/pbatitude.com\/wp-content\/uploads\/2022\/05\/Bureaux-1024x778.jpg 1024w, https:\/\/pbatitude.com\/wp-content\/uploads\/2022\/05\/Bureaux-300x228.jpg 300w, https:\/\/pbatitude.com\/wp-content\/uploads\/2022\/05\/Bureaux-768x584.jpg 768w, https:\/\/pbatitude.com\/wp-content\/uploads\/2022\/05\/Bureaux-1536x1167.jpg 1536w, https:\/\/pbatitude.com\/wp-content\/uploads\/2022\/05\/Bureaux-2048x1557.jpg 2048w, https:\/\/pbatitude.com\/wp-content\/uploads\/2022\/05\/Bureaux-1600x1216.jpg 1600w, https:\/\/pbatitude.com\/wp-content\/uploads\/2022\/05\/Bureaux-780x593.jpg 780w\" sizes=\"auto, (max-width: 1024px) 100vw, 1024px\" \/><\/figure>\n<\/div>\n<\/div>\n\n\n\n<h2 class=\"wp-block-heading\">Questions fr\u00e9quentes sur la PBA et Claire Droin<\/h2>\n\n\n\n<div class=\"wp-block-columns is-layout-flex wp-container-core-columns-is-layout-9d6595d7 wp-block-columns-is-layout-flex\">\n<div class=\"wp-block-column is-layout-flow wp-block-column-is-layout-flow\" style=\"flex-basis:66.66%\">\n<figure class=\"wp-block-image size-large\"><img loading=\"lazy\" decoding=\"async\" width=\"1024\" height=\"683\" src=\"https:\/\/pbatitude.com\/wp-content\/uploads\/2022\/04\/ana-municio-PbzntH58GLQ-unsplash-1024x683.jpg\" alt=\"Questions, r\u00e9ponses, FAQ, PBA\" class=\"wp-image-875\" srcset=\"https:\/\/pbatitude.com\/wp-content\/uploads\/2022\/04\/ana-municio-PbzntH58GLQ-unsplash-1024x683.jpg 1024w, https:\/\/pbatitude.com\/wp-content\/uploads\/2022\/04\/ana-municio-PbzntH58GLQ-unsplash-300x200.jpg 300w, https:\/\/pbatitude.com\/wp-content\/uploads\/2022\/04\/ana-municio-PbzntH58GLQ-unsplash-768x512.jpg 768w, https:\/\/pbatitude.com\/wp-content\/uploads\/2022\/04\/ana-municio-PbzntH58GLQ-unsplash-1536x1025.jpg 1536w, https:\/\/pbatitude.com\/wp-content\/uploads\/2022\/04\/ana-municio-PbzntH58GLQ-unsplash-2048x1367.jpg 2048w, https:\/\/pbatitude.com\/wp-content\/uploads\/2022\/04\/ana-municio-PbzntH58GLQ-unsplash-1600x1068.jpg 1600w, https:\/\/pbatitude.com\/wp-content\/uploads\/2022\/04\/ana-municio-PbzntH58GLQ-unsplash-780x520.jpg 780w\" sizes=\"auto, (max-width: 1024px) 100vw, 1024px\" \/><\/figure>\n<\/div>\n\n\n\n<div class=\"wp-block-column is-layout-flow wp-block-column-is-layout-flow\" style=\"flex-basis:33.33%\">\n<p>Vous vous posez des questions sur la PBA ? Vous avez besoin de renseignements ou de plus d\u2019informations sur PBAtitude et Claire Droin ? Voici les r\u00e9ponses aux questions les plus fr\u00e9quemment pos\u00e9es (FAQ). <a href=\"https:\/\/pbatitude.com\/index.php\/accueil\/faq-pba-et-claire-droin\/\">Cliquez ici&#8230;<\/a><\/p>\n<\/div>\n<\/div>\n\n\n\n<blockquote class=\"wp-block-quote is-layout-flow wp-block-quote-is-layout-flow\">\n<p>\u00ab Le bonheur est une mosa\u00efque compos\u00e9e de petits morceaux \u00bb<\/p>\n<cite>Charles Dumercy<\/cite><\/blockquote>\n\n\n\n<p><\/p>\n","protected":false},"excerpt":{"rendered":"<p>La PBA aide \u00e0 mieux vous conna\u00eetre, r\u00e9v\u00e9lant des blocages enfouis en vous. En les \u00e9vacuant, elle vous permet de vous affranchir de comportements acquis par le pass\u00e9 et d\u2019adopter une nouvelle fa\u00e7on de vivre, avec s\u00e9r\u00e9nit\u00e9 et pl\u00e9nitude. Gr\u00e2ce \u00e0 la pratique de la PBA, Claire Droin vous permet d&rsquo;aller \u00e0 la rencontre de &hellip;<\/p>\n","protected":false},"author":1,"featured_media":0,"parent":0,"menu_order":0,"comment_status":"closed","ping_status":"closed","template":"templates\/with-right-sidebar.php","meta":{"footnotes":""},"class_list":["post-62","page","type-page","status-publish","hentry","entry entry-center"],"yoast_head":"<!-- This site is optimized with the Yoast SEO plugin v27.3 - https:\/\/yoast.com\/product\/yoast-seo-wordpress\/ -->\n<title>PBAtitude Claire Droin praticienne PBA Psycho-Bio-Acupressure<\/title>\n<meta name=\"description\" content=\"M\u00e9thode courte douce naturelle Pratique adpat\u00e9e aux adultes adolescents enfants b\u00e9b\u00e9s Villefranche-sur-sa\u00f4ne Tarare Lyon M\u00e2con\" \/>\n<meta name=\"robots\" content=\"index, follow, max-snippet:-1, max-image-preview:large, max-video-preview:-1\" \/>\n<link rel=\"canonical\" href=\"https:\/\/pbatitude.com\/\" \/>\n<meta property=\"og:locale\" content=\"fr_FR\" \/>\n<meta property=\"og:type\" content=\"article\" \/>\n<meta property=\"og:title\" content=\"PBAtitude Claire Droin praticienne PBA Psycho-Bio-Acupressure\" \/>\n<meta property=\"og:description\" content=\"M\u00e9thode courte douce naturelle Pratique adpat\u00e9e aux adultes adolescents enfants b\u00e9b\u00e9s Villefranche-sur-sa\u00f4ne Tarare Lyon M\u00e2con\" \/>\n<meta property=\"og:url\" content=\"https:\/\/pbatitude.com\/\" \/>\n<meta property=\"og:site_name\" content=\"PBAtitude\" \/>\n<meta property=\"article:modified_time\" content=\"2025-05-15T15:43:24+00:00\" \/>\n<meta property=\"og:image\" content=\"https:\/\/pbatitude.com\/wp-content\/uploads\/2019\/10\/maple-2135514_1280-1024x682.jpg\" \/>\n<meta name=\"twitter:card\" content=\"summary_large_image\" \/>\n<meta name=\"twitter:label1\" content=\"Dur\u00e9e de lecture estim\u00e9e\" \/>\n\t<meta name=\"twitter:data1\" content=\"5 minutes\" \/>\n<script type=\"application\/ld+json\" class=\"yoast-schema-graph\">{\"@context\":\"https:\\\/\\\/schema.org\",\"@graph\":[{\"@type\":\"WebPage\",\"@id\":\"https:\\\/\\\/pbatitude.com\\\/\",\"url\":\"https:\\\/\\\/pbatitude.com\\\/\",\"name\":\"PBAtitude Claire Droin praticienne PBA Psycho-Bio-Acupressure\",\"isPartOf\":{\"@id\":\"https:\\\/\\\/pbatitude.com\\\/#website\"},\"primaryImageOfPage\":{\"@id\":\"https:\\\/\\\/pbatitude.com\\\/#primaryimage\"},\"image\":{\"@id\":\"https:\\\/\\\/pbatitude.com\\\/#primaryimage\"},\"thumbnailUrl\":\"https:\\\/\\\/pbatitude.com\\\/wp-content\\\/uploads\\\/2019\\\/10\\\/maple-2135514_1280-1024x682.jpg\",\"datePublished\":\"2019-10-23T13:16:47+00:00\",\"dateModified\":\"2025-05-15T15:43:24+00:00\",\"description\":\"M\u00e9thode courte douce naturelle Pratique adpat\u00e9e aux adultes adolescents enfants b\u00e9b\u00e9s Villefranche-sur-sa\u00f4ne Tarare Lyon M\u00e2con\",\"breadcrumb\":{\"@id\":\"https:\\\/\\\/pbatitude.com\\\/#breadcrumb\"},\"inLanguage\":\"fr-FR\",\"potentialAction\":[{\"@type\":\"ReadAction\",\"target\":[\"https:\\\/\\\/pbatitude.com\\\/\"]}]},{\"@type\":\"ImageObject\",\"inLanguage\":\"fr-FR\",\"@id\":\"https:\\\/\\\/pbatitude.com\\\/#primaryimage\",\"url\":\"https:\\\/\\\/pbatitude.com\\\/wp-content\\\/uploads\\\/2019\\\/10\\\/maple-2135514_1280.jpg\",\"contentUrl\":\"https:\\\/\\\/pbatitude.com\\\/wp-content\\\/uploads\\\/2019\\\/10\\\/maple-2135514_1280.jpg\",\"width\":1280,\"height\":853,\"caption\":\"nature joie\"},{\"@type\":\"BreadcrumbList\",\"@id\":\"https:\\\/\\\/pbatitude.com\\\/#breadcrumb\",\"itemListElement\":[{\"@type\":\"ListItem\",\"position\":1,\"name\":\"Accueil\",\"item\":\"https:\\\/\\\/pbatitude.com\\\/\"},{\"@type\":\"ListItem\",\"position\":2,\"name\":\"ACCUEIL\"}]},{\"@type\":\"WebSite\",\"@id\":\"https:\\\/\\\/pbatitude.com\\\/#website\",\"url\":\"https:\\\/\\\/pbatitude.com\\\/\",\"name\":\"PBAtitude\",\"description\":\"A la rencontre de votre nature profonde\",\"potentialAction\":[{\"@type\":\"SearchAction\",\"target\":{\"@type\":\"EntryPoint\",\"urlTemplate\":\"https:\\\/\\\/pbatitude.com\\\/?s={search_term_string}\"},\"query-input\":{\"@type\":\"PropertyValueSpecification\",\"valueRequired\":true,\"valueName\":\"search_term_string\"}}],\"inLanguage\":\"fr-FR\"}]}<\/script>\n<!-- \/ Yoast SEO plugin. -->","yoast_head_json":{"title":"PBAtitude Claire Droin praticienne PBA Psycho-Bio-Acupressure","description":"M\u00e9thode courte douce naturelle Pratique adpat\u00e9e aux adultes adolescents enfants b\u00e9b\u00e9s Villefranche-sur-sa\u00f4ne Tarare Lyon M\u00e2con","robots":{"index":"index","follow":"follow","max-snippet":"max-snippet:-1","max-image-preview":"max-image-preview:large","max-video-preview":"max-video-preview:-1"},"canonical":"https:\/\/pbatitude.com\/","og_locale":"fr_FR","og_type":"article","og_title":"PBAtitude Claire Droin praticienne PBA Psycho-Bio-Acupressure","og_description":"M\u00e9thode courte douce naturelle Pratique adpat\u00e9e aux adultes adolescents enfants b\u00e9b\u00e9s Villefranche-sur-sa\u00f4ne Tarare Lyon M\u00e2con","og_url":"https:\/\/pbatitude.com\/","og_site_name":"PBAtitude","article_modified_time":"2025-05-15T15:43:24+00:00","og_image":[{"url":"https:\/\/pbatitude.com\/wp-content\/uploads\/2019\/10\/maple-2135514_1280-1024x682.jpg","type":"","width":"","height":""}],"twitter_card":"summary_large_image","twitter_misc":{"Dur\u00e9e de lecture estim\u00e9e":"5 minutes"},"schema":{"@context":"https:\/\/schema.org","@graph":[{"@type":"WebPage","@id":"https:\/\/pbatitude.com\/","url":"https:\/\/pbatitude.com\/","name":"PBAtitude Claire Droin praticienne PBA Psycho-Bio-Acupressure","isPartOf":{"@id":"https:\/\/pbatitude.com\/#website"},"primaryImageOfPage":{"@id":"https:\/\/pbatitude.com\/#primaryimage"},"image":{"@id":"https:\/\/pbatitude.com\/#primaryimage"},"thumbnailUrl":"https:\/\/pbatitude.com\/wp-content\/uploads\/2019\/10\/maple-2135514_1280-1024x682.jpg","datePublished":"2019-10-23T13:16:47+00:00","dateModified":"2025-05-15T15:43:24+00:00","description":"M\u00e9thode courte douce naturelle Pratique adpat\u00e9e aux adultes adolescents enfants b\u00e9b\u00e9s Villefranche-sur-sa\u00f4ne Tarare Lyon M\u00e2con","breadcrumb":{"@id":"https:\/\/pbatitude.com\/#breadcrumb"},"inLanguage":"fr-FR","potentialAction":[{"@type":"ReadAction","target":["https:\/\/pbatitude.com\/"]}]},{"@type":"ImageObject","inLanguage":"fr-FR","@id":"https:\/\/pbatitude.com\/#primaryimage","url":"https:\/\/pbatitude.com\/wp-content\/uploads\/2019\/10\/maple-2135514_1280.jpg","contentUrl":"https:\/\/pbatitude.com\/wp-content\/uploads\/2019\/10\/maple-2135514_1280.jpg","width":1280,"height":853,"caption":"nature joie"},{"@type":"BreadcrumbList","@id":"https:\/\/pbatitude.com\/#breadcrumb","itemListElement":[{"@type":"ListItem","position":1,"name":"Accueil","item":"https:\/\/pbatitude.com\/"},{"@type":"ListItem","position":2,"name":"ACCUEIL"}]},{"@type":"WebSite","@id":"https:\/\/pbatitude.com\/#website","url":"https:\/\/pbatitude.com\/","name":"PBAtitude","description":"A la rencontre de votre nature profonde","potentialAction":[{"@type":"SearchAction","target":{"@type":"EntryPoint","urlTemplate":"https:\/\/pbatitude.com\/?s={search_term_string}"},"query-input":{"@type":"PropertyValueSpecification","valueRequired":true,"valueName":"search_term_string"}}],"inLanguage":"fr-FR"}]}},"_links":{"self":[{"href":"https:\/\/pbatitude.com\/index.php\/wp-json\/wp\/v2\/pages\/62","targetHints":{"allow":["GET"]}}],"collection":[{"href":"https:\/\/pbatitude.com\/index.php\/wp-json\/wp\/v2\/pages"}],"about":[{"href":"https:\/\/pbatitude.com\/index.php\/wp-json\/wp\/v2\/types\/page"}],"author":[{"embeddable":true,"href":"https:\/\/pbatitude.com\/index.php\/wp-json\/wp\/v2\/users\/1"}],"replies":[{"embeddable":true,"href":"https:\/\/pbatitude.com\/index.php\/wp-json\/wp\/v2\/comments?post=62"}],"version-history":[{"count":59,"href":"https:\/\/pbatitude.com\/index.php\/wp-json\/wp\/v2\/pages\/62\/revisions"}],"predecessor-version":[{"id":1372,"href":"https:\/\/pbatitude.com\/index.php\/wp-json\/wp\/v2\/pages\/62\/revisions\/1372"}],"wp:attachment":[{"href":"https:\/\/pbatitude.com\/index.php\/wp-json\/wp\/v2\/media?parent=62"}],"curies":[{"name":"wp","href":"https:\/\/api.w.org\/{rel}","templated":true}]}}