{"id":551,"date":"2022-04-12T19:12:47","date_gmt":"2022-04-12T17:12:47","guid":{"rendered":"https:\/\/pbatitude.com\/?page_id=551"},"modified":"2025-03-05T15:35:32","modified_gmt":"2025-03-05T14:35:32","slug":"quels-resultats-pba","status":"publish","type":"page","link":"https:\/\/pbatitude.com\/index.php\/accueil\/faq-pba-et-claire-droin\/quels-resultats-pba\/","title":{"rendered":"A quels r\u00e9sultats peut-on s&rsquo;attendre avec la PBA ?"},"content":{"rendered":"\n<p>La PBA procure des bienfaits imm\u00e9diats et \u00e0 long terme bien que les r\u00e9sultats soient difficilement quantifiables. Les personnes ayant eu recours \u00e0 la Psycho-Bio-Acupressure se sentent g\u00e9n\u00e9ralement plus sereines et en accord avec leur nature profonde.<\/p>\n\n\n\n<figure class=\"wp-block-image size-large\"><img loading=\"lazy\" decoding=\"async\" width=\"1024\" height=\"715\" src=\"https:\/\/pbatitude.com\/wp-content\/uploads\/2022\/04\/david-clode-13PjNBaDMcg-unsplash-1024x715.jpg\" alt=\"PBA, r\u00e9sultats, bienfaits\" class=\"wp-image-552\" title=\"A quels r\u00e9sultats peut-on s'attendre avec la PBA ?\" srcset=\"https:\/\/pbatitude.com\/wp-content\/uploads\/2022\/04\/david-clode-13PjNBaDMcg-unsplash-1024x715.jpg 1024w, https:\/\/pbatitude.com\/wp-content\/uploads\/2022\/04\/david-clode-13PjNBaDMcg-unsplash-300x210.jpg 300w, https:\/\/pbatitude.com\/wp-content\/uploads\/2022\/04\/david-clode-13PjNBaDMcg-unsplash-768x536.jpg 768w, https:\/\/pbatitude.com\/wp-content\/uploads\/2022\/04\/david-clode-13PjNBaDMcg-unsplash-1536x1073.jpg 1536w, https:\/\/pbatitude.com\/wp-content\/uploads\/2022\/04\/david-clode-13PjNBaDMcg-unsplash-2048x1431.jpg 2048w, https:\/\/pbatitude.com\/wp-content\/uploads\/2022\/04\/david-clode-13PjNBaDMcg-unsplash-1600x1118.jpg 1600w, https:\/\/pbatitude.com\/wp-content\/uploads\/2022\/04\/david-clode-13PjNBaDMcg-unsplash-780x545.jpg 780w\" sizes=\"auto, (max-width: 1024px) 100vw, 1024px\" \/><\/figure>\n\n\n\n<h2 class=\"wp-block-heading\">Des r\u00e9sultats imm\u00e9diats<\/h2>\n\n\n\n<p>En effet, par l\u2019application de circuits de points d\u2019acupressure, la PBA permet de lib\u00e9rer des \u00e9nergies capables de r\u00e9\u00e9quilibrer une personne au niveau de ses \u00e9motions, de ses pens\u00e9es, et de lui rendre ainsi son plein potentiel \u00e9nerg\u00e9tique. Les r\u00e9sultats imm\u00e9diats apr\u00e8s une s\u00e9ance sont des sensations de bien-\u00eatre et de l\u00e9g\u00e8ret\u00e9.<\/p>\n\n\n\n<h2 class=\"wp-block-heading\">Des bienfaits \u00e0 long terme<\/h2>\n\n\n\n<p>Par ailleurs, l&rsquo;identification et la verbalisation des blocages \u00e9motionnels (\u00e9nerg\u00e9tiques) par le praticien (sous certaines conditions) , permettent au consultant de les \u00e9vacuer des zones du cerveau o\u00f9 ils \u00e9taient m\u00e9moris\u00e9s et de les effacer. Les r\u00e9sultats et bienfaits de la PBA sont plus o\u00f9 moins ressentis en fonction des personnes. Quelques temps apr\u00e8s une s\u00e9ance, les personnes ayant eu recours \u00e0 la Psycho-Bio-Acupressure se sentent g\u00e9n\u00e9ralement diff\u00e9rentes, ayant perdu sans effort ni douleur leurs blocages \u00e9motionnels (\u00e9nerg\u00e9tiques). Elles retrouvent leur libre-arbitre face \u00e0 certaines situations et d\u00e9couvrent des possibilit\u00e9s de comportements auxquels elles n\u2019avaient plus acc\u00e8s.<\/p>\n\n\n\n<h2 class=\"wp-block-heading\">Et plus encore<\/h2>\n\n\n\n<p>Une moyenne de 3 \u00e0 4 s\u00e9ances suffit en g\u00e9n\u00e9ral \u00e0 se sentir mieux ou \u00e0 passer un moment de vie difficile. Mais certaines personnes ressentent le besoin de revenir chercher les bienfaits de la PBA de temps \u00e0 autre. La PBA ne cr\u00e9\u00e9e pas de d\u00e9pendance, le consultant est donc artisan de sa propre lib\u00e9ration, de la d\u00e9couverte de sa nature profonde et peut revenir quand il le souhaite pour avancer sur le chemin de l\u2019acceptation de soi et de l\u2019\u00e9panouissement\u2026<\/p>\n\n\n\n<h2 class=\"wp-block-heading\">Autres questions, autres r\u00e9ponses :<\/h2>\n\n\n\n<ul class=\"wp-block-list\">\n<li><a href=\"https:\/\/pbatitude.com\/index.php\/seances\/\">S\u00e9ance en Psycho-Bio-Acupressure\u00a0<\/a><\/li>\n\n\n\n<li><a href=\"https:\/\/pbatitude.com\/index.php\/accueil\/etudes-cas-psycho-bio-acupressure\/\" target=\"_blank\" rel=\"noreferrer noopener\">Etudes de cas en Psycho-Bio-Acupressure<\/a><\/li>\n\n\n\n<li><a href=\"https:\/\/pbatitude.com\/index.php\/accueil\/faq-pba-et-claire-droin\/tarifs-seance-psycho-bio-acupressure\/\">Quels sont les tarifs pour une s\u00e9ance de Psycho-Bio-Acupressure avec Claire Droin ?<\/a><\/li>\n\n\n\n<li><a href=\"https:\/\/pbatitude.com\/index.php\/accueil\/faq-pba-et-claire-droin\/seances-pba-remboursees-securite-sociale\/\">Les s\u00e9ances de PBA sont-elles rembours\u00e9es par l\u2019assurance maladie ?<\/a><\/li>\n\n\n\n<li><a href=\"https:\/\/pbatitude.com\/index.php\/accueil\/faq-pba-et-claire-droin\/seances-pba-remboursees-mutuelles-sante\/\">Les s\u00e9ances de PBA sont-elles rembours\u00e9es par les mutuelles de sant\u00e9 ?<\/a><\/li>\n<\/ul>\n\n\n\n<p><\/p>\n","protected":false},"excerpt":{"rendered":"<p>La PBA procure des bienfaits imm\u00e9diats et \u00e0 long terme bien que les r\u00e9sultats soient difficilement quantifiables. Les personnes ayant eu recours \u00e0 la Psycho-Bio-Acupressure se sentent g\u00e9n\u00e9ralement plus sereines et en accord avec leur nature profonde. Des r\u00e9sultats imm\u00e9diats En effet, par l\u2019application de circuits de points d\u2019acupressure, la PBA permet de lib\u00e9rer des &hellip;<\/p>\n","protected":false},"author":1,"featured_media":0,"parent":568,"menu_order":4,"comment_status":"closed","ping_status":"closed","template":"","meta":{"footnotes":""},"class_list":["post-551","page","type-page","status-publish","hentry","entry entry-center"],"yoast_head":"<!-- This site is optimized with the Yoast SEO plugin v27.4 - https:\/\/yoast.com\/product\/yoast-seo-wordpress\/ -->\n<title>A quels r\u00e9sultats peut-on s&#039;attendre avec la PBA ? - PBAtitude<\/title>\n<meta name=\"description\" content=\"Questions r\u00e9ponses FAQ PBA r\u00e9sultats bienfaits gu\u00e9rison\" \/>\n<meta name=\"robots\" content=\"index, follow, max-snippet:-1, max-image-preview:large, max-video-preview:-1\" \/>\n<link rel=\"canonical\" href=\"https:\/\/pbatitude.com\/index.php\/accueil\/faq-pba-et-claire-droin\/quels-resultats-pba\/\" \/>\n<meta property=\"og:locale\" content=\"fr_FR\" \/>\n<meta property=\"og:type\" content=\"article\" \/>\n<meta property=\"og:title\" content=\"A quels r\u00e9sultats peut-on s&#039;attendre avec la PBA ? - PBAtitude\" \/>\n<meta property=\"og:description\" content=\"Questions r\u00e9ponses FAQ PBA r\u00e9sultats bienfaits gu\u00e9rison\" \/>\n<meta property=\"og:url\" content=\"https:\/\/pbatitude.com\/index.php\/accueil\/faq-pba-et-claire-droin\/quels-resultats-pba\/\" \/>\n<meta property=\"og:site_name\" content=\"PBAtitude\" \/>\n<meta property=\"article:modified_time\" content=\"2025-03-05T14:35:32+00:00\" \/>\n<meta property=\"og:image\" content=\"https:\/\/pbatitude.com\/wp-content\/uploads\/2022\/04\/david-clode-13PjNBaDMcg-unsplash-1024x715.jpg\" \/>\n<meta name=\"twitter:card\" content=\"summary_large_image\" \/>\n<meta name=\"twitter:label1\" content=\"Dur\u00e9e de lecture estim\u00e9e\" \/>\n\t<meta name=\"twitter:data1\" content=\"2 minutes\" \/>\n<script type=\"application\/ld+json\" class=\"yoast-schema-graph\">{\"@context\":\"https:\\\/\\\/schema.org\",\"@graph\":[{\"@type\":[\"WebPage\",\"QAPage\"],\"@id\":\"https:\\\/\\\/pbatitude.com\\\/index.php\\\/accueil\\\/faq-pba-et-claire-droin\\\/quels-resultats-pba\\\/\",\"url\":\"https:\\\/\\\/pbatitude.com\\\/index.php\\\/accueil\\\/faq-pba-et-claire-droin\\\/quels-resultats-pba\\\/\",\"name\":\"A quels r\u00e9sultats peut-on s'attendre avec la PBA ? - PBAtitude\",\"isPartOf\":{\"@id\":\"https:\\\/\\\/pbatitude.com\\\/#website\"},\"primaryImageOfPage\":{\"@id\":\"https:\\\/\\\/pbatitude.com\\\/index.php\\\/accueil\\\/faq-pba-et-claire-droin\\\/quels-resultats-pba\\\/#primaryimage\"},\"image\":{\"@id\":\"https:\\\/\\\/pbatitude.com\\\/index.php\\\/accueil\\\/faq-pba-et-claire-droin\\\/quels-resultats-pba\\\/#primaryimage\"},\"thumbnailUrl\":\"https:\\\/\\\/pbatitude.com\\\/wp-content\\\/uploads\\\/2022\\\/04\\\/david-clode-13PjNBaDMcg-unsplash-1024x715.jpg\",\"datePublished\":\"2022-04-12T17:12:47+00:00\",\"dateModified\":\"2025-03-05T14:35:32+00:00\",\"description\":\"Questions r\u00e9ponses FAQ PBA r\u00e9sultats bienfaits gu\u00e9rison\",\"breadcrumb\":{\"@id\":\"https:\\\/\\\/pbatitude.com\\\/index.php\\\/accueil\\\/faq-pba-et-claire-droin\\\/quels-resultats-pba\\\/#breadcrumb\"},\"inLanguage\":\"fr-FR\",\"potentialAction\":[{\"@type\":\"ReadAction\",\"target\":[\"https:\\\/\\\/pbatitude.com\\\/index.php\\\/accueil\\\/faq-pba-et-claire-droin\\\/quels-resultats-pba\\\/\"]}]},{\"@type\":\"ImageObject\",\"inLanguage\":\"fr-FR\",\"@id\":\"https:\\\/\\\/pbatitude.com\\\/index.php\\\/accueil\\\/faq-pba-et-claire-droin\\\/quels-resultats-pba\\\/#primaryimage\",\"url\":\"https:\\\/\\\/pbatitude.com\\\/wp-content\\\/uploads\\\/2022\\\/04\\\/david-clode-13PjNBaDMcg-unsplash-scaled.jpg\",\"contentUrl\":\"https:\\\/\\\/pbatitude.com\\\/wp-content\\\/uploads\\\/2022\\\/04\\\/david-clode-13PjNBaDMcg-unsplash-scaled.jpg\",\"width\":2560,\"height\":1788},{\"@type\":\"BreadcrumbList\",\"@id\":\"https:\\\/\\\/pbatitude.com\\\/index.php\\\/accueil\\\/faq-pba-et-claire-droin\\\/quels-resultats-pba\\\/#breadcrumb\",\"itemListElement\":[{\"@type\":\"ListItem\",\"position\":1,\"name\":\"Accueil\",\"item\":\"https:\\\/\\\/pbatitude.com\\\/\"},{\"@type\":\"ListItem\",\"position\":2,\"name\":\"ACCUEIL\",\"item\":\"https:\\\/\\\/pbatitude.com\\\/\"},{\"@type\":\"ListItem\",\"position\":3,\"name\":\"QUESTIONS FREQUENTES SUR LA PBA ET CLAIRE DROIN\",\"item\":\"https:\\\/\\\/pbatitude.com\\\/index.php\\\/accueil\\\/faq-pba-et-claire-droin\\\/\"},{\"@type\":\"ListItem\",\"position\":4,\"name\":\"A quels r\u00e9sultats peut-on s&rsquo;attendre avec la PBA ?\"}]},{\"@type\":\"WebSite\",\"@id\":\"https:\\\/\\\/pbatitude.com\\\/#website\",\"url\":\"https:\\\/\\\/pbatitude.com\\\/\",\"name\":\"PBAtitude\",\"description\":\"A la rencontre de votre nature profonde\",\"potentialAction\":[{\"@type\":\"SearchAction\",\"target\":{\"@type\":\"EntryPoint\",\"urlTemplate\":\"https:\\\/\\\/pbatitude.com\\\/?s={search_term_string}\"},\"query-input\":{\"@type\":\"PropertyValueSpecification\",\"valueRequired\":true,\"valueName\":\"search_term_string\"}}],\"inLanguage\":\"fr-FR\"}]}<\/script>\n<!-- \/ Yoast SEO plugin. -->","yoast_head_json":{"title":"A quels r\u00e9sultats peut-on s'attendre avec la PBA ? - PBAtitude","description":"Questions r\u00e9ponses FAQ PBA r\u00e9sultats bienfaits gu\u00e9rison","robots":{"index":"index","follow":"follow","max-snippet":"max-snippet:-1","max-image-preview":"max-image-preview:large","max-video-preview":"max-video-preview:-1"},"canonical":"https:\/\/pbatitude.com\/index.php\/accueil\/faq-pba-et-claire-droin\/quels-resultats-pba\/","og_locale":"fr_FR","og_type":"article","og_title":"A quels r\u00e9sultats peut-on s'attendre avec la PBA ? - PBAtitude","og_description":"Questions r\u00e9ponses FAQ PBA r\u00e9sultats bienfaits gu\u00e9rison","og_url":"https:\/\/pbatitude.com\/index.php\/accueil\/faq-pba-et-claire-droin\/quels-resultats-pba\/","og_site_name":"PBAtitude","article_modified_time":"2025-03-05T14:35:32+00:00","og_image":[{"url":"https:\/\/pbatitude.com\/wp-content\/uploads\/2022\/04\/david-clode-13PjNBaDMcg-unsplash-1024x715.jpg","type":"","width":"","height":""}],"twitter_card":"summary_large_image","twitter_misc":{"Dur\u00e9e de lecture estim\u00e9e":"2 minutes"},"schema":{"@context":"https:\/\/schema.org","@graph":[{"@type":["WebPage","QAPage"],"@id":"https:\/\/pbatitude.com\/index.php\/accueil\/faq-pba-et-claire-droin\/quels-resultats-pba\/","url":"https:\/\/pbatitude.com\/index.php\/accueil\/faq-pba-et-claire-droin\/quels-resultats-pba\/","name":"A quels r\u00e9sultats peut-on s'attendre avec la PBA ? - PBAtitude","isPartOf":{"@id":"https:\/\/pbatitude.com\/#website"},"primaryImageOfPage":{"@id":"https:\/\/pbatitude.com\/index.php\/accueil\/faq-pba-et-claire-droin\/quels-resultats-pba\/#primaryimage"},"image":{"@id":"https:\/\/pbatitude.com\/index.php\/accueil\/faq-pba-et-claire-droin\/quels-resultats-pba\/#primaryimage"},"thumbnailUrl":"https:\/\/pbatitude.com\/wp-content\/uploads\/2022\/04\/david-clode-13PjNBaDMcg-unsplash-1024x715.jpg","datePublished":"2022-04-12T17:12:47+00:00","dateModified":"2025-03-05T14:35:32+00:00","description":"Questions r\u00e9ponses FAQ PBA r\u00e9sultats bienfaits gu\u00e9rison","breadcrumb":{"@id":"https:\/\/pbatitude.com\/index.php\/accueil\/faq-pba-et-claire-droin\/quels-resultats-pba\/#breadcrumb"},"inLanguage":"fr-FR","potentialAction":[{"@type":"ReadAction","target":["https:\/\/pbatitude.com\/index.php\/accueil\/faq-pba-et-claire-droin\/quels-resultats-pba\/"]}]},{"@type":"ImageObject","inLanguage":"fr-FR","@id":"https:\/\/pbatitude.com\/index.php\/accueil\/faq-pba-et-claire-droin\/quels-resultats-pba\/#primaryimage","url":"https:\/\/pbatitude.com\/wp-content\/uploads\/2022\/04\/david-clode-13PjNBaDMcg-unsplash-scaled.jpg","contentUrl":"https:\/\/pbatitude.com\/wp-content\/uploads\/2022\/04\/david-clode-13PjNBaDMcg-unsplash-scaled.jpg","width":2560,"height":1788},{"@type":"BreadcrumbList","@id":"https:\/\/pbatitude.com\/index.php\/accueil\/faq-pba-et-claire-droin\/quels-resultats-pba\/#breadcrumb","itemListElement":[{"@type":"ListItem","position":1,"name":"Accueil","item":"https:\/\/pbatitude.com\/"},{"@type":"ListItem","position":2,"name":"ACCUEIL","item":"https:\/\/pbatitude.com\/"},{"@type":"ListItem","position":3,"name":"QUESTIONS FREQUENTES SUR LA PBA ET CLAIRE DROIN","item":"https:\/\/pbatitude.com\/index.php\/accueil\/faq-pba-et-claire-droin\/"},{"@type":"ListItem","position":4,"name":"A quels r\u00e9sultats peut-on s&rsquo;attendre avec la PBA ?"}]},{"@type":"WebSite","@id":"https:\/\/pbatitude.com\/#website","url":"https:\/\/pbatitude.com\/","name":"PBAtitude","description":"A la rencontre de votre nature profonde","potentialAction":[{"@type":"SearchAction","target":{"@type":"EntryPoint","urlTemplate":"https:\/\/pbatitude.com\/?s={search_term_string}"},"query-input":{"@type":"PropertyValueSpecification","valueRequired":true,"valueName":"search_term_string"}}],"inLanguage":"fr-FR"}]}},"_links":{"self":[{"href":"https:\/\/pbatitude.com\/index.php\/wp-json\/wp\/v2\/pages\/551","targetHints":{"allow":["GET"]}}],"collection":[{"href":"https:\/\/pbatitude.com\/index.php\/wp-json\/wp\/v2\/pages"}],"about":[{"href":"https:\/\/pbatitude.com\/index.php\/wp-json\/wp\/v2\/types\/page"}],"author":[{"embeddable":true,"href":"https:\/\/pbatitude.com\/index.php\/wp-json\/wp\/v2\/users\/1"}],"replies":[{"embeddable":true,"href":"https:\/\/pbatitude.com\/index.php\/wp-json\/wp\/v2\/comments?post=551"}],"version-history":[{"count":11,"href":"https:\/\/pbatitude.com\/index.php\/wp-json\/wp\/v2\/pages\/551\/revisions"}],"predecessor-version":[{"id":1333,"href":"https:\/\/pbatitude.com\/index.php\/wp-json\/wp\/v2\/pages\/551\/revisions\/1333"}],"up":[{"embeddable":true,"href":"https:\/\/pbatitude.com\/index.php\/wp-json\/wp\/v2\/pages\/568"}],"wp:attachment":[{"href":"https:\/\/pbatitude.com\/index.php\/wp-json\/wp\/v2\/media?parent=551"}],"curies":[{"name":"wp","href":"https:\/\/api.w.org\/{rel}","templated":true}]}}