{"id":545,"date":"2022-04-12T19:14:12","date_gmt":"2022-04-12T17:14:12","guid":{"rendered":"https:\/\/pbatitude.com\/?page_id=545"},"modified":"2025-03-05T15:34:41","modified_gmt":"2025-03-05T14:34:41","slug":"seances-pba-remboursees-securite-sociale","status":"publish","type":"page","link":"https:\/\/pbatitude.com\/index.php\/accueil\/faq-pba-et-claire-droin\/seances-pba-remboursees-securite-sociale\/","title":{"rendered":"Les s\u00e9ances de PBA sont-elles rembours\u00e9es par la S\u00e9curit\u00e9 Sociale ?"},"content":{"rendered":"\n<p>Si je fais une s\u00e9ance de PBA, serai-je rembours\u00e9 par l\u2019Assurance Maladie (CPAM) ? La r\u00e9ponse relative \u00e0 cette question est d\u00e9velopp\u00e9e ci dessous.<\/p>\n\n\n\n<figure class=\"wp-block-image size-large\"><img loading=\"lazy\" decoding=\"async\" width=\"1024\" height=\"662\" src=\"https:\/\/pbatitude.com\/wp-content\/uploads\/2022\/04\/claire-abdo-0gICDd3mAp4-unsplash-1-1024x662.jpg\" alt=\"S\u00e9curit\u00e9 sociale, Assurance Maladie, PBA, CPAM\" class=\"wp-image-546\" srcset=\"https:\/\/pbatitude.com\/wp-content\/uploads\/2022\/04\/claire-abdo-0gICDd3mAp4-unsplash-1-1024x662.jpg 1024w, https:\/\/pbatitude.com\/wp-content\/uploads\/2022\/04\/claire-abdo-0gICDd3mAp4-unsplash-1-300x194.jpg 300w, https:\/\/pbatitude.com\/wp-content\/uploads\/2022\/04\/claire-abdo-0gICDd3mAp4-unsplash-1-768x497.jpg 768w, https:\/\/pbatitude.com\/wp-content\/uploads\/2022\/04\/claire-abdo-0gICDd3mAp4-unsplash-1-1536x993.jpg 1536w, https:\/\/pbatitude.com\/wp-content\/uploads\/2022\/04\/claire-abdo-0gICDd3mAp4-unsplash-1-2048x1324.jpg 2048w, https:\/\/pbatitude.com\/wp-content\/uploads\/2022\/04\/claire-abdo-0gICDd3mAp4-unsplash-1-1600x1034.jpg 1600w, https:\/\/pbatitude.com\/wp-content\/uploads\/2022\/04\/claire-abdo-0gICDd3mAp4-unsplash-1-780x504.jpg 780w\" sizes=\"auto, (max-width: 1024px) 100vw, 1024px\" \/><\/figure>\n\n\n\n<h2 class=\"wp-block-heading\">Remboursement des m\u00e9decines douces et th\u00e9rapies alternatives<\/h2>\n\n\n\n<p>La grande majorit\u00e9 des m\u00e9decines douces et th\u00e9rapies alternatives ne b\u00e9n\u00e9ficient d\u2019aucun remboursement de la part de la S\u00e9curit\u00e9 sociale en France. En effet l\u2019Assurance Maladie (CPAM) ne les consid\u00e8re pas comme des sp\u00e9cialit\u00e9s m\u00e9dicales, et de ce fait, ne couvre pas les d\u00e9penses concernant ces th\u00e9rapies alternatives.<\/p>\n\n\n\n<h2 class=\"wp-block-heading\">Remboursement de la PBA<\/h2>\n\n\n\n<p>Vous l\u2019aurez compris, la Psycho-Bio-Acupressure (PBA) n\u2019y \u00e9chappe pas\u2026Les s\u00e9ances de PBA ne sont pas prises en charge par l\u2019Assurance Maladie (CPAM) en France. Cependant, certaines mutuelles et compl\u00e9mentaires sant\u00e9 s\u2019y int\u00e9ressent. Renseignez-vous !<\/p>\n\n\n\n<h2 class=\"wp-block-heading\">Autres questions, autres r\u00e9ponses :<\/h2>\n\n\n\n<ul class=\"wp-block-list\">\n<li><a href=\"https:\/\/pbatitude.com\/index.php\/accueil\/faq-pba-et-claire-droin\/tarifs-seance-psycho-bio-acupressure\/\">Quels sont les tarifs pour une s\u00e9ance de Psycho-Bio-Acupressure avec Claire Droin ?<\/a><\/li>\n\n\n\n<li><a href=\"https:\/\/pbatitude.com\/index.php\/accueil\/faq-pba-et-claire-droin\/seances-pba-remboursees-mutuelles-sante\/\">Les s\u00e9ances de PBA sont-elles rembours\u00e9es par les mutuelles de sant\u00e9 ?<\/a><\/li>\n\n\n\n<li><a href=\"https:\/\/pbatitude.com\/index.php\/accueil\/faq-pba-et-claire-droin\/quels-resultats-pba\/\">A quels r\u00e9sultats peut-on s&rsquo;attendre avec la PBA ?<\/a><\/li>\n<\/ul>\n\n\n\n<p><\/p>\n","protected":false},"excerpt":{"rendered":"<p>Si je fais une s\u00e9ance de PBA, serai-je rembours\u00e9 par l\u2019Assurance Maladie (CPAM) ? La r\u00e9ponse relative \u00e0 cette question est d\u00e9velopp\u00e9e ci dessous. Remboursement des m\u00e9decines douces et th\u00e9rapies alternatives La grande majorit\u00e9 des m\u00e9decines douces et th\u00e9rapies alternatives ne b\u00e9n\u00e9ficient d\u2019aucun remboursement de la part de la S\u00e9curit\u00e9 sociale en France. En effet &hellip;<\/p>\n","protected":false},"author":1,"featured_media":0,"parent":568,"menu_order":2,"comment_status":"closed","ping_status":"closed","template":"","meta":{"footnotes":""},"class_list":["post-545","page","type-page","status-publish","hentry","entry entry-center"],"yoast_head":"<!-- This site is optimized with the Yoast SEO plugin v27.3 - https:\/\/yoast.com\/product\/yoast-seo-wordpress\/ -->\n<title>Les s\u00e9ances de PBA sont-elles rembours\u00e9es par la S\u00e9curit\u00e9 Sociale ? - PBAtitude<\/title>\n<meta name=\"description\" content=\"Questions r\u00e9ponses FAQ PBA S\u00e9curit\u00e9 sociale Assurance Maladie CPAM\" \/>\n<meta name=\"robots\" content=\"index, follow, max-snippet:-1, max-image-preview:large, max-video-preview:-1\" \/>\n<link rel=\"canonical\" href=\"https:\/\/pbatitude.com\/index.php\/accueil\/faq-pba-et-claire-droin\/seances-pba-remboursees-securite-sociale\/\" \/>\n<meta property=\"og:locale\" content=\"fr_FR\" \/>\n<meta property=\"og:type\" content=\"article\" \/>\n<meta property=\"og:title\" content=\"Les s\u00e9ances de PBA sont-elles rembours\u00e9es par la S\u00e9curit\u00e9 Sociale ? - PBAtitude\" \/>\n<meta property=\"og:description\" content=\"Questions r\u00e9ponses FAQ PBA S\u00e9curit\u00e9 sociale Assurance Maladie CPAM\" \/>\n<meta property=\"og:url\" content=\"https:\/\/pbatitude.com\/index.php\/accueil\/faq-pba-et-claire-droin\/seances-pba-remboursees-securite-sociale\/\" \/>\n<meta property=\"og:site_name\" content=\"PBAtitude\" \/>\n<meta property=\"article:modified_time\" content=\"2025-03-05T14:34:41+00:00\" \/>\n<meta property=\"og:image\" content=\"https:\/\/pbatitude.com\/wp-content\/uploads\/2022\/04\/claire-abdo-0gICDd3mAp4-unsplash-1-1024x662.jpg\" \/>\n<meta name=\"twitter:card\" content=\"summary_large_image\" \/>\n<meta name=\"twitter:label1\" content=\"Dur\u00e9e de lecture estim\u00e9e\" \/>\n\t<meta name=\"twitter:data1\" content=\"1 minute\" \/>\n<script type=\"application\/ld+json\" class=\"yoast-schema-graph\">{\"@context\":\"https:\\\/\\\/schema.org\",\"@graph\":[{\"@type\":[\"WebPage\",\"QAPage\"],\"@id\":\"https:\\\/\\\/pbatitude.com\\\/index.php\\\/accueil\\\/faq-pba-et-claire-droin\\\/seances-pba-remboursees-securite-sociale\\\/\",\"url\":\"https:\\\/\\\/pbatitude.com\\\/index.php\\\/accueil\\\/faq-pba-et-claire-droin\\\/seances-pba-remboursees-securite-sociale\\\/\",\"name\":\"Les s\u00e9ances de PBA sont-elles rembours\u00e9es par la S\u00e9curit\u00e9 Sociale ? - PBAtitude\",\"isPartOf\":{\"@id\":\"https:\\\/\\\/pbatitude.com\\\/#website\"},\"primaryImageOfPage\":{\"@id\":\"https:\\\/\\\/pbatitude.com\\\/index.php\\\/accueil\\\/faq-pba-et-claire-droin\\\/seances-pba-remboursees-securite-sociale\\\/#primaryimage\"},\"image\":{\"@id\":\"https:\\\/\\\/pbatitude.com\\\/index.php\\\/accueil\\\/faq-pba-et-claire-droin\\\/seances-pba-remboursees-securite-sociale\\\/#primaryimage\"},\"thumbnailUrl\":\"https:\\\/\\\/pbatitude.com\\\/wp-content\\\/uploads\\\/2022\\\/04\\\/claire-abdo-0gICDd3mAp4-unsplash-1-1024x662.jpg\",\"datePublished\":\"2022-04-12T17:14:12+00:00\",\"dateModified\":\"2025-03-05T14:34:41+00:00\",\"description\":\"Questions r\u00e9ponses FAQ PBA S\u00e9curit\u00e9 sociale Assurance Maladie CPAM\",\"breadcrumb\":{\"@id\":\"https:\\\/\\\/pbatitude.com\\\/index.php\\\/accueil\\\/faq-pba-et-claire-droin\\\/seances-pba-remboursees-securite-sociale\\\/#breadcrumb\"},\"inLanguage\":\"fr-FR\",\"potentialAction\":[{\"@type\":\"ReadAction\",\"target\":[\"https:\\\/\\\/pbatitude.com\\\/index.php\\\/accueil\\\/faq-pba-et-claire-droin\\\/seances-pba-remboursees-securite-sociale\\\/\"]}]},{\"@type\":\"ImageObject\",\"inLanguage\":\"fr-FR\",\"@id\":\"https:\\\/\\\/pbatitude.com\\\/index.php\\\/accueil\\\/faq-pba-et-claire-droin\\\/seances-pba-remboursees-securite-sociale\\\/#primaryimage\",\"url\":\"https:\\\/\\\/pbatitude.com\\\/wp-content\\\/uploads\\\/2022\\\/04\\\/claire-abdo-0gICDd3mAp4-unsplash-1-scaled.jpg\",\"contentUrl\":\"https:\\\/\\\/pbatitude.com\\\/wp-content\\\/uploads\\\/2022\\\/04\\\/claire-abdo-0gICDd3mAp4-unsplash-1-scaled.jpg\",\"width\":2560,\"height\":1655},{\"@type\":\"BreadcrumbList\",\"@id\":\"https:\\\/\\\/pbatitude.com\\\/index.php\\\/accueil\\\/faq-pba-et-claire-droin\\\/seances-pba-remboursees-securite-sociale\\\/#breadcrumb\",\"itemListElement\":[{\"@type\":\"ListItem\",\"position\":1,\"name\":\"Accueil\",\"item\":\"https:\\\/\\\/pbatitude.com\\\/\"},{\"@type\":\"ListItem\",\"position\":2,\"name\":\"ACCUEIL\",\"item\":\"https:\\\/\\\/pbatitude.com\\\/\"},{\"@type\":\"ListItem\",\"position\":3,\"name\":\"QUESTIONS FREQUENTES SUR LA PBA ET CLAIRE DROIN\",\"item\":\"https:\\\/\\\/pbatitude.com\\\/index.php\\\/accueil\\\/faq-pba-et-claire-droin\\\/\"},{\"@type\":\"ListItem\",\"position\":4,\"name\":\"Les s\u00e9ances de PBA sont-elles rembours\u00e9es par la S\u00e9curit\u00e9 Sociale ?\"}]},{\"@type\":\"WebSite\",\"@id\":\"https:\\\/\\\/pbatitude.com\\\/#website\",\"url\":\"https:\\\/\\\/pbatitude.com\\\/\",\"name\":\"PBAtitude\",\"description\":\"A la rencontre de votre nature profonde\",\"potentialAction\":[{\"@type\":\"SearchAction\",\"target\":{\"@type\":\"EntryPoint\",\"urlTemplate\":\"https:\\\/\\\/pbatitude.com\\\/?s={search_term_string}\"},\"query-input\":{\"@type\":\"PropertyValueSpecification\",\"valueRequired\":true,\"valueName\":\"search_term_string\"}}],\"inLanguage\":\"fr-FR\"}]}<\/script>\n<!-- \/ Yoast SEO plugin. -->","yoast_head_json":{"title":"Les s\u00e9ances de PBA sont-elles rembours\u00e9es par la S\u00e9curit\u00e9 Sociale ? - PBAtitude","description":"Questions r\u00e9ponses FAQ PBA S\u00e9curit\u00e9 sociale Assurance Maladie CPAM","robots":{"index":"index","follow":"follow","max-snippet":"max-snippet:-1","max-image-preview":"max-image-preview:large","max-video-preview":"max-video-preview:-1"},"canonical":"https:\/\/pbatitude.com\/index.php\/accueil\/faq-pba-et-claire-droin\/seances-pba-remboursees-securite-sociale\/","og_locale":"fr_FR","og_type":"article","og_title":"Les s\u00e9ances de PBA sont-elles rembours\u00e9es par la S\u00e9curit\u00e9 Sociale ? - PBAtitude","og_description":"Questions r\u00e9ponses FAQ PBA S\u00e9curit\u00e9 sociale Assurance Maladie CPAM","og_url":"https:\/\/pbatitude.com\/index.php\/accueil\/faq-pba-et-claire-droin\/seances-pba-remboursees-securite-sociale\/","og_site_name":"PBAtitude","article_modified_time":"2025-03-05T14:34:41+00:00","og_image":[{"url":"https:\/\/pbatitude.com\/wp-content\/uploads\/2022\/04\/claire-abdo-0gICDd3mAp4-unsplash-1-1024x662.jpg","type":"","width":"","height":""}],"twitter_card":"summary_large_image","twitter_misc":{"Dur\u00e9e de lecture estim\u00e9e":"1 minute"},"schema":{"@context":"https:\/\/schema.org","@graph":[{"@type":["WebPage","QAPage"],"@id":"https:\/\/pbatitude.com\/index.php\/accueil\/faq-pba-et-claire-droin\/seances-pba-remboursees-securite-sociale\/","url":"https:\/\/pbatitude.com\/index.php\/accueil\/faq-pba-et-claire-droin\/seances-pba-remboursees-securite-sociale\/","name":"Les s\u00e9ances de PBA sont-elles rembours\u00e9es par la S\u00e9curit\u00e9 Sociale ? - PBAtitude","isPartOf":{"@id":"https:\/\/pbatitude.com\/#website"},"primaryImageOfPage":{"@id":"https:\/\/pbatitude.com\/index.php\/accueil\/faq-pba-et-claire-droin\/seances-pba-remboursees-securite-sociale\/#primaryimage"},"image":{"@id":"https:\/\/pbatitude.com\/index.php\/accueil\/faq-pba-et-claire-droin\/seances-pba-remboursees-securite-sociale\/#primaryimage"},"thumbnailUrl":"https:\/\/pbatitude.com\/wp-content\/uploads\/2022\/04\/claire-abdo-0gICDd3mAp4-unsplash-1-1024x662.jpg","datePublished":"2022-04-12T17:14:12+00:00","dateModified":"2025-03-05T14:34:41+00:00","description":"Questions r\u00e9ponses FAQ PBA S\u00e9curit\u00e9 sociale Assurance Maladie CPAM","breadcrumb":{"@id":"https:\/\/pbatitude.com\/index.php\/accueil\/faq-pba-et-claire-droin\/seances-pba-remboursees-securite-sociale\/#breadcrumb"},"inLanguage":"fr-FR","potentialAction":[{"@type":"ReadAction","target":["https:\/\/pbatitude.com\/index.php\/accueil\/faq-pba-et-claire-droin\/seances-pba-remboursees-securite-sociale\/"]}]},{"@type":"ImageObject","inLanguage":"fr-FR","@id":"https:\/\/pbatitude.com\/index.php\/accueil\/faq-pba-et-claire-droin\/seances-pba-remboursees-securite-sociale\/#primaryimage","url":"https:\/\/pbatitude.com\/wp-content\/uploads\/2022\/04\/claire-abdo-0gICDd3mAp4-unsplash-1-scaled.jpg","contentUrl":"https:\/\/pbatitude.com\/wp-content\/uploads\/2022\/04\/claire-abdo-0gICDd3mAp4-unsplash-1-scaled.jpg","width":2560,"height":1655},{"@type":"BreadcrumbList","@id":"https:\/\/pbatitude.com\/index.php\/accueil\/faq-pba-et-claire-droin\/seances-pba-remboursees-securite-sociale\/#breadcrumb","itemListElement":[{"@type":"ListItem","position":1,"name":"Accueil","item":"https:\/\/pbatitude.com\/"},{"@type":"ListItem","position":2,"name":"ACCUEIL","item":"https:\/\/pbatitude.com\/"},{"@type":"ListItem","position":3,"name":"QUESTIONS FREQUENTES SUR LA PBA ET CLAIRE DROIN","item":"https:\/\/pbatitude.com\/index.php\/accueil\/faq-pba-et-claire-droin\/"},{"@type":"ListItem","position":4,"name":"Les s\u00e9ances de PBA sont-elles rembours\u00e9es par la S\u00e9curit\u00e9 Sociale ?"}]},{"@type":"WebSite","@id":"https:\/\/pbatitude.com\/#website","url":"https:\/\/pbatitude.com\/","name":"PBAtitude","description":"A la rencontre de votre nature profonde","potentialAction":[{"@type":"SearchAction","target":{"@type":"EntryPoint","urlTemplate":"https:\/\/pbatitude.com\/?s={search_term_string}"},"query-input":{"@type":"PropertyValueSpecification","valueRequired":true,"valueName":"search_term_string"}}],"inLanguage":"fr-FR"}]}},"_links":{"self":[{"href":"https:\/\/pbatitude.com\/index.php\/wp-json\/wp\/v2\/pages\/545","targetHints":{"allow":["GET"]}}],"collection":[{"href":"https:\/\/pbatitude.com\/index.php\/wp-json\/wp\/v2\/pages"}],"about":[{"href":"https:\/\/pbatitude.com\/index.php\/wp-json\/wp\/v2\/types\/page"}],"author":[{"embeddable":true,"href":"https:\/\/pbatitude.com\/index.php\/wp-json\/wp\/v2\/users\/1"}],"replies":[{"embeddable":true,"href":"https:\/\/pbatitude.com\/index.php\/wp-json\/wp\/v2\/comments?post=545"}],"version-history":[{"count":10,"href":"https:\/\/pbatitude.com\/index.php\/wp-json\/wp\/v2\/pages\/545\/revisions"}],"predecessor-version":[{"id":1241,"href":"https:\/\/pbatitude.com\/index.php\/wp-json\/wp\/v2\/pages\/545\/revisions\/1241"}],"up":[{"embeddable":true,"href":"https:\/\/pbatitude.com\/index.php\/wp-json\/wp\/v2\/pages\/568"}],"wp:attachment":[{"href":"https:\/\/pbatitude.com\/index.php\/wp-json\/wp\/v2\/media?parent=545"}],"curies":[{"name":"wp","href":"https:\/\/api.w.org\/{rel}","templated":true}]}}