{"id":444,"date":"2022-03-24T18:26:36","date_gmt":"2022-03-24T17:26:36","guid":{"rendered":"https:\/\/pbatitude.com\/?page_id=444"},"modified":"2025-12-03T09:54:50","modified_gmt":"2025-12-03T08:54:50","slug":"claire-droin-accompagne-par-les-reves","status":"publish","type":"page","link":"https:\/\/pbatitude.com\/index.php\/accueil\/claire-droin\/claire-droin-accompagne-par-les-reves\/","title":{"rendered":"Claire Droin accompagne par les r\u00eaves"},"content":{"rendered":"\n<p>Pour aller plus loin dans la rencontre avec soi-m\u00eame, Claire Droin&nbsp;voit le r\u00eave comme une ouverture \u00e0 soi et au monde. Elle propose un accompagnement individuel, th\u00e9rapeutique ou pas, par les r\u00eaves avec l&rsquo;approche jungienne (de Carl Gustav Jung).<\/p>\n\n\n\n<figure class=\"wp-block-image size-large\"><img loading=\"lazy\" decoding=\"async\" width=\"1024\" height=\"678\" src=\"https:\/\/pbatitude.com\/wp-content\/uploads\/2022\/03\/aman-upadhyay-DvpwXNORDEw-unsplash-1024x678.jpg\" alt=\"Claire Droin, r\u00eave, atelier, accompagnement, ouverture \u00e0 soi et au monde\" class=\"wp-image-445\" srcset=\"https:\/\/pbatitude.com\/wp-content\/uploads\/2022\/03\/aman-upadhyay-DvpwXNORDEw-unsplash-1024x678.jpg 1024w, https:\/\/pbatitude.com\/wp-content\/uploads\/2022\/03\/aman-upadhyay-DvpwXNORDEw-unsplash-300x199.jpg 300w, https:\/\/pbatitude.com\/wp-content\/uploads\/2022\/03\/aman-upadhyay-DvpwXNORDEw-unsplash-768x508.jpg 768w, https:\/\/pbatitude.com\/wp-content\/uploads\/2022\/03\/aman-upadhyay-DvpwXNORDEw-unsplash-1536x1016.jpg 1536w, https:\/\/pbatitude.com\/wp-content\/uploads\/2022\/03\/aman-upadhyay-DvpwXNORDEw-unsplash-2048x1355.jpg 2048w, https:\/\/pbatitude.com\/wp-content\/uploads\/2022\/03\/aman-upadhyay-DvpwXNORDEw-unsplash-1600x1059.jpg 1600w, https:\/\/pbatitude.com\/wp-content\/uploads\/2022\/03\/aman-upadhyay-DvpwXNORDEw-unsplash-780x516.jpg 780w\" sizes=\"auto, (max-width: 1024px) 100vw, 1024px\" \/><\/figure>\n\n\n\n<h2 class=\"wp-block-heading\">Le r\u00eave, ouverture \u00e0 soi et au monde<\/h2>\n\n\n\n<p>Le r\u00eave est un ph\u00e9nom\u00e8ne naturel qui a pour fonction de compenser des attitudes conscientes exag\u00e9r\u00e9es, exactement comme les r\u00e9actions physiologiques viennent r\u00e9guler les exc\u00e8s ou les manques dans le corps. Cependant, il confronte le r\u00eaveur \u00e0 des \u00e9l\u00e9ments inconnus dont il semble difficile de comprendre la signification. A la fois mat\u00e9riau intime et universel, le r\u00eave a \u00e9t\u00e9 vu comme le messager d\u2019une v\u00e9rit\u00e9 divine depuis la nuit des temps. &nbsp;Plus r\u00e9cemment et depuis l\u2019av\u00e8nement de la psychanalyse, il a \u00e9t\u00e9 consid\u00e9r\u00e9 comme une ouverture sur notre inconscient. Le r\u00eave chercherait ainsi \u00e0 nous d\u00e9voiler ce qui est inconnu de nous et donc qui nous sommes vraiment.<\/p>\n\n\n\n<blockquote class=\"wp-block-quote is-layout-flow wp-block-quote-is-layout-flow\">\n<p><strong>\u00ab En chacun de nous existe un autre \u00eatre que nous ne connaissons pas. Il nous parle \u00e0 travers le r\u00eave et nous fait savoir qu&rsquo;il nous voit bien diff\u00e9rent de ce que nous croyons \u00eatre. \u00bb <\/strong><\/p>\n<cite><strong>Carl Gustav Jung<\/strong><\/cite><\/blockquote>\n\n\n\n<p>L\u2019approche jungienne consid\u00e8re le r\u00eave comme un pont entre notre conscience et notre inconscient. Elle nous permet d\u2019acc\u00e9der \u00e0 une sagesse int\u00e9rieure souvent n\u00e9glig\u00e9e dans notre vie \u00e9veill\u00e9e. En explorant les symboles et les th\u00e8mes qui apparaissent dans nos r\u00eaves, nous pouvons d\u00e9couvrir des aspects cach\u00e9s de nous-m\u00eames et d\u00e9velopper une compr\u00e9hension plus profonde de notre place dans le monde.&nbsp;Le r\u00eave nous montrerait ainsi le chemin vers la croissance de la personnalit\u00e9, la connaissance d\u2019un soi plus large, la r\u00e9alisation de Soi.<\/p>\n\n\n\n<h2 class=\"wp-block-heading\">D\u00e9couvrez le pouvoir de vos r\u00eaves<\/h2>\n\n\n\n<p>Vous \u00eates-vous d\u00e9j\u00e0 demand\u00e9 ce que vos r\u00eaves essaient de vous dire ? Avez-vous d\u00e9j\u00e0 ressenti une connexion profonde avec les images et les \u00e9motions qui surgissent pendant votre sommeil ? Si c\u2019est le cas, Claire Droin est l\u00e0 pour vous aider \u00e0 naviguer dans ce paysage onirique.<\/p>\n\n\n\n<p>Ensemble, vous d\u00e9chiffrerez les messages de vos r\u00eaves et utiliserez ces informations pour vous aider \u00e0 vous comprendre vous-m\u00eame et le monde qui vous entoure. Que vous cherchiez \u00e0 r\u00e9soudre un probl\u00e8me, \u00e0 faire face \u00e0 un d\u00e9fi ou \u00e0 d\u00e9couvrir votre v\u00e9ritable potentiel, l\u2019analyse des r\u00eaves peut vous offrir des perspectives pr\u00e9cieuses. Faites de vos r\u00eaves une source d\u2019inspiration et de croissance personnelle&nbsp;!<\/p>\n\n\n\n<h2 class=\"wp-block-heading\">Accompagnement par les r\u00eaves<\/h2>\n\n\n\n<p>Si vous \u00eates pr\u00eat \u00e0 commencer ce voyage passionnant, n\u2019h\u00e9sitez pas \u00e0 contacter Claire Droin pour <a href=\"https:\/\/www.clicrdv.com\/droin-claire\" target=\"_blank\" rel=\"noreferrer noopener\">premier rendez-vous (gratuit)<\/a>.<\/p>\n\n\n\n<p>Chaque consultation s\u2019articule autour d\u2019un r\u00eave, d\u2019une vision, apport\u00e9e par le consultant. La recherche de ce que dit le r\u00eave au r\u00eaveur, au-del\u00e0 des apparences, se fait gr\u00e2ce \u00e0 l\u2019approche jungienne de l\u2019interpr\u00e9tation des r\u00eaves. Claire Droin vous accompagne ainsi pour explorer le contenu de vos r\u00eaves et vous aider \u00e0 y trouver du sens cach\u00e9. Le travail se fait petit \u00e0 petit, en fonction du nombre de s\u00e9ances, variable et \u00e0 d\u00e9terminer avec chaque consultant. Les consultations d\u2019une heure, se d\u00e9roulent soit \u00e0 distance, en ligne (en utilisant Meet, Messenger, Skype ou WhatsApp) soit au cabinet. La consultation est au prix de 75\u20ac.<\/p>\n\n\n\n<p><\/p>\n\n\n\n<h2 class=\"wp-block-heading\">Voir aussi :<\/h2>\n\n\n\n<p><\/p>\n\n\n\n<ul class=\"wp-block-list\">\n<li><a href=\"https:\/\/pbatitude.com\/index.php\/accueil\/ateliers\/\">Ateliers et s\u00e9minaires<\/a><\/li>\n\n\n\n<li><a href=\"https:\/\/pbatitude.com\/index.php\/accueil\/claire-droin\/autoportrait-de-claire-droin\/\">Autoportrait de Claire Droin<\/a><\/li>\n\n\n\n<li><a href=\"https:\/\/pbatitude.com\/index.php\/accueil\/claire-droin\/claire-droin-praticienne-agreee\/\">Claire Droin Praticienne agr\u00e9\u00e9e<\/a><\/li>\n<\/ul>\n","protected":false},"excerpt":{"rendered":"<p>Pour aller plus loin dans la rencontre avec soi-m\u00eame, Claire Droin&nbsp;voit le r\u00eave comme une ouverture \u00e0 soi et au monde. Elle propose un accompagnement individuel, th\u00e9rapeutique ou pas, par les r\u00eaves avec l&rsquo;approche jungienne (de Carl Gustav Jung). Le r\u00eave, ouverture \u00e0 soi et au monde Le r\u00eave est un ph\u00e9nom\u00e8ne naturel qui a &hellip;<\/p>\n","protected":false},"author":1,"featured_media":0,"parent":70,"menu_order":4,"comment_status":"closed","ping_status":"closed","template":"","meta":{"footnotes":""},"class_list":["post-444","page","type-page","status-publish","hentry","entry entry-center"],"yoast_head":"<!-- This site is optimized with the Yoast SEO plugin v27.4 - https:\/\/yoast.com\/product\/yoast-seo-wordpress\/ -->\n<title>Claire Droin accompagne par les r\u00eaves - PBAtitude<\/title>\n<meta name=\"description\" content=\"Claire Droin praticienne r\u00eave atelier accompagnement Analyse Interpr\u00e9tation des r\u00eaves Villefranche Beaujolais\" \/>\n<meta name=\"robots\" content=\"index, follow, max-snippet:-1, max-image-preview:large, max-video-preview:-1\" \/>\n<link rel=\"canonical\" href=\"https:\/\/pbatitude.com\/index.php\/accueil\/claire-droin\/claire-droin-accompagne-par-les-reves\/\" \/>\n<meta property=\"og:locale\" content=\"fr_FR\" \/>\n<meta property=\"og:type\" content=\"article\" \/>\n<meta property=\"og:title\" content=\"Claire Droin accompagne par les r\u00eaves - PBAtitude\" \/>\n<meta property=\"og:description\" content=\"Claire Droin praticienne r\u00eave atelier accompagnement Analyse Interpr\u00e9tation des r\u00eaves Villefranche Beaujolais\" \/>\n<meta property=\"og:url\" content=\"https:\/\/pbatitude.com\/index.php\/accueil\/claire-droin\/claire-droin-accompagne-par-les-reves\/\" \/>\n<meta property=\"og:site_name\" content=\"PBAtitude\" \/>\n<meta property=\"article:modified_time\" content=\"2025-12-03T08:54:50+00:00\" \/>\n<meta property=\"og:image\" content=\"https:\/\/pbatitude.com\/wp-content\/uploads\/2022\/03\/aman-upadhyay-DvpwXNORDEw-unsplash.jpg\" \/>\n\t<meta property=\"og:image:width\" content=\"2486\" \/>\n\t<meta property=\"og:image:height\" content=\"1645\" \/>\n\t<meta property=\"og:image:type\" content=\"image\/jpeg\" \/>\n<meta name=\"twitter:card\" content=\"summary_large_image\" \/>\n<meta name=\"twitter:label1\" content=\"Dur\u00e9e de lecture estim\u00e9e\" \/>\n\t<meta name=\"twitter:data1\" content=\"3 minutes\" \/>\n<script type=\"application\/ld+json\" class=\"yoast-schema-graph\">{\"@context\":\"https:\\\/\\\/schema.org\",\"@graph\":[{\"@type\":\"WebPage\",\"@id\":\"https:\\\/\\\/pbatitude.com\\\/index.php\\\/accueil\\\/claire-droin\\\/claire-droin-accompagne-par-les-reves\\\/\",\"url\":\"https:\\\/\\\/pbatitude.com\\\/index.php\\\/accueil\\\/claire-droin\\\/claire-droin-accompagne-par-les-reves\\\/\",\"name\":\"Claire Droin accompagne par les r\u00eaves - PBAtitude\",\"isPartOf\":{\"@id\":\"https:\\\/\\\/pbatitude.com\\\/#website\"},\"primaryImageOfPage\":{\"@id\":\"https:\\\/\\\/pbatitude.com\\\/index.php\\\/accueil\\\/claire-droin\\\/claire-droin-accompagne-par-les-reves\\\/#primaryimage\"},\"image\":{\"@id\":\"https:\\\/\\\/pbatitude.com\\\/index.php\\\/accueil\\\/claire-droin\\\/claire-droin-accompagne-par-les-reves\\\/#primaryimage\"},\"thumbnailUrl\":\"https:\\\/\\\/pbatitude.com\\\/wp-content\\\/uploads\\\/2022\\\/03\\\/aman-upadhyay-DvpwXNORDEw-unsplash-1024x678.jpg\",\"datePublished\":\"2022-03-24T17:26:36+00:00\",\"dateModified\":\"2025-12-03T08:54:50+00:00\",\"description\":\"Claire Droin praticienne r\u00eave atelier accompagnement Analyse Interpr\u00e9tation des r\u00eaves Villefranche Beaujolais\",\"breadcrumb\":{\"@id\":\"https:\\\/\\\/pbatitude.com\\\/index.php\\\/accueil\\\/claire-droin\\\/claire-droin-accompagne-par-les-reves\\\/#breadcrumb\"},\"inLanguage\":\"fr-FR\",\"potentialAction\":[{\"@type\":\"ReadAction\",\"target\":[\"https:\\\/\\\/pbatitude.com\\\/index.php\\\/accueil\\\/claire-droin\\\/claire-droin-accompagne-par-les-reves\\\/\"]}]},{\"@type\":\"ImageObject\",\"inLanguage\":\"fr-FR\",\"@id\":\"https:\\\/\\\/pbatitude.com\\\/index.php\\\/accueil\\\/claire-droin\\\/claire-droin-accompagne-par-les-reves\\\/#primaryimage\",\"url\":\"https:\\\/\\\/pbatitude.com\\\/wp-content\\\/uploads\\\/2022\\\/03\\\/aman-upadhyay-DvpwXNORDEw-unsplash.jpg\",\"contentUrl\":\"https:\\\/\\\/pbatitude.com\\\/wp-content\\\/uploads\\\/2022\\\/03\\\/aman-upadhyay-DvpwXNORDEw-unsplash.jpg\",\"width\":2486,\"height\":1645},{\"@type\":\"BreadcrumbList\",\"@id\":\"https:\\\/\\\/pbatitude.com\\\/index.php\\\/accueil\\\/claire-droin\\\/claire-droin-accompagne-par-les-reves\\\/#breadcrumb\",\"itemListElement\":[{\"@type\":\"ListItem\",\"position\":1,\"name\":\"Accueil\",\"item\":\"https:\\\/\\\/pbatitude.com\\\/\"},{\"@type\":\"ListItem\",\"position\":2,\"name\":\"ACCUEIL\",\"item\":\"https:\\\/\\\/pbatitude.com\\\/\"},{\"@type\":\"ListItem\",\"position\":3,\"name\":\"QUI EST CLAIRE DROIN ?\",\"item\":\"https:\\\/\\\/pbatitude.com\\\/index.php\\\/accueil\\\/claire-droin\\\/\"},{\"@type\":\"ListItem\",\"position\":4,\"name\":\"Claire Droin accompagne par les r\u00eaves\"}]},{\"@type\":\"WebSite\",\"@id\":\"https:\\\/\\\/pbatitude.com\\\/#website\",\"url\":\"https:\\\/\\\/pbatitude.com\\\/\",\"name\":\"PBAtitude\",\"description\":\"A la rencontre de votre nature profonde\",\"potentialAction\":[{\"@type\":\"SearchAction\",\"target\":{\"@type\":\"EntryPoint\",\"urlTemplate\":\"https:\\\/\\\/pbatitude.com\\\/?s={search_term_string}\"},\"query-input\":{\"@type\":\"PropertyValueSpecification\",\"valueRequired\":true,\"valueName\":\"search_term_string\"}}],\"inLanguage\":\"fr-FR\"}]}<\/script>\n<!-- \/ Yoast SEO plugin. -->","yoast_head_json":{"title":"Claire Droin accompagne par les r\u00eaves - PBAtitude","description":"Claire Droin praticienne r\u00eave atelier accompagnement Analyse Interpr\u00e9tation des r\u00eaves Villefranche Beaujolais","robots":{"index":"index","follow":"follow","max-snippet":"max-snippet:-1","max-image-preview":"max-image-preview:large","max-video-preview":"max-video-preview:-1"},"canonical":"https:\/\/pbatitude.com\/index.php\/accueil\/claire-droin\/claire-droin-accompagne-par-les-reves\/","og_locale":"fr_FR","og_type":"article","og_title":"Claire Droin accompagne par les r\u00eaves - PBAtitude","og_description":"Claire Droin praticienne r\u00eave atelier accompagnement Analyse Interpr\u00e9tation des r\u00eaves Villefranche Beaujolais","og_url":"https:\/\/pbatitude.com\/index.php\/accueil\/claire-droin\/claire-droin-accompagne-par-les-reves\/","og_site_name":"PBAtitude","article_modified_time":"2025-12-03T08:54:50+00:00","og_image":[{"width":2486,"height":1645,"url":"https:\/\/pbatitude.com\/wp-content\/uploads\/2022\/03\/aman-upadhyay-DvpwXNORDEw-unsplash.jpg","type":"image\/jpeg"}],"twitter_card":"summary_large_image","twitter_misc":{"Dur\u00e9e de lecture estim\u00e9e":"3 minutes"},"schema":{"@context":"https:\/\/schema.org","@graph":[{"@type":"WebPage","@id":"https:\/\/pbatitude.com\/index.php\/accueil\/claire-droin\/claire-droin-accompagne-par-les-reves\/","url":"https:\/\/pbatitude.com\/index.php\/accueil\/claire-droin\/claire-droin-accompagne-par-les-reves\/","name":"Claire Droin accompagne par les r\u00eaves - PBAtitude","isPartOf":{"@id":"https:\/\/pbatitude.com\/#website"},"primaryImageOfPage":{"@id":"https:\/\/pbatitude.com\/index.php\/accueil\/claire-droin\/claire-droin-accompagne-par-les-reves\/#primaryimage"},"image":{"@id":"https:\/\/pbatitude.com\/index.php\/accueil\/claire-droin\/claire-droin-accompagne-par-les-reves\/#primaryimage"},"thumbnailUrl":"https:\/\/pbatitude.com\/wp-content\/uploads\/2022\/03\/aman-upadhyay-DvpwXNORDEw-unsplash-1024x678.jpg","datePublished":"2022-03-24T17:26:36+00:00","dateModified":"2025-12-03T08:54:50+00:00","description":"Claire Droin praticienne r\u00eave atelier accompagnement Analyse Interpr\u00e9tation des r\u00eaves Villefranche Beaujolais","breadcrumb":{"@id":"https:\/\/pbatitude.com\/index.php\/accueil\/claire-droin\/claire-droin-accompagne-par-les-reves\/#breadcrumb"},"inLanguage":"fr-FR","potentialAction":[{"@type":"ReadAction","target":["https:\/\/pbatitude.com\/index.php\/accueil\/claire-droin\/claire-droin-accompagne-par-les-reves\/"]}]},{"@type":"ImageObject","inLanguage":"fr-FR","@id":"https:\/\/pbatitude.com\/index.php\/accueil\/claire-droin\/claire-droin-accompagne-par-les-reves\/#primaryimage","url":"https:\/\/pbatitude.com\/wp-content\/uploads\/2022\/03\/aman-upadhyay-DvpwXNORDEw-unsplash.jpg","contentUrl":"https:\/\/pbatitude.com\/wp-content\/uploads\/2022\/03\/aman-upadhyay-DvpwXNORDEw-unsplash.jpg","width":2486,"height":1645},{"@type":"BreadcrumbList","@id":"https:\/\/pbatitude.com\/index.php\/accueil\/claire-droin\/claire-droin-accompagne-par-les-reves\/#breadcrumb","itemListElement":[{"@type":"ListItem","position":1,"name":"Accueil","item":"https:\/\/pbatitude.com\/"},{"@type":"ListItem","position":2,"name":"ACCUEIL","item":"https:\/\/pbatitude.com\/"},{"@type":"ListItem","position":3,"name":"QUI EST CLAIRE DROIN ?","item":"https:\/\/pbatitude.com\/index.php\/accueil\/claire-droin\/"},{"@type":"ListItem","position":4,"name":"Claire Droin accompagne par les r\u00eaves"}]},{"@type":"WebSite","@id":"https:\/\/pbatitude.com\/#website","url":"https:\/\/pbatitude.com\/","name":"PBAtitude","description":"A la rencontre de votre nature profonde","potentialAction":[{"@type":"SearchAction","target":{"@type":"EntryPoint","urlTemplate":"https:\/\/pbatitude.com\/?s={search_term_string}"},"query-input":{"@type":"PropertyValueSpecification","valueRequired":true,"valueName":"search_term_string"}}],"inLanguage":"fr-FR"}]}},"_links":{"self":[{"href":"https:\/\/pbatitude.com\/index.php\/wp-json\/wp\/v2\/pages\/444","targetHints":{"allow":["GET"]}}],"collection":[{"href":"https:\/\/pbatitude.com\/index.php\/wp-json\/wp\/v2\/pages"}],"about":[{"href":"https:\/\/pbatitude.com\/index.php\/wp-json\/wp\/v2\/types\/page"}],"author":[{"embeddable":true,"href":"https:\/\/pbatitude.com\/index.php\/wp-json\/wp\/v2\/users\/1"}],"replies":[{"embeddable":true,"href":"https:\/\/pbatitude.com\/index.php\/wp-json\/wp\/v2\/comments?post=444"}],"version-history":[{"count":32,"href":"https:\/\/pbatitude.com\/index.php\/wp-json\/wp\/v2\/pages\/444\/revisions"}],"predecessor-version":[{"id":1394,"href":"https:\/\/pbatitude.com\/index.php\/wp-json\/wp\/v2\/pages\/444\/revisions\/1394"}],"up":[{"embeddable":true,"href":"https:\/\/pbatitude.com\/index.php\/wp-json\/wp\/v2\/pages\/70"}],"wp:attachment":[{"href":"https:\/\/pbatitude.com\/index.php\/wp-json\/wp\/v2\/media?parent=444"}],"curies":[{"name":"wp","href":"https:\/\/api.w.org\/{rel}","templated":true}]}}