{"id":405,"date":"2022-04-25T17:49:29","date_gmt":"2022-04-25T15:49:29","guid":{"rendered":"https:\/\/pbatitude.com\/?page_id=405"},"modified":"2025-03-05T15:15:17","modified_gmt":"2025-03-05T14:15:17","slug":"cas-julie-qui-ne-dort-pas","status":"publish","type":"page","link":"https:\/\/pbatitude.com\/index.php\/accueil\/etudes-cas-psycho-bio-acupressure\/livres-psycho-bio-acupressure\/cas-julie-qui-ne-dort-pas\/","title":{"rendered":"Le cas tr\u00e8s courant de Julie 8 mois qui ne dort pas"},"content":{"rendered":"\n<p>L\u2019insomnie chez le nourrisson est fr\u00e9quente, et souvent observ\u00e9e en cas de coliques, reflux gastriques, otites\u2026 mais certains facteurs psychologiques ressentis pendant la grossesse, lors de l\u2019accouchement, ou dans l\u2019entourage familial peuvent aussi perturber le sommeil de b\u00e9b\u00e9. Le Dr Delatte en livre un exemple dans l\u2019un de ses ouvrages.<\/p>\n\n\n\n<figure class=\"wp-block-image size-large\"><img loading=\"lazy\" decoding=\"async\" width=\"1024\" height=\"683\" src=\"https:\/\/pbatitude.com\/wp-content\/uploads\/2022\/01\/hollie-santos-aUtvHsu8Uzk-unsplash-1024x683.jpg\" alt=\"b\u00e9b\u00e9 nourrisson insomnie insomnies trouble troubles sommeil ne dort pas r\u00e9veil nocturne r\u00e9veill\u00e9 nuit nuits agit\u00e9 agit\u00e9e agit\u00e9es pleurs cris dodo\" class=\"wp-image-407\" srcset=\"https:\/\/pbatitude.com\/wp-content\/uploads\/2022\/01\/hollie-santos-aUtvHsu8Uzk-unsplash-1024x683.jpg 1024w, https:\/\/pbatitude.com\/wp-content\/uploads\/2022\/01\/hollie-santos-aUtvHsu8Uzk-unsplash-300x200.jpg 300w, https:\/\/pbatitude.com\/wp-content\/uploads\/2022\/01\/hollie-santos-aUtvHsu8Uzk-unsplash-768x512.jpg 768w, https:\/\/pbatitude.com\/wp-content\/uploads\/2022\/01\/hollie-santos-aUtvHsu8Uzk-unsplash-1536x1024.jpg 1536w, https:\/\/pbatitude.com\/wp-content\/uploads\/2022\/01\/hollie-santos-aUtvHsu8Uzk-unsplash-2048x1365.jpg 2048w, https:\/\/pbatitude.com\/wp-content\/uploads\/2022\/01\/hollie-santos-aUtvHsu8Uzk-unsplash-1600x1067.jpg 1600w, https:\/\/pbatitude.com\/wp-content\/uploads\/2022\/01\/hollie-santos-aUtvHsu8Uzk-unsplash-780x520.jpg 780w\" sizes=\"auto, (max-width: 1024px) 100vw, 1024px\" \/><\/figure>\n\n\n\n<h2 class=\"wp-block-heading\">Contexte<\/h2>\n\n\n\n<p>Depuis sa naissance, Julie ne dort pas \u00e0 cause de coliques que rien ne semble pouvoir soulager. Chaque soir au moment du coucher, on la voit lutter contre le sommeil. Elle pleure et hurle d\u00e8s qu&rsquo;elle reste seule et r\u00e9clame les bras, se calme quand on la prend. Quand elle s&rsquo;endort, c&rsquo;est d&rsquo;un sommeil agit\u00e9 et bref. Toute la famille, \u00e9puis\u00e9e, se relaye pour porter Julie, la bercer, essayer de la calmer. Et ses parents semblent avoir tout essay\u00e9 : la laisser pleurer,, l&rsquo;hom\u00e9opathie qui a apais\u00e9 les coliques mais qui, par contre, n&rsquo;a pas eu d&rsquo;effet sur le sommeil ou encore l\u2019allopathie qui a apport\u00e9 une l\u00e9g\u00e8re am\u00e9lioration mais temporaire. Les parents ont entendu parler de la PBA et ont d\u00e9cid\u00e9 d\u2019amener Julie en consultation sans trop y croire.<\/p>\n\n\n\n<h2 class=\"wp-block-heading\">Consultation<\/h2>\n\n\n\n<p>Les premi\u00e8res questions du Docteur portent sur la grossesse et l&rsquo;accouchement. La naissance a \u00e9t\u00e9 provoqu\u00e9e et s&rsquo;est termin\u00e9e par une c\u00e9sarienne. Julie a ressenti la panique qu\u2019a \u00e9prouv\u00e9e sa m\u00e8re. Puis un sentiment d&rsquo;ins\u00e9curit\u00e9 d\u00fb \u00e0 la violence et la soudainet\u00e9 avec laquelle elle a \u00e9t\u00e9 sortie du ventre maternel. Dans ce contexte, on comprend que Julie ait des insomnies, puisque dormir c&rsquo;est risquer de ne pouvoir faire face \u00e0 une agression. De plus, Julie a \u00e9t\u00e9 plac\u00e9e en couveuse. Elle s&rsquo;est sentie arrach\u00e9e \u00e0 sa maman et abandonn\u00e9e sans la chaleur et l&rsquo;odeur de celle-ci. C&rsquo;est ce qui a pour effet qu\u2019elle r\u00e9clame les bras sans arr\u00eat. Toutes ces peurs ont finit par se somatiser sous forme de coliques qui la r\u00e9veillent. Afin de sortir Julie de ce cercle vicieux, le praticien fait des circuits d&rsquo;acupressure au b\u00e9b\u00e9 et \u00e0 la maman puis il verbalise les blocages.<\/p>\n\n\n\n<h2 class=\"wp-block-heading\">Effet<\/h2>\n\n\n\n<p>Les parents de Julie ne s&rsquo;attendaient pas \u00e0 un miracle, ils avaient essay\u00e9 tellement de choses sans effet contre les insomnies ! Et Julie a dormi \u00ab\u00a0comme un b\u00e9b\u00e9\u00a0\u00bb d\u00e8s le premier soir. A la suite de quoi, ses parents ont pu r\u00e9cup\u00e9rer de leur fatigue. Ainsi, ils ont diminu\u00e9 le niveau de tension qui maintenait Julie dans ses peurs et son ins\u00e9curit\u00e9. Les effets \u00e9tonnants de la PBA ont r\u00e9solu le cas courant des insomnies de Julie.<\/p>\n\n\n\n<p>Inspir\u00e9 du livre <a href=\"https:\/\/www.editions-tredaniel.com\/points-pour-mon-bebe-p-3643.html\" target=\"_blank\" rel=\"noreferrer noopener\">5 points pour mon b\u00e9b\u00e9 &#8211; Dr-Pierre-No\u00ebl DELATTE (editions-tredaniel.com)<\/a><\/p>\n\n\n\n<h2 class=\"wp-block-heading\">Voir aussi :<\/h2>\n\n\n\n<ul class=\"wp-block-list\">\n<li><a href=\"https:\/\/pbatitude.com\/index.php\/accueil\/etudes-cas-psycho-bio-acupressure\/livres-psycho-bio-acupressure\/exemple-karine-problemes-enuresie\/\">L&rsquo;exemple de Karine 9 ans et demi qui a des probl\u00e8mes d&rsquo;\u00e9nur\u00e9sie<\/a><\/li>\n\n\n\n<li><a href=\"https:\/\/pbatitude.com\/index.php\/accueil\/etudes-cas-psycho-bio-acupressure\/livres-psycho-bio-acupressure\/cas-jona-qui-frappe-crache\/\">Le cas de Jona 8 ans qui frappe et crache<\/a><\/li>\n\n\n\n<li><a href=\"https:\/\/pbatitude.com\/index.php\/accueil\/etudes-cas-psycho-bio-acupressure\/livres-psycho-bio-acupressure\/exemple-adolescent-depression\/\">L&rsquo;exemple d&rsquo;un adolescent souffrant de d\u00e9pression<\/a><\/li>\n\n\n\n<li><a href=\"https:\/\/pbatitude.com\/index.php\/accueil\/etudes-cas-psycho-bio-acupressure\/livres-psycho-bio-acupressure\/cas-virginie-avoir-permis-conduire\/\">Le cas de Virginie qui n\u2019arrive pas \u00e0 avoir son permis de conduire<\/a><\/li>\n\n\n\n<li><a href=\"https:\/\/pbatitude.com\/index.php\/accueil\/pba-pour-qui\/pba-bebes\/\" target=\"_blank\" rel=\"noreferrer noopener\">PBA pour les b\u00e9b\u00e9s<\/a><\/li>\n<\/ul>\n\n\n\n<p>Retour vers <a href=\"https:\/\/pbatitude.com\/index.php\/accueil\/etudes-cas-psycho-bio-acupressure\/livres-psycho-bio-acupressure\/\">Livres sur la Psycho-Bio-Acupressure<\/a><\/p>\n\n\n\n<p><\/p>\n","protected":false},"excerpt":{"rendered":"<p>L\u2019insomnie chez le nourrisson est fr\u00e9quente, et souvent observ\u00e9e en cas de coliques, reflux gastriques, otites\u2026 mais certains facteurs psychologiques ressentis pendant la grossesse, lors de l\u2019accouchement, ou dans l\u2019entourage familial peuvent aussi perturber le sommeil de b\u00e9b\u00e9. Le Dr Delatte en livre un exemple dans l\u2019un de ses ouvrages. Contexte Depuis sa naissance, Julie &hellip;<\/p>\n","protected":false},"author":1,"featured_media":0,"parent":633,"menu_order":2,"comment_status":"closed","ping_status":"closed","template":"","meta":{"footnotes":""},"class_list":["post-405","page","type-page","status-publish","hentry","entry entry-center"],"yoast_head":"<!-- This site is optimized with the Yoast SEO plugin v27.4 - https:\/\/yoast.com\/product\/yoast-seo-wordpress\/ -->\n<title>Le cas tr\u00e8s courant de Julie 8 mois qui ne dort pas - PBAtitude<\/title>\n<meta name=\"description\" content=\"livre cas exemples contexte consultation effet insomnies\" \/>\n<meta name=\"robots\" content=\"index, follow, max-snippet:-1, max-image-preview:large, max-video-preview:-1\" \/>\n<link rel=\"canonical\" href=\"https:\/\/pbatitude.com\/index.php\/accueil\/etudes-cas-psycho-bio-acupressure\/livres-psycho-bio-acupressure\/cas-julie-qui-ne-dort-pas\/\" \/>\n<meta property=\"og:locale\" content=\"fr_FR\" \/>\n<meta property=\"og:type\" content=\"article\" \/>\n<meta property=\"og:title\" content=\"Le cas tr\u00e8s courant de Julie 8 mois qui ne dort pas - PBAtitude\" \/>\n<meta property=\"og:description\" content=\"livre cas exemples contexte consultation effet insomnies\" \/>\n<meta property=\"og:url\" content=\"https:\/\/pbatitude.com\/index.php\/accueil\/etudes-cas-psycho-bio-acupressure\/livres-psycho-bio-acupressure\/cas-julie-qui-ne-dort-pas\/\" \/>\n<meta property=\"og:site_name\" content=\"PBAtitude\" \/>\n<meta property=\"article:modified_time\" content=\"2025-03-05T14:15:17+00:00\" \/>\n<meta property=\"og:image\" content=\"https:\/\/pbatitude.com\/wp-content\/uploads\/2022\/01\/hollie-santos-aUtvHsu8Uzk-unsplash-1024x683.jpg\" \/>\n<meta name=\"twitter:card\" content=\"summary_large_image\" \/>\n<meta name=\"twitter:label1\" content=\"Dur\u00e9e de lecture estim\u00e9e\" \/>\n\t<meta name=\"twitter:data1\" content=\"3 minutes\" \/>\n<script type=\"application\/ld+json\" class=\"yoast-schema-graph\">{\"@context\":\"https:\\\/\\\/schema.org\",\"@graph\":[{\"@type\":\"WebPage\",\"@id\":\"https:\\\/\\\/pbatitude.com\\\/index.php\\\/accueil\\\/etudes-cas-psycho-bio-acupressure\\\/livres-psycho-bio-acupressure\\\/cas-julie-qui-ne-dort-pas\\\/\",\"url\":\"https:\\\/\\\/pbatitude.com\\\/index.php\\\/accueil\\\/etudes-cas-psycho-bio-acupressure\\\/livres-psycho-bio-acupressure\\\/cas-julie-qui-ne-dort-pas\\\/\",\"name\":\"Le cas tr\u00e8s courant de Julie 8 mois qui ne dort pas - PBAtitude\",\"isPartOf\":{\"@id\":\"https:\\\/\\\/pbatitude.com\\\/#website\"},\"primaryImageOfPage\":{\"@id\":\"https:\\\/\\\/pbatitude.com\\\/index.php\\\/accueil\\\/etudes-cas-psycho-bio-acupressure\\\/livres-psycho-bio-acupressure\\\/cas-julie-qui-ne-dort-pas\\\/#primaryimage\"},\"image\":{\"@id\":\"https:\\\/\\\/pbatitude.com\\\/index.php\\\/accueil\\\/etudes-cas-psycho-bio-acupressure\\\/livres-psycho-bio-acupressure\\\/cas-julie-qui-ne-dort-pas\\\/#primaryimage\"},\"thumbnailUrl\":\"https:\\\/\\\/pbatitude.com\\\/wp-content\\\/uploads\\\/2022\\\/01\\\/hollie-santos-aUtvHsu8Uzk-unsplash-1024x683.jpg\",\"datePublished\":\"2022-04-25T15:49:29+00:00\",\"dateModified\":\"2025-03-05T14:15:17+00:00\",\"description\":\"livre cas exemples contexte consultation effet insomnies\",\"breadcrumb\":{\"@id\":\"https:\\\/\\\/pbatitude.com\\\/index.php\\\/accueil\\\/etudes-cas-psycho-bio-acupressure\\\/livres-psycho-bio-acupressure\\\/cas-julie-qui-ne-dort-pas\\\/#breadcrumb\"},\"inLanguage\":\"fr-FR\",\"potentialAction\":[{\"@type\":\"ReadAction\",\"target\":[\"https:\\\/\\\/pbatitude.com\\\/index.php\\\/accueil\\\/etudes-cas-psycho-bio-acupressure\\\/livres-psycho-bio-acupressure\\\/cas-julie-qui-ne-dort-pas\\\/\"]}]},{\"@type\":\"ImageObject\",\"inLanguage\":\"fr-FR\",\"@id\":\"https:\\\/\\\/pbatitude.com\\\/index.php\\\/accueil\\\/etudes-cas-psycho-bio-acupressure\\\/livres-psycho-bio-acupressure\\\/cas-julie-qui-ne-dort-pas\\\/#primaryimage\",\"url\":\"https:\\\/\\\/pbatitude.com\\\/wp-content\\\/uploads\\\/2022\\\/01\\\/hollie-santos-aUtvHsu8Uzk-unsplash-1024x683.jpg\",\"contentUrl\":\"https:\\\/\\\/pbatitude.com\\\/wp-content\\\/uploads\\\/2022\\\/01\\\/hollie-santos-aUtvHsu8Uzk-unsplash-1024x683.jpg\"},{\"@type\":\"BreadcrumbList\",\"@id\":\"https:\\\/\\\/pbatitude.com\\\/index.php\\\/accueil\\\/etudes-cas-psycho-bio-acupressure\\\/livres-psycho-bio-acupressure\\\/cas-julie-qui-ne-dort-pas\\\/#breadcrumb\",\"itemListElement\":[{\"@type\":\"ListItem\",\"position\":1,\"name\":\"Accueil\",\"item\":\"https:\\\/\\\/pbatitude.com\\\/\"},{\"@type\":\"ListItem\",\"position\":2,\"name\":\"ACCUEIL\",\"item\":\"https:\\\/\\\/pbatitude.com\\\/\"},{\"@type\":\"ListItem\",\"position\":3,\"name\":\"ETUDES DE CAS EN PSYCHO-BIO-ACUPRESSURE\",\"item\":\"https:\\\/\\\/pbatitude.com\\\/index.php\\\/accueil\\\/etudes-cas-psycho-bio-acupressure\\\/\"},{\"@type\":\"ListItem\",\"position\":4,\"name\":\"LIVRES SUR LA PSYCHO-BIO-ACUPRESSURE\",\"item\":\"https:\\\/\\\/pbatitude.com\\\/index.php\\\/accueil\\\/etudes-cas-psycho-bio-acupressure\\\/livres-psycho-bio-acupressure\\\/\"},{\"@type\":\"ListItem\",\"position\":5,\"name\":\"Le cas tr\u00e8s courant de Julie 8 mois qui ne dort pas\"}]},{\"@type\":\"WebSite\",\"@id\":\"https:\\\/\\\/pbatitude.com\\\/#website\",\"url\":\"https:\\\/\\\/pbatitude.com\\\/\",\"name\":\"PBAtitude\",\"description\":\"A la rencontre de votre nature profonde\",\"potentialAction\":[{\"@type\":\"SearchAction\",\"target\":{\"@type\":\"EntryPoint\",\"urlTemplate\":\"https:\\\/\\\/pbatitude.com\\\/?s={search_term_string}\"},\"query-input\":{\"@type\":\"PropertyValueSpecification\",\"valueRequired\":true,\"valueName\":\"search_term_string\"}}],\"inLanguage\":\"fr-FR\"}]}<\/script>\n<!-- \/ Yoast SEO plugin. -->","yoast_head_json":{"title":"Le cas tr\u00e8s courant de Julie 8 mois qui ne dort pas - PBAtitude","description":"livre cas exemples contexte consultation effet insomnies","robots":{"index":"index","follow":"follow","max-snippet":"max-snippet:-1","max-image-preview":"max-image-preview:large","max-video-preview":"max-video-preview:-1"},"canonical":"https:\/\/pbatitude.com\/index.php\/accueil\/etudes-cas-psycho-bio-acupressure\/livres-psycho-bio-acupressure\/cas-julie-qui-ne-dort-pas\/","og_locale":"fr_FR","og_type":"article","og_title":"Le cas tr\u00e8s courant de Julie 8 mois qui ne dort pas - PBAtitude","og_description":"livre cas exemples contexte consultation effet insomnies","og_url":"https:\/\/pbatitude.com\/index.php\/accueil\/etudes-cas-psycho-bio-acupressure\/livres-psycho-bio-acupressure\/cas-julie-qui-ne-dort-pas\/","og_site_name":"PBAtitude","article_modified_time":"2025-03-05T14:15:17+00:00","og_image":[{"url":"https:\/\/pbatitude.com\/wp-content\/uploads\/2022\/01\/hollie-santos-aUtvHsu8Uzk-unsplash-1024x683.jpg","type":"","width":"","height":""}],"twitter_card":"summary_large_image","twitter_misc":{"Dur\u00e9e de lecture estim\u00e9e":"3 minutes"},"schema":{"@context":"https:\/\/schema.org","@graph":[{"@type":"WebPage","@id":"https:\/\/pbatitude.com\/index.php\/accueil\/etudes-cas-psycho-bio-acupressure\/livres-psycho-bio-acupressure\/cas-julie-qui-ne-dort-pas\/","url":"https:\/\/pbatitude.com\/index.php\/accueil\/etudes-cas-psycho-bio-acupressure\/livres-psycho-bio-acupressure\/cas-julie-qui-ne-dort-pas\/","name":"Le cas tr\u00e8s courant de Julie 8 mois qui ne dort pas - PBAtitude","isPartOf":{"@id":"https:\/\/pbatitude.com\/#website"},"primaryImageOfPage":{"@id":"https:\/\/pbatitude.com\/index.php\/accueil\/etudes-cas-psycho-bio-acupressure\/livres-psycho-bio-acupressure\/cas-julie-qui-ne-dort-pas\/#primaryimage"},"image":{"@id":"https:\/\/pbatitude.com\/index.php\/accueil\/etudes-cas-psycho-bio-acupressure\/livres-psycho-bio-acupressure\/cas-julie-qui-ne-dort-pas\/#primaryimage"},"thumbnailUrl":"https:\/\/pbatitude.com\/wp-content\/uploads\/2022\/01\/hollie-santos-aUtvHsu8Uzk-unsplash-1024x683.jpg","datePublished":"2022-04-25T15:49:29+00:00","dateModified":"2025-03-05T14:15:17+00:00","description":"livre cas exemples contexte consultation effet insomnies","breadcrumb":{"@id":"https:\/\/pbatitude.com\/index.php\/accueil\/etudes-cas-psycho-bio-acupressure\/livres-psycho-bio-acupressure\/cas-julie-qui-ne-dort-pas\/#breadcrumb"},"inLanguage":"fr-FR","potentialAction":[{"@type":"ReadAction","target":["https:\/\/pbatitude.com\/index.php\/accueil\/etudes-cas-psycho-bio-acupressure\/livres-psycho-bio-acupressure\/cas-julie-qui-ne-dort-pas\/"]}]},{"@type":"ImageObject","inLanguage":"fr-FR","@id":"https:\/\/pbatitude.com\/index.php\/accueil\/etudes-cas-psycho-bio-acupressure\/livres-psycho-bio-acupressure\/cas-julie-qui-ne-dort-pas\/#primaryimage","url":"https:\/\/pbatitude.com\/wp-content\/uploads\/2022\/01\/hollie-santos-aUtvHsu8Uzk-unsplash-1024x683.jpg","contentUrl":"https:\/\/pbatitude.com\/wp-content\/uploads\/2022\/01\/hollie-santos-aUtvHsu8Uzk-unsplash-1024x683.jpg"},{"@type":"BreadcrumbList","@id":"https:\/\/pbatitude.com\/index.php\/accueil\/etudes-cas-psycho-bio-acupressure\/livres-psycho-bio-acupressure\/cas-julie-qui-ne-dort-pas\/#breadcrumb","itemListElement":[{"@type":"ListItem","position":1,"name":"Accueil","item":"https:\/\/pbatitude.com\/"},{"@type":"ListItem","position":2,"name":"ACCUEIL","item":"https:\/\/pbatitude.com\/"},{"@type":"ListItem","position":3,"name":"ETUDES DE CAS EN PSYCHO-BIO-ACUPRESSURE","item":"https:\/\/pbatitude.com\/index.php\/accueil\/etudes-cas-psycho-bio-acupressure\/"},{"@type":"ListItem","position":4,"name":"LIVRES SUR LA PSYCHO-BIO-ACUPRESSURE","item":"https:\/\/pbatitude.com\/index.php\/accueil\/etudes-cas-psycho-bio-acupressure\/livres-psycho-bio-acupressure\/"},{"@type":"ListItem","position":5,"name":"Le cas tr\u00e8s courant de Julie 8 mois qui ne dort pas"}]},{"@type":"WebSite","@id":"https:\/\/pbatitude.com\/#website","url":"https:\/\/pbatitude.com\/","name":"PBAtitude","description":"A la rencontre de votre nature profonde","potentialAction":[{"@type":"SearchAction","target":{"@type":"EntryPoint","urlTemplate":"https:\/\/pbatitude.com\/?s={search_term_string}"},"query-input":{"@type":"PropertyValueSpecification","valueRequired":true,"valueName":"search_term_string"}}],"inLanguage":"fr-FR"}]}},"_links":{"self":[{"href":"https:\/\/pbatitude.com\/index.php\/wp-json\/wp\/v2\/pages\/405","targetHints":{"allow":["GET"]}}],"collection":[{"href":"https:\/\/pbatitude.com\/index.php\/wp-json\/wp\/v2\/pages"}],"about":[{"href":"https:\/\/pbatitude.com\/index.php\/wp-json\/wp\/v2\/types\/page"}],"author":[{"embeddable":true,"href":"https:\/\/pbatitude.com\/index.php\/wp-json\/wp\/v2\/users\/1"}],"replies":[{"embeddable":true,"href":"https:\/\/pbatitude.com\/index.php\/wp-json\/wp\/v2\/comments?post=405"}],"version-history":[{"count":12,"href":"https:\/\/pbatitude.com\/index.php\/wp-json\/wp\/v2\/pages\/405\/revisions"}],"predecessor-version":[{"id":1309,"href":"https:\/\/pbatitude.com\/index.php\/wp-json\/wp\/v2\/pages\/405\/revisions\/1309"}],"up":[{"embeddable":true,"href":"https:\/\/pbatitude.com\/index.php\/wp-json\/wp\/v2\/pages\/633"}],"wp:attachment":[{"href":"https:\/\/pbatitude.com\/index.php\/wp-json\/wp\/v2\/media?parent=405"}],"curies":[{"name":"wp","href":"https:\/\/api.w.org\/{rel}","templated":true}]}}