{"id":383,"date":"2022-04-25T17:46:22","date_gmt":"2022-04-25T15:46:22","guid":{"rendered":"https:\/\/pbatitude.com\/?page_id=383"},"modified":"2025-03-05T15:13:54","modified_gmt":"2025-03-05T14:13:54","slug":"avis-psycho-bio-acupressure","status":"publish","type":"page","link":"https:\/\/pbatitude.com\/index.php\/accueil\/etudes-cas-psycho-bio-acupressure\/avis-psycho-bio-acupressure\/","title":{"rendered":"Avis sur la Psycho-Bio-Acupressure"},"content":{"rendered":"\n<p>D\u00e9couvrez ci-dessous quelques avis sur la Psycho-Bio-Acupressure. Lisez des commentaires et recommandations sur Claire Droin et sur sa pratique.&nbsp; Laissez, vous aussi, votre avis <a href=\"https:\/\/g.page\/pbatitude\/review?rc\" rel=\"nofollow\">ici<\/a><\/p>\n\n\n\n<figure class=\"wp-block-image size-large\"><img loading=\"lazy\" decoding=\"async\" width=\"2560\" height=\"1600\" src=\"https:\/\/pbatitude.com\/wp-content\/uploads\/2022\/01\/pure-julia-ZgqKFAm6xqI-unsplash-edited-scaled.jpg\" alt=\"Claire Droin avis recommandation\" class=\"wp-image-386\" srcset=\"https:\/\/pbatitude.com\/wp-content\/uploads\/2022\/01\/pure-julia-ZgqKFAm6xqI-unsplash-edited-scaled.jpg 2560w, https:\/\/pbatitude.com\/wp-content\/uploads\/2022\/01\/pure-julia-ZgqKFAm6xqI-unsplash-edited-300x187.jpg 300w, https:\/\/pbatitude.com\/wp-content\/uploads\/2022\/01\/pure-julia-ZgqKFAm6xqI-unsplash-edited-1024x640.jpg 1024w, https:\/\/pbatitude.com\/wp-content\/uploads\/2022\/01\/pure-julia-ZgqKFAm6xqI-unsplash-edited-768x480.jpg 768w, https:\/\/pbatitude.com\/wp-content\/uploads\/2022\/01\/pure-julia-ZgqKFAm6xqI-unsplash-edited-1536x960.jpg 1536w, https:\/\/pbatitude.com\/wp-content\/uploads\/2022\/01\/pure-julia-ZgqKFAm6xqI-unsplash-edited-2048x1280.jpg 2048w, https:\/\/pbatitude.com\/wp-content\/uploads\/2022\/01\/pure-julia-ZgqKFAm6xqI-unsplash-edited-1600x1000.jpg 1600w, https:\/\/pbatitude.com\/wp-content\/uploads\/2022\/01\/pure-julia-ZgqKFAm6xqI-unsplash-edited-780x487.jpg 780w\" sizes=\"auto, (max-width: 2560px) 100vw, 2560px\" \/><\/figure>\n\n\n\n<h5 class=\"wp-block-heading\"><strong>Recommandation de Sadjia B., Villeurbanne, Rh\u00f4ne<\/strong><\/h5>\n\n\n\n<p>\u00ab Tr\u00e8s bonne th\u00e9rapeute, \u00e0 l\u2019\u00e9coute, j\u2019ai \u00e9t\u00e9 impressionn\u00e9e lors de la lib\u00e9ration des blocages \u00e9motionnels. Je me sens mieux sur plusieurs points, j\u2019ai le sentiment d\u2019avancer dans ma vie. Je recommande vivement. \u00bb<\/p>\n\n\n\n<h5 class=\"wp-block-heading\"><strong>Avis de Fabienne M., Villefranche-sur-Sa\u00f4ne, Rh\u00f4ne<\/strong><\/h5>\n\n\n\n<p>\u00ab Les locaux qui accueillent \u00e0 pr\u00e9sent PBAtitude sont parfaits, lumineux, calmes. A peine accueilli par Claire, on se sent apais\u00e9 et respect\u00e9. La chaleur humaine nous enveloppe et on peut commencer alors notre cheminement de gu\u00e9rison. Et le merci qui nous vient \u00e0 la bouche \u00e0 la fin de la s\u00e9ance prend place spontan\u00e9ment. \u00bb<\/p>\n\n\n\n<h5 class=\"wp-block-heading\"><strong>Recommandation de Rachel B., Chaleins, Ain<\/strong><\/h5>\n\n\n\n<p>\u00ab Belle d\u00e9couverte, Mme Droin est tr\u00e8s douce et tr\u00e8s professionnelle. Cette technique est assez impressionnante sur le plan \u00e9motionnel. Il va falloir un peu de temps pour voir les effets sur mon fils de 11 ans mais je recommande. \u00bb<\/p>\n\n\n\n<h5 class=\"wp-block-heading\"><strong>Avis de Laurence K., Theiz\u00e9, Rh\u00f4ne<\/strong><\/h5>\n\n\n\n<p> \u00ab La pba c&rsquo;est comme la bouteille de champagne. il est n\u00e9cessaire que&nbsp; le bouchon saute pour en profiter. Et c&rsquo;est bien efficace \u00e0 faire sauter les bouchons. Merci merci merci. \u00bb <\/p>\n\n\n\n<h5 class=\"wp-block-heading\"><strong>Avis de V\u00e9ronique DM, Chasselay, Rh\u00f4ne<\/strong><\/h5>\n\n\n\n<p>\u00ab Un v\u00e9ritable bienfait ! D\u00e8s la 1ere s\u00e9ance j&rsquo;ai senti un apaisement et surtout elle a r\u00e9ussi \u00e0 d\u00e9bloquer des \u00e9motions enfouies depuis de nombreuses ann\u00e9es. Merci \u00e0 vous Claire \u00bb<\/p>\n\n\n\n<h5 class=\"wp-block-heading\"><strong>Avis de Pascale R., Le P\u00e9rr\u00e9on, Rh\u00f4ne<\/strong><\/h5>\n\n\n\n<p>\u00ab En quelques s\u00e9ances de PBA les \u00e9motions se sont apais\u00e9es et m&rsquo;ont permis de me sentir de mieux en mieux MERCI. Claire est une personne bienveillante et comp\u00e9tente. \u00bb<\/p>\n\n\n\n<h5 class=\"wp-block-heading\"><strong>Recommandation&nbsp; de Sabah D., Gleiz\u00e9, Rh\u00f4ne<\/strong><\/h5>\n\n\n\n<p>\u00ab S\u00e9ance tr\u00e8s apaisante permettant un d\u00e9tachement des \u00e9motions d\u00e9bordantes et une prise en conscience en douceur, par le corps gr\u00e2ce \u00e0 l\u2019acupression des points r\u00e9activant l&rsquo;\u00e9nergie positive dans le corps. Claire est une chouette personne, pleine de bienveillance, elle a une approche toute en douceur, tr\u00e8s appr\u00e9ci\u00e9e par les enfants, elle nous donne la possibilit\u00e9 de retravailler les points d\u2019acupression concernant notre \u00e9tat \u00e9motionnel apr\u00e8s la s\u00e9ance ! On se sent \u00e0 l&rsquo;aise et pris en charge de fa\u00e7on cocooning et compl\u00e8tement d\u00e9tach\u00e9e de nos pr\u00e9occupations quotidiennes et recharger en positif ! N&rsquo;h\u00e9sitez pas \u00e0 d\u00e9couvrir, c&rsquo;est que du plus! \u00bb<\/p>\n\n\n\n<h5 class=\"wp-block-heading\"><strong>Avis de Audrey E., Lyon, Rh\u00f4ne<\/strong><\/h5>\n\n\n\n<p> \u00ab Beaucoup d&rsquo;application, professionnelle agr\u00e9able et apaisante, mon fils est plus serein. \u00bb <\/p>\n\n\n\n<h2 class=\"wp-block-heading\">Voir aussi :<\/h2>\n\n\n\n<ul class=\"wp-block-list\">\n<li><a href=\"https:\/\/g.page\/pbatitude\/\" target=\"_blank\" rel=\"noreferrer noopener\">tous les avis<\/a><\/li>\n<\/ul>\n","protected":false},"excerpt":{"rendered":"<p>D\u00e9couvrez ci-dessous quelques avis sur la Psycho-Bio-Acupressure. Lisez des commentaires et recommandations sur Claire Droin et sur sa pratique.&nbsp; Laissez, vous aussi, votre avis ici Recommandation de Sadjia B., Villeurbanne, Rh\u00f4ne \u00ab Tr\u00e8s bonne th\u00e9rapeute, \u00e0 l\u2019\u00e9coute, j\u2019ai \u00e9t\u00e9 impressionn\u00e9e lors de la lib\u00e9ration des blocages \u00e9motionnels. Je me sens mieux sur plusieurs points, j\u2019ai &hellip;<\/p>\n","protected":false},"author":1,"featured_media":0,"parent":687,"menu_order":1,"comment_status":"closed","ping_status":"closed","template":"","meta":{"footnotes":""},"class_list":["post-383","page","type-page","status-publish","hentry","entry entry-center"],"yoast_head":"<!-- This site is optimized with the Yoast SEO plugin v27.3 - https:\/\/yoast.com\/product\/yoast-seo-wordpress\/ -->\n<title>Avis sur la Psycho-Bio-Acupressure - PBAtitude<\/title>\n<meta name=\"description\" content=\"Avis recommandation\" \/>\n<meta name=\"robots\" content=\"index, follow, max-snippet:-1, max-image-preview:large, max-video-preview:-1\" \/>\n<link rel=\"canonical\" href=\"https:\/\/pbatitude.com\/index.php\/accueil\/etudes-cas-psycho-bio-acupressure\/avis-psycho-bio-acupressure\/\" \/>\n<meta property=\"og:locale\" content=\"fr_FR\" \/>\n<meta property=\"og:type\" content=\"article\" \/>\n<meta property=\"og:title\" content=\"Avis sur la Psycho-Bio-Acupressure - PBAtitude\" \/>\n<meta property=\"og:description\" content=\"Avis recommandation\" \/>\n<meta property=\"og:url\" content=\"https:\/\/pbatitude.com\/index.php\/accueil\/etudes-cas-psycho-bio-acupressure\/avis-psycho-bio-acupressure\/\" \/>\n<meta property=\"og:site_name\" content=\"PBAtitude\" \/>\n<meta property=\"article:modified_time\" content=\"2025-03-05T14:13:54+00:00\" \/>\n<meta property=\"og:image\" content=\"https:\/\/pbatitude.com\/wp-content\/uploads\/2022\/01\/pure-julia-ZgqKFAm6xqI-unsplash-edited-scaled.jpg\" \/>\n<meta name=\"twitter:card\" content=\"summary_large_image\" \/>\n<meta name=\"twitter:label1\" content=\"Dur\u00e9e de lecture estim\u00e9e\" \/>\n\t<meta name=\"twitter:data1\" content=\"3 minutes\" \/>\n<script type=\"application\/ld+json\" class=\"yoast-schema-graph\">{\"@context\":\"https:\\\/\\\/schema.org\",\"@graph\":[{\"@type\":\"WebPage\",\"@id\":\"https:\\\/\\\/pbatitude.com\\\/index.php\\\/accueil\\\/etudes-cas-psycho-bio-acupressure\\\/avis-psycho-bio-acupressure\\\/\",\"url\":\"https:\\\/\\\/pbatitude.com\\\/index.php\\\/accueil\\\/etudes-cas-psycho-bio-acupressure\\\/avis-psycho-bio-acupressure\\\/\",\"name\":\"Avis sur la Psycho-Bio-Acupressure - PBAtitude\",\"isPartOf\":{\"@id\":\"https:\\\/\\\/pbatitude.com\\\/#website\"},\"primaryImageOfPage\":{\"@id\":\"https:\\\/\\\/pbatitude.com\\\/index.php\\\/accueil\\\/etudes-cas-psycho-bio-acupressure\\\/avis-psycho-bio-acupressure\\\/#primaryimage\"},\"image\":{\"@id\":\"https:\\\/\\\/pbatitude.com\\\/index.php\\\/accueil\\\/etudes-cas-psycho-bio-acupressure\\\/avis-psycho-bio-acupressure\\\/#primaryimage\"},\"thumbnailUrl\":\"https:\\\/\\\/pbatitude.com\\\/wp-content\\\/uploads\\\/2022\\\/01\\\/pure-julia-ZgqKFAm6xqI-unsplash-edited-scaled.jpg\",\"datePublished\":\"2022-04-25T15:46:22+00:00\",\"dateModified\":\"2025-03-05T14:13:54+00:00\",\"description\":\"Avis recommandation\",\"breadcrumb\":{\"@id\":\"https:\\\/\\\/pbatitude.com\\\/index.php\\\/accueil\\\/etudes-cas-psycho-bio-acupressure\\\/avis-psycho-bio-acupressure\\\/#breadcrumb\"},\"inLanguage\":\"fr-FR\",\"potentialAction\":[{\"@type\":\"ReadAction\",\"target\":[\"https:\\\/\\\/pbatitude.com\\\/index.php\\\/accueil\\\/etudes-cas-psycho-bio-acupressure\\\/avis-psycho-bio-acupressure\\\/\"]}]},{\"@type\":\"ImageObject\",\"inLanguage\":\"fr-FR\",\"@id\":\"https:\\\/\\\/pbatitude.com\\\/index.php\\\/accueil\\\/etudes-cas-psycho-bio-acupressure\\\/avis-psycho-bio-acupressure\\\/#primaryimage\",\"url\":\"https:\\\/\\\/pbatitude.com\\\/wp-content\\\/uploads\\\/2022\\\/01\\\/pure-julia-ZgqKFAm6xqI-unsplash-edited-scaled.jpg\",\"contentUrl\":\"https:\\\/\\\/pbatitude.com\\\/wp-content\\\/uploads\\\/2022\\\/01\\\/pure-julia-ZgqKFAm6xqI-unsplash-edited-scaled.jpg\",\"width\":2560,\"height\":1600},{\"@type\":\"BreadcrumbList\",\"@id\":\"https:\\\/\\\/pbatitude.com\\\/index.php\\\/accueil\\\/etudes-cas-psycho-bio-acupressure\\\/avis-psycho-bio-acupressure\\\/#breadcrumb\",\"itemListElement\":[{\"@type\":\"ListItem\",\"position\":1,\"name\":\"Accueil\",\"item\":\"https:\\\/\\\/pbatitude.com\\\/\"},{\"@type\":\"ListItem\",\"position\":2,\"name\":\"ACCUEIL\",\"item\":\"https:\\\/\\\/pbatitude.com\\\/\"},{\"@type\":\"ListItem\",\"position\":3,\"name\":\"ETUDES DE CAS EN PSYCHO-BIO-ACUPRESSURE\",\"item\":\"https:\\\/\\\/pbatitude.com\\\/index.php\\\/accueil\\\/etudes-cas-psycho-bio-acupressure\\\/\"},{\"@type\":\"ListItem\",\"position\":4,\"name\":\"Avis sur la Psycho-Bio-Acupressure\"}]},{\"@type\":\"WebSite\",\"@id\":\"https:\\\/\\\/pbatitude.com\\\/#website\",\"url\":\"https:\\\/\\\/pbatitude.com\\\/\",\"name\":\"PBAtitude\",\"description\":\"A la rencontre de votre nature profonde\",\"potentialAction\":[{\"@type\":\"SearchAction\",\"target\":{\"@type\":\"EntryPoint\",\"urlTemplate\":\"https:\\\/\\\/pbatitude.com\\\/?s={search_term_string}\"},\"query-input\":{\"@type\":\"PropertyValueSpecification\",\"valueRequired\":true,\"valueName\":\"search_term_string\"}}],\"inLanguage\":\"fr-FR\"}]}<\/script>\n<!-- \/ Yoast SEO plugin. -->","yoast_head_json":{"title":"Avis sur la Psycho-Bio-Acupressure - PBAtitude","description":"Avis recommandation","robots":{"index":"index","follow":"follow","max-snippet":"max-snippet:-1","max-image-preview":"max-image-preview:large","max-video-preview":"max-video-preview:-1"},"canonical":"https:\/\/pbatitude.com\/index.php\/accueil\/etudes-cas-psycho-bio-acupressure\/avis-psycho-bio-acupressure\/","og_locale":"fr_FR","og_type":"article","og_title":"Avis sur la Psycho-Bio-Acupressure - PBAtitude","og_description":"Avis recommandation","og_url":"https:\/\/pbatitude.com\/index.php\/accueil\/etudes-cas-psycho-bio-acupressure\/avis-psycho-bio-acupressure\/","og_site_name":"PBAtitude","article_modified_time":"2025-03-05T14:13:54+00:00","og_image":[{"url":"https:\/\/pbatitude.com\/wp-content\/uploads\/2022\/01\/pure-julia-ZgqKFAm6xqI-unsplash-edited-scaled.jpg","type":"","width":"","height":""}],"twitter_card":"summary_large_image","twitter_misc":{"Dur\u00e9e de lecture estim\u00e9e":"3 minutes"},"schema":{"@context":"https:\/\/schema.org","@graph":[{"@type":"WebPage","@id":"https:\/\/pbatitude.com\/index.php\/accueil\/etudes-cas-psycho-bio-acupressure\/avis-psycho-bio-acupressure\/","url":"https:\/\/pbatitude.com\/index.php\/accueil\/etudes-cas-psycho-bio-acupressure\/avis-psycho-bio-acupressure\/","name":"Avis sur la Psycho-Bio-Acupressure - PBAtitude","isPartOf":{"@id":"https:\/\/pbatitude.com\/#website"},"primaryImageOfPage":{"@id":"https:\/\/pbatitude.com\/index.php\/accueil\/etudes-cas-psycho-bio-acupressure\/avis-psycho-bio-acupressure\/#primaryimage"},"image":{"@id":"https:\/\/pbatitude.com\/index.php\/accueil\/etudes-cas-psycho-bio-acupressure\/avis-psycho-bio-acupressure\/#primaryimage"},"thumbnailUrl":"https:\/\/pbatitude.com\/wp-content\/uploads\/2022\/01\/pure-julia-ZgqKFAm6xqI-unsplash-edited-scaled.jpg","datePublished":"2022-04-25T15:46:22+00:00","dateModified":"2025-03-05T14:13:54+00:00","description":"Avis recommandation","breadcrumb":{"@id":"https:\/\/pbatitude.com\/index.php\/accueil\/etudes-cas-psycho-bio-acupressure\/avis-psycho-bio-acupressure\/#breadcrumb"},"inLanguage":"fr-FR","potentialAction":[{"@type":"ReadAction","target":["https:\/\/pbatitude.com\/index.php\/accueil\/etudes-cas-psycho-bio-acupressure\/avis-psycho-bio-acupressure\/"]}]},{"@type":"ImageObject","inLanguage":"fr-FR","@id":"https:\/\/pbatitude.com\/index.php\/accueil\/etudes-cas-psycho-bio-acupressure\/avis-psycho-bio-acupressure\/#primaryimage","url":"https:\/\/pbatitude.com\/wp-content\/uploads\/2022\/01\/pure-julia-ZgqKFAm6xqI-unsplash-edited-scaled.jpg","contentUrl":"https:\/\/pbatitude.com\/wp-content\/uploads\/2022\/01\/pure-julia-ZgqKFAm6xqI-unsplash-edited-scaled.jpg","width":2560,"height":1600},{"@type":"BreadcrumbList","@id":"https:\/\/pbatitude.com\/index.php\/accueil\/etudes-cas-psycho-bio-acupressure\/avis-psycho-bio-acupressure\/#breadcrumb","itemListElement":[{"@type":"ListItem","position":1,"name":"Accueil","item":"https:\/\/pbatitude.com\/"},{"@type":"ListItem","position":2,"name":"ACCUEIL","item":"https:\/\/pbatitude.com\/"},{"@type":"ListItem","position":3,"name":"ETUDES DE CAS EN PSYCHO-BIO-ACUPRESSURE","item":"https:\/\/pbatitude.com\/index.php\/accueil\/etudes-cas-psycho-bio-acupressure\/"},{"@type":"ListItem","position":4,"name":"Avis sur la Psycho-Bio-Acupressure"}]},{"@type":"WebSite","@id":"https:\/\/pbatitude.com\/#website","url":"https:\/\/pbatitude.com\/","name":"PBAtitude","description":"A la rencontre de votre nature profonde","potentialAction":[{"@type":"SearchAction","target":{"@type":"EntryPoint","urlTemplate":"https:\/\/pbatitude.com\/?s={search_term_string}"},"query-input":{"@type":"PropertyValueSpecification","valueRequired":true,"valueName":"search_term_string"}}],"inLanguage":"fr-FR"}]}},"_links":{"self":[{"href":"https:\/\/pbatitude.com\/index.php\/wp-json\/wp\/v2\/pages\/383","targetHints":{"allow":["GET"]}}],"collection":[{"href":"https:\/\/pbatitude.com\/index.php\/wp-json\/wp\/v2\/pages"}],"about":[{"href":"https:\/\/pbatitude.com\/index.php\/wp-json\/wp\/v2\/types\/page"}],"author":[{"embeddable":true,"href":"https:\/\/pbatitude.com\/index.php\/wp-json\/wp\/v2\/users\/1"}],"replies":[{"embeddable":true,"href":"https:\/\/pbatitude.com\/index.php\/wp-json\/wp\/v2\/comments?post=383"}],"version-history":[{"count":15,"href":"https:\/\/pbatitude.com\/index.php\/wp-json\/wp\/v2\/pages\/383\/revisions"}],"predecessor-version":[{"id":1305,"href":"https:\/\/pbatitude.com\/index.php\/wp-json\/wp\/v2\/pages\/383\/revisions\/1305"}],"up":[{"embeddable":true,"href":"https:\/\/pbatitude.com\/index.php\/wp-json\/wp\/v2\/pages\/687"}],"wp:attachment":[{"href":"https:\/\/pbatitude.com\/index.php\/wp-json\/wp\/v2\/media?parent=383"}],"curies":[{"name":"wp","href":"https:\/\/api.w.org\/{rel}","templated":true}]}}