{"id":227,"date":"2019-11-10T16:43:03","date_gmt":"2019-11-10T15:43:03","guid":{"rendered":"http:\/\/pbatitude.com\/?page_id=227"},"modified":"2025-12-03T09:39:19","modified_gmt":"2025-12-03T08:39:19","slug":"mentions-legales","status":"publish","type":"page","link":"https:\/\/pbatitude.com\/index.php\/mentions-legales\/","title":{"rendered":"Mentions l\u00e9gales"},"content":{"rendered":"\n<p><\/p>\n\n\n\n<h1 class=\"wp-block-heading\"><strong>IDENTIFICATION<\/strong><\/h1>\n\n\n\n<p><strong>Adresse du site Web<\/strong> : <a href=\"https:\/\/pbatitude.com\">https:\/\/pbatitude.com<\/a><\/p>\n\n\n\n<p><strong> Propri\u00e9taire&nbsp;: <\/strong>Claire Droin &#8211; 98 impasse de la timoni\u00e8re Liergues 69400 PORTE DES PIERRES DOREES &#8211; France &#8211; E-mail&nbsp;: <a href=\"mailto:clairedroin@pbatitude.com\">clairedroin@pbatitude.com<\/a><\/p>\n\n\n\n<p><strong>Soci\u00e9t\u00e9&nbsp;:<\/strong> Claire Droin &#8211; Entrepreneur Individuel &#8211; 90,route de Frans 69400 VILLEFRANCHE\/SAONE &#8211; France &#8211; N\u00b0 SIRET 835&nbsp;292&nbsp;947 00024<\/p>\n\n\n\n<p><strong>Activit\u00e9&nbsp;: <\/strong>Psycho-Bio-Acupressure &#8211; Code APE 8690F &#8211; Activit\u00e9s de sant\u00e9 humaine non class\u00e9es ailleurs<\/p>\n\n\n\n<p><strong>H\u00e9bergement<\/strong> : OVH &#8211; Si\u00e8ge social : 2 rue Kellermann 59100 Roubaix 1007\u2013 France &#8211; SAS au capital de 10 000 000 \u20ac RCS Roubaix \u2013 Tourcoing 424 761 419 00045 &#8211; Code APE 6202A \u2013 N\u00b0 TVA : FR 22 424 761&nbsp;419<\/p>\n\n\n\n<p><strong>Description des services fournis<\/strong> :  Ce site a pour objectif de fournir une information concernant l\u2019ensemble des activit\u00e9s de la &nbsp;soci\u00e9t\u00e9 Claire Droin. <\/p>\n\n\n\n<p><\/p>\n\n\n\n<h1 class=\"wp-block-heading\"><strong>RESPONSABILIT\u00c9<\/strong><\/h1>\n\n\n\n<p>La soci\u00e9t\u00e9 Claire Droin s\u2019efforce de fournir une information de qualit\u00e9 et v\u00e9rifi\u00e9e, toutefois si une information semble inexacte ou contient une erreur typographique, vous pouvez le signaler \u00e0 <a href=\"mailto:clairedroin@pbatitude.com\">clairedroin@pbatitude.com<\/a> . Des modifications peuvent \u00eatre p\u00e9riodiquement apport\u00e9es au site <a href=\"https:\/\/pbatitude.com\">https:\/\/pbatitude.com<\/a> La soci\u00e9t\u00e9 Claire Droin&nbsp;peut apporter des am\u00e9liorations et des changements sur les services d\u00e9crits sur son site \u00e0 tout moment et sans le notifier.<\/p>\n\n\n\n<p>La soci\u00e9t\u00e9&nbsp;Claire Droin n\u2019est pas responsable des dommages directs ou indirects, des dommages et int\u00e9r\u00eats survenant \u00e0 l\u2019occasion de votre acc\u00e8s \u00e0 ce site ou de l\u2019utilisation que vous en faites, y compris les virus susceptibles de contaminer votre configuration informatique. De plus, la soci\u00e9t\u00e9&nbsp;Claire Droin pr\u00e9cise que l\u2019usage des liens hypertextes peut conduire votre consultation de son site vers d\u2019autres serveurs et ainsi acc\u00e9der \u00e0 l\u2019information recherch\u00e9e, sur laquelle la soci\u00e9t\u00e9 Claire Droin&nbsp;n\u2019a aucun contr\u00f4le. <\/p>\n\n\n\n<p>Ce site n\u2019est donc pas responsable des pr\u00e9judices directs, indirects, accessoires ou sp\u00e9ciaux, notamment de toute perte p\u00e9cuniaire, r\u00e9sultant de votre utilisation des contenus disponibles sur des sites auxquels vous acc\u00e9dez par l\u2019interm\u00e9diaire de liens hypertextes. Tout litige en relation avec l\u2019utilisation du site <a href=\"https:\/\/pbatitude.com\">https:\/\/pbatitude.com<\/a> est soumis au droit fran\u00e7ais.<\/p>\n\n\n\n<p><\/p>\n\n\n\n<h1 class=\"wp-block-heading\"><strong>PROPRIETE INTELLECTUELLE<\/strong><\/h1>\n\n\n\n<p>La soci\u00e9t\u00e9 Claire Droin est seule titulaire des droits d\u2019auteur sur le site&nbsp;<a href=\"https:\/\/pbatitude.com\">https:\/\/pbatitude.com<\/a><\/p>\n\n\n\n<p>Le Code de la Propri\u00e9t\u00e9 intellectuelle et, plus g\u00e9n\u00e9ralement, les trait\u00e9s et accords internationaux comportant des dispositions relatives \u00e0 la protection des droits d\u2019auteurs interdisent, quel que soit le proc\u00e9d\u00e9 utilis\u00e9, int\u00e9gralement ou partiellement, la repr\u00e9sentation, la reproduction, pour un usage autre que priv\u00e9 ou la modification sans l\u2019autorisation expresse de l\u2019auteur ou de ses ayants droit des documents du site. <\/p>\n\n\n\n<p>Cependant, la soci\u00e9t\u00e9 Claire Droin conc\u00e8de par la pr\u00e9sente le droit de visualiser, m\u00e9moriser, reproduire et distribuer des exemplaires de tout document contenu dans son site \u00e0 condition que<\/p>\n\n\n\n<ul class=\"wp-block-list\">\n<li>Le document est utilis\u00e9 aux seules fins d\u2019information<\/li>\n\n\n\n<li>Le document est utilis\u00e9 uniquement \u00e0 des fins non lucratives<\/li>\n\n\n\n<li>Les mentions des droits d\u2019auteur soient visibles sur chaque exemplaire\nquand le document est utilis\u00e9<\/li>\n<\/ul>\n\n\n\n<p><\/p>\n\n\n\n<h1 class=\"wp-block-heading\"><strong>GESTION DES DONNEES PERSONNELLES<\/strong><\/h1>\n\n\n\n<p>Personne responsable de la protection des donn\u00e9es personnelles: Claire Droin <a href=\"mailto:clairedroin@pbatitude.com\">clairedroin@pbatitude.com<\/a><\/p>\n\n\n\n<p>Le site <a href=\"https:\/\/pbatitude.com\">https:\/\/pbatitude.com<\/a> ne collecte pas directement de donn\u00e9es personnelles, mais il renvoie sur des sites qui en collectent pour vous permettre de b\u00e9n\u00e9ficier de services tels que la prise de RDV en ligne. Le site <a href=\"https:\/\/pbatitude.com\">https:\/\/pbatitude.com<\/a> utilise aussi &nbsp;les services de Google Analytics pour mesurer anonymement l\u2019audience du site : nombre de visites par jour, pages visit\u00e9es, provenance de votre recherche, etc&nbsp;. Leur politique de confidentialit\u00e9 est accessible directement sur leur site respectif. <\/p>\n\n\n\n<p>Conform\u00e9ment \u00e0 la loi Informatique et Libert\u00e9s du 6 janvier 1978, vous disposez de droits d&rsquo;acc\u00e8s, de rectification et d&rsquo;opposition aux donn\u00e9es personnelles vous concernant. Vous pouvez demander \u00e0 recevoir un fichier contenant toutes les donn\u00e9es personnelles que nous poss\u00e9dons \u00e0 votre sujet, incluant celles que vous nous avez fournies. <\/p>\n\n\n\n<p>Vous pouvez \u00e9galement demander la suppression de vos donn\u00e9es personnelles vous concernant. Cela ne prend pas en compte les donn\u00e9es stock\u00e9es \u00e0 des fins administratives, l\u00e9gales, ou pour des raisons de s\u00e9curit\u00e9. Enfin vous avez le droit d\u2019introduire une r\u00e9clamation (plainte) aupr\u00e8s de la CNIL (Commission Nationale de l&rsquo;Informatique et des Libert\u00e9s.<\/p>\n\n\n\n<h1 class=\"wp-block-heading\"><strong>RECLAMATION ET DISPOSITIF DE MEDIATION DE LA CONSOMMATION<\/strong><\/h1>\n\n\n\n<p>Si vous n&rsquo;\u00eates pas parvenu \u00e0 r\u00e9soudre votre litige apr\u00e8s avoir adress\u00e9 \u00e0 Claire Droin EI une r\u00e9clamation \u00e9crite (courrier ou courriel), dat\u00e9e, rappelant les circonstances qui ont donn\u00e9 lieu au diff\u00e9rend et ce que vous r\u00e9clamez, vous pourrez saisir le m\u00e9diateur de la consommation, d\u00e9sign\u00e9 ci-dessous, si vous avez re\u00e7u une r\u00e9ponse \u00e9crite n\u00e9gative de la part de Claire Droin EI ou pas de r\u00e9ponse deux mois apr\u00e8s l&rsquo;envoi de votre r\u00e9clamation. <\/p>\n\n\n\n<p class=\"has-text-align-center\">Conform\u00e9ment aux articles L.616-1 et R.616-1 du code de la consommation, Claire Droin EI propose un dispositif de m\u00e9diation de la consommation. L&rsquo;entit\u00e9 de m\u00e9diation retenue est : MEDIATION CONSOMMATION DEVELOPPEMENT\/MED CONSO DEV. <\/p>\n\n\n\n<p class=\"has-text-align-center\">En cas de litige, vous pouvez d\u00e9poser votre r\u00e9clamation sur son site : <\/p>\n\n\n\n<p class=\"has-text-align-center\">https:\/\/www.medconsodev.eu <\/p>\n\n\n\n<p class=\"has-text-align-center\">ou par voie postale en \u00e9crivant \u00e0 :<\/p>\n\n\n\n<div class=\"wp-block-group\"><div class=\"wp-block-group__inner-container is-layout-constrained wp-block-group-is-layout-constrained\">\n<p class=\"has-text-align-center\">MEDIATION CONSOMMATION DEVELOPPEMENT \/MED CONSO DEV <\/p>\n\n\n\n<p class=\"has-text-align-center\">Centre d&rsquo;Affaire St\u00e9phanois SAS<\/p>\n\n\n\n<p class=\"has-text-align-center\">IMMEUBLE L&rsquo;HORIZON &#8211; ESPLANADE DE FRANCE<\/p>\n\n\n\n<p class=\"has-text-align-center\">3, RUE J. CONSTANT MILLERET &#8211; 42000 SAINT-ETIENNE<\/p>\n<\/div><\/div>\n","protected":false},"excerpt":{"rendered":"<p>IDENTIFICATION Adresse du site Web : https:\/\/pbatitude.com Propri\u00e9taire&nbsp;: Claire Droin &#8211; 98 impasse de la timoni\u00e8re Liergues 69400 PORTE DES PIERRES DOREES &#8211; France &#8211; E-mail&nbsp;: clairedroin@pbatitude.com Soci\u00e9t\u00e9&nbsp;: Claire Droin &#8211; Entrepreneur Individuel &#8211; 90,route de Frans 69400 VILLEFRANCHE\/SAONE &#8211; France &#8211; N\u00b0 SIRET 835&nbsp;292&nbsp;947 00024 Activit\u00e9&nbsp;: Psycho-Bio-Acupressure &#8211; Code APE 8690F &#8211; Activit\u00e9s de &hellip;<\/p>\n","protected":false},"author":1,"featured_media":0,"parent":0,"menu_order":0,"comment_status":"closed","ping_status":"closed","template":"","meta":{"footnotes":""},"class_list":["post-227","page","type-page","status-publish","hentry","entry entry-center"],"yoast_head":"<!-- This site is optimized with the Yoast SEO plugin v27.4 - https:\/\/yoast.com\/product\/yoast-seo-wordpress\/ -->\n<title>Mentions l\u00e9gales PBAtitude psycho bio acupressure Villefranche<\/title>\n<meta name=\"description\" content=\"auto-entrepreneur acupression Claire Droin Liergues Porte-Des-Pierres-Dor\u00e9es Beaujolais Villefranche sur sa\u00f4ne Tarare PBA\" \/>\n<meta name=\"robots\" content=\"index, follow, max-snippet:-1, max-image-preview:large, max-video-preview:-1\" \/>\n<link rel=\"canonical\" href=\"https:\/\/pbatitude.com\/index.php\/mentions-legales\/\" \/>\n<meta property=\"og:locale\" content=\"fr_FR\" \/>\n<meta property=\"og:type\" content=\"article\" \/>\n<meta property=\"og:title\" content=\"Mentions l\u00e9gales PBAtitude psycho bio acupressure Villefranche\" \/>\n<meta property=\"og:description\" content=\"auto-entrepreneur acupression Claire Droin Liergues Porte-Des-Pierres-Dor\u00e9es Beaujolais Villefranche sur sa\u00f4ne Tarare PBA\" \/>\n<meta property=\"og:url\" content=\"https:\/\/pbatitude.com\/index.php\/mentions-legales\/\" \/>\n<meta property=\"og:site_name\" content=\"PBAtitude\" \/>\n<meta property=\"article:modified_time\" content=\"2025-12-03T08:39:19+00:00\" \/>\n<meta name=\"twitter:card\" content=\"summary_large_image\" \/>\n<meta name=\"twitter:label1\" content=\"Dur\u00e9e de lecture estim\u00e9e\" \/>\n\t<meta name=\"twitter:data1\" content=\"5 minutes\" \/>\n<script type=\"application\/ld+json\" class=\"yoast-schema-graph\">{\"@context\":\"https:\\\/\\\/schema.org\",\"@graph\":[{\"@type\":\"WebPage\",\"@id\":\"https:\\\/\\\/pbatitude.com\\\/index.php\\\/mentions-legales\\\/\",\"url\":\"https:\\\/\\\/pbatitude.com\\\/index.php\\\/mentions-legales\\\/\",\"name\":\"Mentions l\u00e9gales PBAtitude psycho bio acupressure Villefranche\",\"isPartOf\":{\"@id\":\"https:\\\/\\\/pbatitude.com\\\/#website\"},\"datePublished\":\"2019-11-10T15:43:03+00:00\",\"dateModified\":\"2025-12-03T08:39:19+00:00\",\"description\":\"auto-entrepreneur acupression Claire Droin Liergues Porte-Des-Pierres-Dor\u00e9es Beaujolais Villefranche sur sa\u00f4ne Tarare PBA\",\"breadcrumb\":{\"@id\":\"https:\\\/\\\/pbatitude.com\\\/index.php\\\/mentions-legales\\\/#breadcrumb\"},\"inLanguage\":\"fr-FR\",\"potentialAction\":[{\"@type\":\"ReadAction\",\"target\":[\"https:\\\/\\\/pbatitude.com\\\/index.php\\\/mentions-legales\\\/\"]}]},{\"@type\":\"BreadcrumbList\",\"@id\":\"https:\\\/\\\/pbatitude.com\\\/index.php\\\/mentions-legales\\\/#breadcrumb\",\"itemListElement\":[{\"@type\":\"ListItem\",\"position\":1,\"name\":\"Accueil\",\"item\":\"https:\\\/\\\/pbatitude.com\\\/\"},{\"@type\":\"ListItem\",\"position\":2,\"name\":\"Mentions l\u00e9gales\"}]},{\"@type\":\"WebSite\",\"@id\":\"https:\\\/\\\/pbatitude.com\\\/#website\",\"url\":\"https:\\\/\\\/pbatitude.com\\\/\",\"name\":\"PBAtitude\",\"description\":\"A la rencontre de votre nature profonde\",\"potentialAction\":[{\"@type\":\"SearchAction\",\"target\":{\"@type\":\"EntryPoint\",\"urlTemplate\":\"https:\\\/\\\/pbatitude.com\\\/?s={search_term_string}\"},\"query-input\":{\"@type\":\"PropertyValueSpecification\",\"valueRequired\":true,\"valueName\":\"search_term_string\"}}],\"inLanguage\":\"fr-FR\"}]}<\/script>\n<!-- \/ Yoast SEO plugin. -->","yoast_head_json":{"title":"Mentions l\u00e9gales PBAtitude psycho bio acupressure Villefranche","description":"auto-entrepreneur acupression Claire Droin Liergues Porte-Des-Pierres-Dor\u00e9es Beaujolais Villefranche sur sa\u00f4ne Tarare PBA","robots":{"index":"index","follow":"follow","max-snippet":"max-snippet:-1","max-image-preview":"max-image-preview:large","max-video-preview":"max-video-preview:-1"},"canonical":"https:\/\/pbatitude.com\/index.php\/mentions-legales\/","og_locale":"fr_FR","og_type":"article","og_title":"Mentions l\u00e9gales PBAtitude psycho bio acupressure Villefranche","og_description":"auto-entrepreneur acupression Claire Droin Liergues Porte-Des-Pierres-Dor\u00e9es Beaujolais Villefranche sur sa\u00f4ne Tarare PBA","og_url":"https:\/\/pbatitude.com\/index.php\/mentions-legales\/","og_site_name":"PBAtitude","article_modified_time":"2025-12-03T08:39:19+00:00","twitter_card":"summary_large_image","twitter_misc":{"Dur\u00e9e de lecture estim\u00e9e":"5 minutes"},"schema":{"@context":"https:\/\/schema.org","@graph":[{"@type":"WebPage","@id":"https:\/\/pbatitude.com\/index.php\/mentions-legales\/","url":"https:\/\/pbatitude.com\/index.php\/mentions-legales\/","name":"Mentions l\u00e9gales PBAtitude psycho bio acupressure Villefranche","isPartOf":{"@id":"https:\/\/pbatitude.com\/#website"},"datePublished":"2019-11-10T15:43:03+00:00","dateModified":"2025-12-03T08:39:19+00:00","description":"auto-entrepreneur acupression Claire Droin Liergues Porte-Des-Pierres-Dor\u00e9es Beaujolais Villefranche sur sa\u00f4ne Tarare PBA","breadcrumb":{"@id":"https:\/\/pbatitude.com\/index.php\/mentions-legales\/#breadcrumb"},"inLanguage":"fr-FR","potentialAction":[{"@type":"ReadAction","target":["https:\/\/pbatitude.com\/index.php\/mentions-legales\/"]}]},{"@type":"BreadcrumbList","@id":"https:\/\/pbatitude.com\/index.php\/mentions-legales\/#breadcrumb","itemListElement":[{"@type":"ListItem","position":1,"name":"Accueil","item":"https:\/\/pbatitude.com\/"},{"@type":"ListItem","position":2,"name":"Mentions l\u00e9gales"}]},{"@type":"WebSite","@id":"https:\/\/pbatitude.com\/#website","url":"https:\/\/pbatitude.com\/","name":"PBAtitude","description":"A la rencontre de votre nature profonde","potentialAction":[{"@type":"SearchAction","target":{"@type":"EntryPoint","urlTemplate":"https:\/\/pbatitude.com\/?s={search_term_string}"},"query-input":{"@type":"PropertyValueSpecification","valueRequired":true,"valueName":"search_term_string"}}],"inLanguage":"fr-FR"}]}},"_links":{"self":[{"href":"https:\/\/pbatitude.com\/index.php\/wp-json\/wp\/v2\/pages\/227","targetHints":{"allow":["GET"]}}],"collection":[{"href":"https:\/\/pbatitude.com\/index.php\/wp-json\/wp\/v2\/pages"}],"about":[{"href":"https:\/\/pbatitude.com\/index.php\/wp-json\/wp\/v2\/types\/page"}],"author":[{"embeddable":true,"href":"https:\/\/pbatitude.com\/index.php\/wp-json\/wp\/v2\/users\/1"}],"replies":[{"embeddable":true,"href":"https:\/\/pbatitude.com\/index.php\/wp-json\/wp\/v2\/comments?post=227"}],"version-history":[{"count":20,"href":"https:\/\/pbatitude.com\/index.php\/wp-json\/wp\/v2\/pages\/227\/revisions"}],"predecessor-version":[{"id":1393,"href":"https:\/\/pbatitude.com\/index.php\/wp-json\/wp\/v2\/pages\/227\/revisions\/1393"}],"wp:attachment":[{"href":"https:\/\/pbatitude.com\/index.php\/wp-json\/wp\/v2\/media?parent=227"}],"curies":[{"name":"wp","href":"https:\/\/api.w.org\/{rel}","templated":true}]}}