{"id":1054,"date":"2023-06-06T18:59:34","date_gmt":"2023-06-06T16:59:34","guid":{"rendered":"https:\/\/pbatitude.com\/?page_id=1054"},"modified":"2025-03-05T15:09:45","modified_gmt":"2025-03-05T14:09:45","slug":"eco-anxiete","status":"publish","type":"page","link":"https:\/\/pbatitude.com\/index.php\/accueil\/pba-pour-qui\/pba-pour-adultes\/eco-anxiete\/","title":{"rendered":"PBA et \u00e9co-anxi\u00e9t\u00e9"},"content":{"rendered":"\n<p>La peur des bouleversements \u00e9cologiques et de la fin de l\u2019humanit\u00e9, relay\u00e9e par les m\u00e9dias, est \u00e0 la fois collective et individuelle. Cette \u201c\u00e9co-anxi\u00e9t\u00e9\u201d&nbsp; toucherait plus de 70% des 18-34 ans. Qu\u2019est-ce que l\u2019\u00e9co-anxi\u00e9t\u00e9 ? Comment se manifeste-t-elle ? La PBA peut-elle apaiser les \u00e9co-anxieux ? <\/p>\n\n\n\n<figure class=\"wp-block-image size-large\"><img loading=\"lazy\" decoding=\"async\" width=\"1024\" height=\"731\" src=\"https:\/\/pbatitude.com\/wp-content\/uploads\/2023\/06\/dustin-humes-7iy1M95dPDA-unsplash-1024x731.jpg\" alt=\"\" class=\"wp-image-1055\" srcset=\"https:\/\/pbatitude.com\/wp-content\/uploads\/2023\/06\/dustin-humes-7iy1M95dPDA-unsplash-1024x731.jpg 1024w, https:\/\/pbatitude.com\/wp-content\/uploads\/2023\/06\/dustin-humes-7iy1M95dPDA-unsplash-300x214.jpg 300w, https:\/\/pbatitude.com\/wp-content\/uploads\/2023\/06\/dustin-humes-7iy1M95dPDA-unsplash-768x548.jpg 768w, https:\/\/pbatitude.com\/wp-content\/uploads\/2023\/06\/dustin-humes-7iy1M95dPDA-unsplash-1536x1097.jpg 1536w\" sizes=\"auto, (max-width: 1024px) 100vw, 1024px\" \/><\/figure>\n\n\n\n<h2 class=\"wp-block-heading\">Qu\u2019est-ce que l\u2019\u00e9co-anxi\u00e9t\u00e9 ?<\/h2>\n\n\n\n<p>L&rsquo;\u00e9co-anxi\u00e9t\u00e9 (ou \u00e9coanxi\u00e9t\u00e9) est une anxi\u00e9t\u00e9 provoqu\u00e9e par les menaces environnementales qui p\u00e8sent sur la plan\u00e8te bleue, et&nbsp; un sentiment de fatalit\u00e9 face \u00e0 celles-ci. C\u2019est une forme de m\u00e9lancolie, de d\u00e9prime, d\u2019impuissance associ\u00e9e \u00e0 la perception de la crise environnementale que nous connaissons actuellement.&nbsp;<\/p>\n\n\n\n<h2 class=\"wp-block-heading\">Manifestations de l\u2019\u00e9co-anxi\u00e9t\u00e9<\/h2>\n\n\n\n<p>Nous \u00e9prouvons des \u00e9motions face \u00e0 notre environnement. Et si nous, humains, avons longtemps \u00e9prouv\u00e9 un certain m\u00e9pris face \u00e0 la nature, aujourd\u2019hui ces \u00e9motions sont principalement la peur, la tristesse et la col\u00e8re. L\u2019\u00e9co-anxi\u00e9t\u00e9 est l\u2019expression de ces fortes \u00e9motions face \u00e0 la d\u00e9gradation de l\u2019\u00e9tat de la plan\u00e8te, \u00e0 la pollution, au r\u00e9chauffement climatique etc. Elle peut&nbsp; provoquer des sentiments d\u2019angoisse, de frustration, d\u2019impuissance, de culpabilit\u00e9 &#8230; Elle repose sur l\u2019id\u00e9e que l\u2019avenir est compromis et que le monde court \u00e0 sa perte. L\u2019\u00e9co-anxi\u00e9t\u00e9 est un sujet qui pr\u00e9occupe de plus en plus les gens. Si vous ressentez des sympt\u00f4mes d\u2019\u00e9co-anxi\u00e9t\u00e9, il est important d\u2019en parler \u00e0 un professionnel pour obtenir de l\u2019aide .<\/p>\n\n\n\n<h2 class=\"wp-block-heading\">La PBA pour apaiser l\u2019\u00e9co-anxi\u00e9t\u00e9<\/h2>\n\n\n\n<p>M\u00e8re Nature est \u00e9puis\u00e9e, \u00e0 nous de grandir et de la respecter! Il est temps de nous comporter en adulte responsable. L\u2019anxi\u00e9t\u00e9 a ceci de positif : elle nous aide \u00e0 voir ce qu\u2019il se passera si nous ne faisons rien et nous pousse ainsi \u00e0 agir (individuellement et\/ou collectivement).<\/p>\n\n\n\n<p>1\/La PBA agit ponctuellement par l\u2019application de points d\u2019acupressure sur la col\u00e8re, la d\u00e9pression, l\u2019anxi\u00e9t\u00e9. Elle aide \u00e0 l\u00e2cher prise et \u00e0 lutter contre le sentiment d\u2019impuissance. Il est \u00e0 noter que chacun peut appliquer ces points d\u2019acupressure soi-m\u00eame en se r\u00e9f\u00e9rant aux livres du Docteur Pierre-No\u00ebl Delatte.<\/p>\n\n\n\n<p>2\/ Gr\u00e2ce \u00e0 la PBA, le consultant va aussi \u00e9vacuer des m\u00e9moires \u00e9motionnelles inconscientes qui influencent ses perceptions et ses r\u00e9actions. En se lib\u00e9rant ainsi de ses blocages \u00e9motionnels, il mobilise ses propres ressources, pour passer \u00e0 l\u2019action. LA PBA participe au changement de la personne et l\u2019\u00e9co-anxi\u00e9t\u00e9 est durablement apais\u00e9e au bout de quelques s\u00e9ances.<\/p>\n\n\n\n<h2 class=\"wp-block-heading\">Voir aussi :<\/h2>\n\n\n\n<ul class=\"wp-block-list\">\n<li><a href=\"https:\/\/pbatitude.com\/index.php\/accueil\/pba-pour-qui\/pba-pour-adultes\/pba-debarrasser-blocages-emotionnels\/\">PBA pour se d\u00e9barrasser des blocages \u00e9motionnels<\/a><\/li>\n\n\n\n<li><a href=\"https:\/\/pbatitude.com\/index.php\/accueil\/pba-pour-qui\/pba-pour-adultes\/pba-gestion-stress\/\">PBA et gestion du stress<\/a><\/li>\n\n\n\n<li><a href=\"https:\/\/pbatitude.com\/index.php\/accueil\/pba-pour-qui\/pba-pour-adultes\/rester-bonnes-energies-vacances-travail\/\">Comment rester sur de bonnes \u00e9nergies en vacances, au travail ?<\/a><\/li>\n\n\n\n<li><a href=\"https:\/\/pbatitude.com\/index.php\/accueil\/pba-pour-qui\/pba-pour-adultes\/pba-jalousie-couple\/\">PBA et jalousie dans le couple<\/a><\/li>\n\n\n\n<li><a href=\"https:\/\/pbatitude.com\/index.php\/accueil\/pba-pour-qui\/pba-pour-adultes\/pba-cystites\/\">PBA et cystites<\/a><\/li>\n\n\n\n<li><a href=\"https:\/\/pbatitude.com\/index.php\/accueil\/pba-pour-qui\/pba-pour-adultes\/pba-menopause\/\">PBA et m\u00e9nopause<\/a><\/li>\n<\/ul>\n\n\n\n<p>Retour vers <a href=\"https:\/\/pbatitude.com\/index.php\/accueil\/pba-pour-qui\/pba-pour-adultes\/\">PBA pour les adultes<\/a><\/p>\n","protected":false},"excerpt":{"rendered":"<p>La peur des bouleversements \u00e9cologiques et de la fin de l\u2019humanit\u00e9, relay\u00e9e par les m\u00e9dias, est \u00e0 la fois collective et individuelle. Cette \u201c\u00e9co-anxi\u00e9t\u00e9\u201d&nbsp; toucherait plus de 70% des 18-34 ans. Qu\u2019est-ce que l\u2019\u00e9co-anxi\u00e9t\u00e9 ? Comment se manifeste-t-elle ? La PBA peut-elle apaiser les \u00e9co-anxieux ? Qu\u2019est-ce que l\u2019\u00e9co-anxi\u00e9t\u00e9 ? L&rsquo;\u00e9co-anxi\u00e9t\u00e9 (ou \u00e9coanxi\u00e9t\u00e9) est une &hellip;<\/p>\n","protected":false},"author":1,"featured_media":0,"parent":746,"menu_order":7,"comment_status":"closed","ping_status":"closed","template":"","meta":{"footnotes":""},"class_list":["post-1054","page","type-page","status-publish","hentry","entry entry-center"],"yoast_head":"<!-- This site is optimized with the Yoast SEO plugin v27.5 - https:\/\/yoast.com\/product\/yoast-seo-wordpress\/ -->\n<title>PBA et \u00e9co-anxi\u00e9t\u00e9 - PBAtitude<\/title>\n<meta name=\"robots\" content=\"index, follow, max-snippet:-1, max-image-preview:large, max-video-preview:-1\" \/>\n<link rel=\"canonical\" href=\"https:\/\/pbatitude.com\/index.php\/accueil\/pba-pour-qui\/pba-pour-adultes\/eco-anxiete\/\" \/>\n<meta property=\"og:locale\" content=\"fr_FR\" \/>\n<meta property=\"og:type\" content=\"article\" \/>\n<meta property=\"og:title\" content=\"PBA et \u00e9co-anxi\u00e9t\u00e9 - PBAtitude\" \/>\n<meta property=\"og:description\" content=\"La peur des bouleversements \u00e9cologiques et de la fin de l\u2019humanit\u00e9, relay\u00e9e par les m\u00e9dias, est \u00e0 la fois collective et individuelle. Cette \u201c\u00e9co-anxi\u00e9t\u00e9\u201d&nbsp; toucherait plus de 70% des 18-34 ans. Qu\u2019est-ce que l\u2019\u00e9co-anxi\u00e9t\u00e9 ? Comment se manifeste-t-elle ? La PBA peut-elle apaiser les \u00e9co-anxieux ? Qu\u2019est-ce que l\u2019\u00e9co-anxi\u00e9t\u00e9 ? L&rsquo;\u00e9co-anxi\u00e9t\u00e9 (ou \u00e9coanxi\u00e9t\u00e9) est une &hellip;\" \/>\n<meta property=\"og:url\" content=\"https:\/\/pbatitude.com\/index.php\/accueil\/pba-pour-qui\/pba-pour-adultes\/eco-anxiete\/\" \/>\n<meta property=\"og:site_name\" content=\"PBAtitude\" \/>\n<meta property=\"article:modified_time\" content=\"2025-03-05T14:09:45+00:00\" \/>\n<meta property=\"og:image\" content=\"https:\/\/pbatitude.com\/wp-content\/uploads\/2023\/06\/dustin-humes-7iy1M95dPDA-unsplash-1024x731.jpg\" \/>\n<meta name=\"twitter:card\" content=\"summary_large_image\" \/>\n<meta name=\"twitter:label1\" content=\"Dur\u00e9e de lecture estim\u00e9e\" \/>\n\t<meta name=\"twitter:data1\" content=\"3 minutes\" \/>\n<script type=\"application\/ld+json\" class=\"yoast-schema-graph\">{\"@context\":\"https:\\\/\\\/schema.org\",\"@graph\":[{\"@type\":\"WebPage\",\"@id\":\"https:\\\/\\\/pbatitude.com\\\/index.php\\\/accueil\\\/pba-pour-qui\\\/pba-pour-adultes\\\/eco-anxiete\\\/\",\"url\":\"https:\\\/\\\/pbatitude.com\\\/index.php\\\/accueil\\\/pba-pour-qui\\\/pba-pour-adultes\\\/eco-anxiete\\\/\",\"name\":\"PBA et \u00e9co-anxi\u00e9t\u00e9 - PBAtitude\",\"isPartOf\":{\"@id\":\"https:\\\/\\\/pbatitude.com\\\/#website\"},\"primaryImageOfPage\":{\"@id\":\"https:\\\/\\\/pbatitude.com\\\/index.php\\\/accueil\\\/pba-pour-qui\\\/pba-pour-adultes\\\/eco-anxiete\\\/#primaryimage\"},\"image\":{\"@id\":\"https:\\\/\\\/pbatitude.com\\\/index.php\\\/accueil\\\/pba-pour-qui\\\/pba-pour-adultes\\\/eco-anxiete\\\/#primaryimage\"},\"thumbnailUrl\":\"https:\\\/\\\/pbatitude.com\\\/wp-content\\\/uploads\\\/2023\\\/06\\\/dustin-humes-7iy1M95dPDA-unsplash-1024x731.jpg\",\"datePublished\":\"2023-06-06T16:59:34+00:00\",\"dateModified\":\"2025-03-05T14:09:45+00:00\",\"breadcrumb\":{\"@id\":\"https:\\\/\\\/pbatitude.com\\\/index.php\\\/accueil\\\/pba-pour-qui\\\/pba-pour-adultes\\\/eco-anxiete\\\/#breadcrumb\"},\"inLanguage\":\"fr-FR\",\"potentialAction\":[{\"@type\":\"ReadAction\",\"target\":[\"https:\\\/\\\/pbatitude.com\\\/index.php\\\/accueil\\\/pba-pour-qui\\\/pba-pour-adultes\\\/eco-anxiete\\\/\"]}]},{\"@type\":\"ImageObject\",\"inLanguage\":\"fr-FR\",\"@id\":\"https:\\\/\\\/pbatitude.com\\\/index.php\\\/accueil\\\/pba-pour-qui\\\/pba-pour-adultes\\\/eco-anxiete\\\/#primaryimage\",\"url\":\"https:\\\/\\\/pbatitude.com\\\/wp-content\\\/uploads\\\/2023\\\/06\\\/dustin-humes-7iy1M95dPDA-unsplash-scaled.jpg\",\"contentUrl\":\"https:\\\/\\\/pbatitude.com\\\/wp-content\\\/uploads\\\/2023\\\/06\\\/dustin-humes-7iy1M95dPDA-unsplash-scaled.jpg\",\"width\":2560,\"height\":1828},{\"@type\":\"BreadcrumbList\",\"@id\":\"https:\\\/\\\/pbatitude.com\\\/index.php\\\/accueil\\\/pba-pour-qui\\\/pba-pour-adultes\\\/eco-anxiete\\\/#breadcrumb\",\"itemListElement\":[{\"@type\":\"ListItem\",\"position\":1,\"name\":\"Accueil\",\"item\":\"https:\\\/\\\/pbatitude.com\\\/\"},{\"@type\":\"ListItem\",\"position\":2,\"name\":\"ACCUEIL\",\"item\":\"https:\\\/\\\/pbatitude.com\\\/\"},{\"@type\":\"ListItem\",\"position\":3,\"name\":\"A QUI S&rsquo;ADRESSE LA PBA ?\",\"item\":\"https:\\\/\\\/pbatitude.com\\\/index.php\\\/accueil\\\/pba-pour-qui\\\/\"},{\"@type\":\"ListItem\",\"position\":4,\"name\":\"PBA POUR LES ADULTES\",\"item\":\"https:\\\/\\\/pbatitude.com\\\/index.php\\\/accueil\\\/pba-pour-qui\\\/pba-pour-adultes\\\/\"},{\"@type\":\"ListItem\",\"position\":5,\"name\":\"PBA et \u00e9co-anxi\u00e9t\u00e9\"}]},{\"@type\":\"WebSite\",\"@id\":\"https:\\\/\\\/pbatitude.com\\\/#website\",\"url\":\"https:\\\/\\\/pbatitude.com\\\/\",\"name\":\"PBAtitude\",\"description\":\"A la rencontre de votre nature profonde\",\"potentialAction\":[{\"@type\":\"SearchAction\",\"target\":{\"@type\":\"EntryPoint\",\"urlTemplate\":\"https:\\\/\\\/pbatitude.com\\\/?s={search_term_string}\"},\"query-input\":{\"@type\":\"PropertyValueSpecification\",\"valueRequired\":true,\"valueName\":\"search_term_string\"}}],\"inLanguage\":\"fr-FR\"}]}<\/script>\n<!-- \/ Yoast SEO plugin. -->","yoast_head_json":{"title":"PBA et \u00e9co-anxi\u00e9t\u00e9 - PBAtitude","robots":{"index":"index","follow":"follow","max-snippet":"max-snippet:-1","max-image-preview":"max-image-preview:large","max-video-preview":"max-video-preview:-1"},"canonical":"https:\/\/pbatitude.com\/index.php\/accueil\/pba-pour-qui\/pba-pour-adultes\/eco-anxiete\/","og_locale":"fr_FR","og_type":"article","og_title":"PBA et \u00e9co-anxi\u00e9t\u00e9 - PBAtitude","og_description":"La peur des bouleversements \u00e9cologiques et de la fin de l\u2019humanit\u00e9, relay\u00e9e par les m\u00e9dias, est \u00e0 la fois collective et individuelle. Cette \u201c\u00e9co-anxi\u00e9t\u00e9\u201d&nbsp; toucherait plus de 70% des 18-34 ans. Qu\u2019est-ce que l\u2019\u00e9co-anxi\u00e9t\u00e9 ? Comment se manifeste-t-elle ? La PBA peut-elle apaiser les \u00e9co-anxieux ? Qu\u2019est-ce que l\u2019\u00e9co-anxi\u00e9t\u00e9 ? L&rsquo;\u00e9co-anxi\u00e9t\u00e9 (ou \u00e9coanxi\u00e9t\u00e9) est une &hellip;","og_url":"https:\/\/pbatitude.com\/index.php\/accueil\/pba-pour-qui\/pba-pour-adultes\/eco-anxiete\/","og_site_name":"PBAtitude","article_modified_time":"2025-03-05T14:09:45+00:00","og_image":[{"url":"https:\/\/pbatitude.com\/wp-content\/uploads\/2023\/06\/dustin-humes-7iy1M95dPDA-unsplash-1024x731.jpg","type":"","width":"","height":""}],"twitter_card":"summary_large_image","twitter_misc":{"Dur\u00e9e de lecture estim\u00e9e":"3 minutes"},"schema":{"@context":"https:\/\/schema.org","@graph":[{"@type":"WebPage","@id":"https:\/\/pbatitude.com\/index.php\/accueil\/pba-pour-qui\/pba-pour-adultes\/eco-anxiete\/","url":"https:\/\/pbatitude.com\/index.php\/accueil\/pba-pour-qui\/pba-pour-adultes\/eco-anxiete\/","name":"PBA et \u00e9co-anxi\u00e9t\u00e9 - PBAtitude","isPartOf":{"@id":"https:\/\/pbatitude.com\/#website"},"primaryImageOfPage":{"@id":"https:\/\/pbatitude.com\/index.php\/accueil\/pba-pour-qui\/pba-pour-adultes\/eco-anxiete\/#primaryimage"},"image":{"@id":"https:\/\/pbatitude.com\/index.php\/accueil\/pba-pour-qui\/pba-pour-adultes\/eco-anxiete\/#primaryimage"},"thumbnailUrl":"https:\/\/pbatitude.com\/wp-content\/uploads\/2023\/06\/dustin-humes-7iy1M95dPDA-unsplash-1024x731.jpg","datePublished":"2023-06-06T16:59:34+00:00","dateModified":"2025-03-05T14:09:45+00:00","breadcrumb":{"@id":"https:\/\/pbatitude.com\/index.php\/accueil\/pba-pour-qui\/pba-pour-adultes\/eco-anxiete\/#breadcrumb"},"inLanguage":"fr-FR","potentialAction":[{"@type":"ReadAction","target":["https:\/\/pbatitude.com\/index.php\/accueil\/pba-pour-qui\/pba-pour-adultes\/eco-anxiete\/"]}]},{"@type":"ImageObject","inLanguage":"fr-FR","@id":"https:\/\/pbatitude.com\/index.php\/accueil\/pba-pour-qui\/pba-pour-adultes\/eco-anxiete\/#primaryimage","url":"https:\/\/pbatitude.com\/wp-content\/uploads\/2023\/06\/dustin-humes-7iy1M95dPDA-unsplash-scaled.jpg","contentUrl":"https:\/\/pbatitude.com\/wp-content\/uploads\/2023\/06\/dustin-humes-7iy1M95dPDA-unsplash-scaled.jpg","width":2560,"height":1828},{"@type":"BreadcrumbList","@id":"https:\/\/pbatitude.com\/index.php\/accueil\/pba-pour-qui\/pba-pour-adultes\/eco-anxiete\/#breadcrumb","itemListElement":[{"@type":"ListItem","position":1,"name":"Accueil","item":"https:\/\/pbatitude.com\/"},{"@type":"ListItem","position":2,"name":"ACCUEIL","item":"https:\/\/pbatitude.com\/"},{"@type":"ListItem","position":3,"name":"A QUI S&rsquo;ADRESSE LA PBA ?","item":"https:\/\/pbatitude.com\/index.php\/accueil\/pba-pour-qui\/"},{"@type":"ListItem","position":4,"name":"PBA POUR LES ADULTES","item":"https:\/\/pbatitude.com\/index.php\/accueil\/pba-pour-qui\/pba-pour-adultes\/"},{"@type":"ListItem","position":5,"name":"PBA et \u00e9co-anxi\u00e9t\u00e9"}]},{"@type":"WebSite","@id":"https:\/\/pbatitude.com\/#website","url":"https:\/\/pbatitude.com\/","name":"PBAtitude","description":"A la rencontre de votre nature profonde","potentialAction":[{"@type":"SearchAction","target":{"@type":"EntryPoint","urlTemplate":"https:\/\/pbatitude.com\/?s={search_term_string}"},"query-input":{"@type":"PropertyValueSpecification","valueRequired":true,"valueName":"search_term_string"}}],"inLanguage":"fr-FR"}]}},"_links":{"self":[{"href":"https:\/\/pbatitude.com\/index.php\/wp-json\/wp\/v2\/pages\/1054","targetHints":{"allow":["GET"]}}],"collection":[{"href":"https:\/\/pbatitude.com\/index.php\/wp-json\/wp\/v2\/pages"}],"about":[{"href":"https:\/\/pbatitude.com\/index.php\/wp-json\/wp\/v2\/types\/page"}],"author":[{"embeddable":true,"href":"https:\/\/pbatitude.com\/index.php\/wp-json\/wp\/v2\/users\/1"}],"replies":[{"embeddable":true,"href":"https:\/\/pbatitude.com\/index.php\/wp-json\/wp\/v2\/comments?post=1054"}],"version-history":[{"count":6,"href":"https:\/\/pbatitude.com\/index.php\/wp-json\/wp\/v2\/pages\/1054\/revisions"}],"predecessor-version":[{"id":1290,"href":"https:\/\/pbatitude.com\/index.php\/wp-json\/wp\/v2\/pages\/1054\/revisions\/1290"}],"up":[{"embeddable":true,"href":"https:\/\/pbatitude.com\/index.php\/wp-json\/wp\/v2\/pages\/746"}],"wp:attachment":[{"href":"https:\/\/pbatitude.com\/index.php\/wp-json\/wp\/v2\/media?parent=1054"}],"curies":[{"name":"wp","href":"https:\/\/api.w.org\/{rel}","templated":true}]}}